{"id":1436,"date":"2024-12-19T13:35:40","date_gmt":"2024-12-19T13:35:40","guid":{"rendered":"https:\/\/dev.mediadome.at\/szf\/?page_id=1436"},"modified":"2025-01-20T07:20:26","modified_gmt":"2025-01-20T07:20:26","slug":"vermittlung-von-arbeitssuchenden","status":"publish","type":"page","link":"https:\/\/szf.at\/en\/informationen\/fuer-ams-beraterinnen\/vermittlung-von-arbeitssuchenden\/","title":{"rendered":"Vermittlung von Arbeitssuchenden"},"content":{"rendered":"<div data-elementor-type=\"wp-page\" data-elementor-id=\"1436\" class=\"elementor elementor-1436\" data-elementor-post-type=\"page\">\n\t\t\t\t<div data-particle_enable=\"false\" data-particle-mobile-disabled=\"false\" class=\"elementor-element elementor-element-f2256e5 e-con-full e-flex e-con e-parent\" data-id=\"f2256e5\" data-element_type=\"container\" data-settings=\"{&quot;background_background&quot;:&quot;classic&quot;}\">\n\t\t<div data-particle_enable=\"false\" data-particle-mobile-disabled=\"false\" class=\"elementor-element elementor-element-46e1397 e-con-full e-flex e-con e-child\" data-id=\"46e1397\" data-element_type=\"container\">\n\t\t\t\t<div class=\"elementor-element elementor-element-c0abc5e elementor-widget__width-initial elementor-widget elementor-widget-heading\" data-id=\"c0abc5e\" data-element_type=\"widget\" data-widget_type=\"heading.default\">\n\t\t\t\t<div class=\"elementor-widget-container\">\n\t\t\t\t\t<h1 class=\"elementor-heading-title elementor-size-default\">VERMITTLUNG VON ARBEITSSUCHENDEN<\/h1>\t\t\t\t<\/div>\n\t\t\t\t<\/div>\n\t\t\t\t<\/div>\n\t\t\t\t<\/div>\n\t\t<div data-particle_enable=\"false\" data-particle-mobile-disabled=\"false\" class=\"elementor-element elementor-element-84011e8 e-flex e-con-boxed e-con e-parent\" data-id=\"84011e8\" data-element_type=\"container\" data-settings=\"{&quot;background_background&quot;:&quot;classic&quot;}\">\n\t\t\t\t\t<div class=\"e-con-inner\">\n\t\t\t\t<div class=\"elementor-element elementor-element-951455b elementor-widget__width-auto titlelayer elementor-widget elementor-widget-heading\" data-id=\"951455b\" data-element_type=\"widget\" data-widget_type=\"heading.default\">\n\t\t\t\t<div class=\"elementor-widget-container\">\n\t\t\t\t\t<h2 class=\"elementor-heading-title elementor-size-default\">ALLGEMEINE INFORMATIONEN<\/h2>\t\t\t\t<\/div>\n\t\t\t\t<\/div>\n\t\t\t\t<div class=\"elementor-element elementor-element-fceebe4 elementor-widget elementor-widget-text-editor\" data-id=\"fceebe4\" data-element_type=\"widget\" data-widget_type=\"text-editor.default\">\n\t\t\t\t<div class=\"elementor-widget-container\">\n\t\t\t\t\t\t\t\t\t<p>Das SZF ist erfolgreich, wenn die Teilnehmenden beruflich erfolgreich sind. Unser oberstes Ziel ist, dass unsere Absolvent*innen durch kompetenzorientierte Qualifizierungen einen passenden Arbeitsplatz bekommen und sich in der Wirtschaft etablieren k\u00f6nnen.<\/p><p>Mit einer unglaublichen Dynamik ver\u00e4ndert sich der Arbeitsmarkt, und auch die Dienstleistungsangebote im Schulungszentrum Fohnsdorf passen sich den neuen Anforderungen laufend an.\u00a0<\/p><p>Als Schulungszentrum setzen wir den Auftrag des AMS zur beruflichen Qualifizierung um. Um diese Kooperation zu verst\u00e4rken, ist ein AMS Kursbetreuungsb\u00fcro im SZF angesiedelt. Diese Pr\u00e4senz erleichtert die Administration und Organisation der Qualifizierungen. Die Teilnehmenden erfahren eine zus\u00e4tzliche Serviceleistung, da administrative und f\u00f6rdertechnische Angelegenheiten vor Ort vom AMS Kursbetreuungsb\u00fcro \u00fcbernommen werden. Falls Sie noch Fragen haben, steht Ihnen das AMS Kursbetreuungsb\u00fcro gerne zur Seite.<\/p>\t\t\t\t\t\t\t\t<\/div>\n\t\t\t\t<\/div>\n\t\t\t\t\t<\/div>\n\t\t\t\t<\/div>\n\t\t<div data-particle_enable=\"false\" data-particle-mobile-disabled=\"false\" class=\"elementor-element elementor-element-3bea1ce e-flex e-con-boxed e-con e-parent\" data-id=\"3bea1ce\" data-element_type=\"container\" data-settings=\"{&quot;background_background&quot;:&quot;classic&quot;}\">\n\t\t\t\t\t<div class=\"e-con-inner\">\n\t\t\t\t<div class=\"elementor-element elementor-element-cad31dd elementor-widget__width-auto titlelayer elementor-widget elementor-widget-heading\" data-id=\"cad31dd\" data-element_type=\"widget\" data-widget_type=\"heading.default\">\n\t\t\t\t<div class=\"elementor-widget-container\">\n\t\t\t\t\t<h2 class=\"elementor-heading-title elementor-size-default\">FAQ<\/h2>\t\t\t\t<\/div>\n\t\t\t\t<\/div>\n\t\t\t\t\t<\/div>\n\t\t\t\t<\/div>\n\t\t<div data-particle_enable=\"false\" data-particle-mobile-disabled=\"false\" class=\"elementor-element elementor-element-a8752d0 e-flex e-con-boxed e-con e-parent\" data-id=\"a8752d0\" data-element_type=\"container\">\n\t\t\t\t\t<div class=\"e-con-inner\">\n\t\t<div data-particle_enable=\"false\" data-particle-mobile-disabled=\"false\" class=\"elementor-element elementor-element-16db30c e-con-full e-flex e-con e-child\" data-id=\"16db30c\" data-element_type=\"container\">\n\t\t\t\t<div class=\"elementor-element elementor-element-9404e69 elementor-widget elementor-widget-eael-adv-accordion\" data-id=\"9404e69\" data-element_type=\"widget\" data-widget_type=\"eael-adv-accordion.default\">\n\t\t\t\t<div class=\"elementor-widget-container\">\n\t\t\t\t\t        <div class=\"eael-adv-accordion\" id=\"eael-adv-accordion-9404e69\" data-scroll-on-click=\"no\" data-scroll-speed=\"300\" data-accordion-id=\"9404e69\" data-accordion-type=\"toggle\" data-toogle-speed=\"300\">\n    <div class=\"eael-accordion-list\">\n                <div id=\"-wie-kommen-menschen-mit-qualifizierungsbedarf-ins-szf\" class=\"elementor-tab-title eael-accordion-header\" tabindex=\"0\" data-tab=\"1\" aria-controls=\"elementor-tab-content-1551\"><p class=\"eael-accordion-tab-title\"> Wie kommen Menschen mit Qualifizierungsbedarf ins SZF?<\/p><span class=\"eael-advanced-accordion-icon-closed\"><svg aria-hidden=\"true\" class=\"fa-accordion-icon e-font-icon-svg e-fas-plus\" viewbox=\"0 0 448 512\" xmlns=\"http:\/\/www.w3.org\/2000\/svg\"><path d=\"M416 208H272V64c0-17.67-14.33-32-32-32h-32c-17.67 0-32 14.33-32 32v144H32c-17.67 0-32 14.33-32 32v32c0 17.67 14.33 32 32 32h144v144c0 17.67 14.33 32 32 32h32c17.67 0 32-14.33 32-32V304h144c17.67 0 32-14.33 32-32v-32c0-17.67-14.33-32-32-32z\"><\/path><\/svg><\/span><span class=\"eael-advanced-accordion-icon-opened\"><svg aria-hidden=\"true\" class=\"fa-accordion-icon e-font-icon-svg e-fas-minus\" viewbox=\"0 0 448 512\" xmlns=\"http:\/\/www.w3.org\/2000\/svg\"><path d=\"M416 208H32c-17.67 0-32 14.33-32 32v32c0 17.67 14.33 32 32 32h384c17.67 0 32-14.33 32-32v-32c0-17.67-14.33-32-32-32z\"><\/path><\/svg><\/span><\/div><div id=\"elementor-tab-content-1551\" class=\"eael-accordion-content clearfix\" data-tab=\"1\" aria-labelledby=\"-wie-kommen-menschen-mit-qualifizierungsbedarf-ins-szf\"><p>Wenn Sie Kundinnen und Kunden haben, die eine Qualifizierung ben\u00f6tigen, dann k\u00f6nnen Sie diese Personen einfach auf TAS 778310 V1 &#8211; Recruiting f\u00fcr Qualifizierungen im SZF oder auf die TAS 778309 V1 (f\u00fcr AMS Wien) aufbuchen. Bei der Anmeldung auf den Recruiting-TAS bitte um Ausgabe eines eAMS-Kontos an die Kund*innen, sofern dieses noch nicht vorhanden ist.<\/p><p>Wir unterst\u00fctzen Interessierte individuell dabei, die f\u00fcr sie passende berufliche Perspektive zu entwickeln und sich um eine passende Qualifizierung im SZF zu bewerben.<\/p><p>SIE als Berater*in bekommen immer ein Ergebnis von uns. In vielen F\u00e4llen wird das Ergebnis ein konkreter Qualifizierungsvorschlag mit dazugeh\u00f6riger TAS Nummer sein. Falls wir keine Qualifizierung anbieten k\u00f6nnen, kennen Sie die Gr\u00fcnde daf\u00fcr und wenn m\u00f6glich, geben wir eine Empfehlungen f\u00fcr Alternativen mit. Sie erhalten das Ergebnis innerhalb von 2 Arbeitswochen per eAMS-Konto. Nur wenn eine Person einen intensiven Beratungsbedarf hat, kann es entsprechend l\u00e4nger dauern.<\/p><p>Was auch immer eine Person im Zuge des Recruitings ben\u00f6tigt, wir organisieren das rasch, flexibel und unb\u00fcrokratisch, damit Personen mit Qualifizierungsbedarf zeitnah in die richtige Qualifizierung kommen.<\/p><\/div>\n                <\/div><div class=\"eael-accordion-list\">\n                <div id=\"wie-funktioniert-der-recruitingprozess\" class=\"elementor-tab-title eael-accordion-header\" tabindex=\"0\" data-tab=\"2\" aria-controls=\"elementor-tab-content-1552\"><p class=\"eael-accordion-tab-title\">Wie funktioniert der Recruitingprozess?<\/p><span class=\"eael-advanced-accordion-icon-closed\"><svg aria-hidden=\"true\" class=\"fa-accordion-icon e-font-icon-svg e-fas-plus\" viewbox=\"0 0 448 512\" xmlns=\"http:\/\/www.w3.org\/2000\/svg\"><path d=\"M416 208H272V64c0-17.67-14.33-32-32-32h-32c-17.67 0-32 14.33-32 32v144H32c-17.67 0-32 14.33-32 32v32c0 17.67 14.33 32 32 32h144v144c0 17.67 14.33 32 32 32h32c17.67 0 32-14.33 32-32V304h144c17.67 0 32-14.33 32-32v-32c0-17.67-14.33-32-32-32z\"><\/path><\/svg><\/span><span class=\"eael-advanced-accordion-icon-opened\"><svg aria-hidden=\"true\" class=\"fa-accordion-icon e-font-icon-svg e-fas-minus\" viewbox=\"0 0 448 512\" xmlns=\"http:\/\/www.w3.org\/2000\/svg\"><path d=\"M416 208H32c-17.67 0-32 14.33-32 32v32c0 17.67 14.33 32 32 32h384c17.67 0 32-14.33 32-32v-32c0-17.67-14.33-32-32-32z\"><\/path><\/svg><\/span><\/div><div id=\"elementor-tab-content-1552\" class=\"eael-accordion-content clearfix\" data-tab=\"2\" aria-labelledby=\"wie-funktioniert-der-recruitingprozess\"><p>Unser Recruitingprozess wird laufend an die Anforderungen des Arbeitsmarktes angepasst. <span style=\"text-decoration: underline;\">Hier<\/span> finden Sie alle Informationen zum genauen Ablauf.<\/p><\/div>\n                <\/div><div class=\"eael-accordion-list\">\n                <div id=\"-wie-untersttzen-wir-sie-und-die-teilnehmenden-bei-der-vermittlung\" class=\"elementor-tab-title eael-accordion-header\" tabindex=\"0\" data-tab=\"3\" aria-controls=\"elementor-tab-content-1553\"><p class=\"eael-accordion-tab-title\"> Wie unterst\u00fctzen wir Sie und die Teilnehmenden bei der Vermittlung?<\/p><span class=\"eael-advanced-accordion-icon-closed\"><svg aria-hidden=\"true\" class=\"fa-accordion-icon e-font-icon-svg e-fas-plus\" viewbox=\"0 0 448 512\" xmlns=\"http:\/\/www.w3.org\/2000\/svg\"><path d=\"M416 208H272V64c0-17.67-14.33-32-32-32h-32c-17.67 0-32 14.33-32 32v144H32c-17.67 0-32 14.33-32 32v32c0 17.67 14.33 32 32 32h144v144c0 17.67 14.33 32 32 32h32c17.67 0 32-14.33 32-32V304h144c17.67 0 32-14.33 32-32v-32c0-17.67-14.33-32-32-32z\"><\/path><\/svg><\/span><span class=\"eael-advanced-accordion-icon-opened\"><svg aria-hidden=\"true\" class=\"fa-accordion-icon e-font-icon-svg e-fas-minus\" viewbox=\"0 0 448 512\" xmlns=\"http:\/\/www.w3.org\/2000\/svg\"><path d=\"M416 208H32c-17.67 0-32 14.33-32 32v32c0 17.67 14.33 32 32 32h384c17.67 0 32-14.33 32-32v-32c0-17.67-14.33-32-32-32z\"><\/path><\/svg><\/span><\/div><div id=\"elementor-tab-content-1553\" class=\"eael-accordion-content clearfix\" data-tab=\"3\" aria-labelledby=\"-wie-untersttzen-wir-sie-und-die-teilnehmenden-bei-der-vermittlung\"><p>Bereits w\u00e4hrend der Qualifizierung unterst\u00fctzen wir Teilnehmende dabei mit potenziellen Arbeitgeber*innen Kontakte zu kn\u00fcpfen. Dies erfolgt \u00fcber Praktika, Jobmessen, Firmenpr\u00e4sentationen und Betriebsbesichtigungen.<\/p><p>Zus\u00e4tzlich unterst\u00fctzen wir alle Teilnehmenden mit dem individuellen Bewerbungscoaching.<\/p><\/div>\n                <\/div><div class=\"eael-accordion-list\">\n                <div id=\"welche-untersttzungen-bieten-wir-speziell-fr-sfu-beraterinnen-an\" class=\"elementor-tab-title eael-accordion-header\" tabindex=\"0\" data-tab=\"4\" aria-controls=\"elementor-tab-content-1554\"><p class=\"eael-accordion-tab-title\">Welche Unterst\u00fctzungen bieten wir speziell f\u00fcr SfU Berater*innen an?<\/p><span class=\"eael-advanced-accordion-icon-closed\"><svg aria-hidden=\"true\" class=\"fa-accordion-icon e-font-icon-svg e-fas-plus\" viewbox=\"0 0 448 512\" xmlns=\"http:\/\/www.w3.org\/2000\/svg\"><path d=\"M416 208H272V64c0-17.67-14.33-32-32-32h-32c-17.67 0-32 14.33-32 32v144H32c-17.67 0-32 14.33-32 32v32c0 17.67 14.33 32 32 32h144v144c0 17.67 14.33 32 32 32h32c17.67 0 32-14.33 32-32V304h144c17.67 0 32-14.33 32-32v-32c0-17.67-14.33-32-32-32z\"><\/path><\/svg><\/span><span class=\"eael-advanced-accordion-icon-opened\"><svg aria-hidden=\"true\" class=\"fa-accordion-icon e-font-icon-svg e-fas-minus\" viewbox=\"0 0 448 512\" xmlns=\"http:\/\/www.w3.org\/2000\/svg\"><path d=\"M416 208H32c-17.67 0-32 14.33-32 32v32c0 17.67 14.33 32 32 32h384c17.67 0 32-14.33 32-32v-32c0-17.67-14.33-32-32-32z\"><\/path><\/svg><\/span><\/div><div id=\"elementor-tab-content-1554\" class=\"eael-accordion-content clearfix\" data-tab=\"4\" aria-labelledby=\"welche-untersttzungen-bieten-wir-speziell-fr-sfu-beraterinnen-an\"><p>Neben arbeitssuchenden Personen k\u00f6nnen auch Unternehmen und besch\u00e4ftigte Personen von den Angeboten des Schulungszentrum Fohnsdorf profitieren.<\/p><p>Durch die Gr\u00fcndung der Bildungs- und Management-Service GmbH (bms GmbH) k\u00f6nnen alle Qualifizierungen sowie Dienstleistungsangebote auch von Betrieben, Kommunen, Vereinen, Personaldienstleistern und Privatpersonen in Anspruch genommen werden.<\/p><p>\u00dcber die bms GmbH k\u00f6nnen somit berufliche Aus- und Weiterbildungen in den Bereichen Metall-, Schwei\u00df-, Elektro-, CAD-Technik, Transport, Office, Tourismus, IT sowie zus\u00e4tzlich Train The Trainer Angebote durchgef\u00fchrt werden. Die ma\u00dfgeschneiderten Qualifizierungen, ausgerichtet auf die Jobanforderungen des Unternehmens sowie Spezialseminare nach Firmenw\u00fcnsche, k\u00f6nnen \u00fcber AMS F\u00f6rderungsmodelle wie z. B. Qualifizierungsf\u00f6rderung f\u00fcr Besch\u00e4ftigte (QBN), Stiftungen oder Arbeitsplatznahe-Qualifizierung (AQUA) gef\u00f6rdert werden.<\/p><\/div>\n                <\/div><\/div>\t\t\t\t<\/div>\n\t\t\t\t<\/div>\n\t\t\t\t<\/div>\n\t\t\t\t\t<\/div>\n\t\t\t\t<\/div>\n\t\t<div data-particle_enable=\"false\" data-particle-mobile-disabled=\"false\" class=\"elementor-element elementor-element-d8d9a57 e-flex e-con-boxed e-con e-parent\" data-id=\"d8d9a57\" data-element_type=\"container\" data-settings=\"{&quot;background_background&quot;:&quot;classic&quot;}\">\n\t\t\t\t\t<div class=\"e-con-inner\">\n\t\t\t\t<div class=\"elementor-element elementor-element-6b19885 elementor-widget__width-auto titlelayer elementor-widget elementor-widget-heading\" data-id=\"6b19885\" data-element_type=\"widget\" data-widget_type=\"heading.default\">\n\t\t\t\t<div class=\"elementor-widget-container\">\n\t\t\t\t\t<h2 class=\"elementor-heading-title elementor-size-default\">Ansprechpersonen<\/h2>\t\t\t\t<\/div>\n\t\t\t\t<\/div>\n\t\t\t\t<div class=\"elementor-element elementor-element-942dfe4 elementor-widget elementor-widget-text-editor\" data-id=\"942dfe4\" data-element_type=\"widget\" data-widget_type=\"text-editor.default\">\n\t\t\t\t<div class=\"elementor-widget-container\">\n\t\t\t\t\t\t\t\t\t<h4><span style=\"background-color: var( --e-global-color-accent ); text-align: var(--text-align); color: inherit;\">Sie haben noch Fragen?<\/span><\/h4><p>Wir freuen uns \u00fcber Ihren Anruf oder Ihr E-Mail!<\/p>\t\t\t\t\t\t\t\t<\/div>\n\t\t\t\t<\/div>\n\t\t\t\t<div class=\"elementor-element elementor-element-d81b164 team elementor-widget elementor-widget-rttm-team-list\" data-id=\"d81b164\" data-element_type=\"widget\" data-widget_type=\"rttm-team-list.default\">\n\t\t\t\t<div class=\"elementor-widget-container\">\n\t\t\t\t\t<div class=\"rt-team-container rt-elementor-container rt-pos-r rt-team-container-elementor rt-hover-zoom_in\" id=\"rt-team-container-424014467\" data-layout=\"layout2\" data-desktop-col=\"2\" data-tab-col=\"2\" data-mobile-col=\"1\" data-sc-id=\"elementor\" data-rttm-pagination='{\"layout\":\"layout2\",\"dCols\":2,\"tCols\":2,\"mCols\":1,\"postIn\":[],\"postNotIn\":[],\"limit\":12,\"pagination\":false,\"postsPerPage\":\"\",\"order_by\":\"date\",\"order\":\"DESC\",\"department_ids\":[],\"designation_ids\":[\"48\"],\"link\":false,\"fImg\":false,\"fImgSize\":\"team-thumb\",\"customImgSize\":{\"crop\":\"\"},\"character_limit\":0,\"after_short_desc\":\"\",\"read_more_btn_text\":\"\",\"my_resume_text\":\"\",\"hire_me_text\":\"\",\"visibility\":[\"name\",\"designation\",\"short_bio\",\"email\",\"telephone\",\"mobile\",\"social\"],\"social_profiles\":[],\"posts_loading_type\":\"pagination\",\"load_more_text\":\"Load More\",\"relation\":\"OR\",\"iCol\":4,\"gridType\":\"even\",\"linkType\":\"external_link\",\"popupType\":\"single\",\"target\":\"_self\",\"grayscale\":false,\"stripedRow\":false,\"defaultImgId\":null,\"filter_buttons\":false,\"filters\":[],\"taxFilter\":\"team_department\",\"action_term\":0,\"isoFilterTaxonomy\":\"team_department\",\"filterType\":null,\"hide_all_button\":true,\"tItem\":0,\"fShowAll\":false,\"animation\":\"zoom_in\"}'><div data-title=\"Loading ...\" class=\"rt-row rt-content-loader element-loading layout2 ttp-even ttp-pre-loader\"><div class=\"rt-col-md-6 rt-col-sm-6 rt-col-xs-12   even-grid-item rt-grid-item rt-ready-animation animated fadeIn\" data-id=\"2022\"><div class=\"single-team-area\"><div class=\"img-area rt-col-sm-4 rt-col-xs-4\"><figure><img fetchpriority=\"high\" decoding=\"async\" width=\"400\" height=\"400\" src=\"data:image\/gif;base64,R0lGODlhAQABAAAAACH5BAEKAAEALAAAAAABAAEAAAICTAEAOw==\" class=\"img-responsive rt-team-img lazyload\" alt=\"Dagmar Reiter\" data-src=\"https:\/\/szf.at\/wp-content\/uploads\/2025\/01\/Reiter-Dagmar-Profilbild-Google-und-EDU_2021.04.15-400x400.jpg\"><\/figure><\/div><div class=\"rttm-content-area rt-col-sm-8 rt-col-xs-8\"><h3><span class=\"team-name\">Dagmar Reiter<\/span><\/h3><div class=\"tlp-position\">AMS, Kursbetreuung<\/div><div class=\"contact-info\"><ul><li class=\"tlp-email\"><i class=\"far fa-envelope\"><\/i><a href=\"mailto:d.reiter@szf.at\"><span class=\"tlp-email\">d.reiter@szf.at<\/span><\/a><\/li><li class=\"tlp-phone\"><i class=\"fa fa-phone-alt\"><\/i><a href=\"tel: 43 3573 6060 8204\" class=\"tlp-phone\">+43 3573 6060 8204<\/a><\/li><\/ul><\/div><\/div><\/div><\/div><div class=\"rt-col-md-6 rt-col-sm-6 rt-col-xs-12   even-grid-item rt-grid-item rt-ready-animation animated fadeIn\" data-id=\"2020\"><div class=\"single-team-area\"><div class=\"img-area rt-col-sm-4 rt-col-xs-4\"><figure><img decoding=\"async\" width=\"400\" height=\"400\" src=\"data:image\/gif;base64,R0lGODlhAQABAAAAACH5BAEKAAEALAAAAAABAAEAAAICTAEAOw==\" class=\"img-responsive rt-team-img lazyload\" alt=\"Mag.a Sonja Kropf-Tatschl\" data-src=\"https:\/\/szf.at\/wp-content\/uploads\/2025\/01\/Kropf-Tatschl-Sonja-Profilbild-Google-und-EDU_2021.04.14-400x400.jpg\"><\/figure><\/div><div class=\"rttm-content-area rt-col-sm-8 rt-col-xs-8\"><h3><span class=\"team-name\">Mag.&lt;sup&gt;a&lt;\/sup&gt; Sonja Kropf-Tatschl<\/span><\/h3><div class=\"tlp-position\">AMS, Kursbetreuung<\/div><div class=\"contact-info\"><ul><li class=\"tlp-email\"><i class=\"far fa-envelope\"><\/i><a href=\"mailto:s.kropf-tatschl@szf.at\"><span class=\"tlp-email\">s.kropf-tatschl@szf.at<\/span><\/a><\/li><li class=\"tlp-phone\"><i class=\"fa fa-phone-alt\"><\/i><a href=\"tel: 43 3573 6060 8201\" class=\"tlp-phone\">+43 3573 6060 8201<\/a><\/li><\/ul><\/div><\/div><\/div><\/div><div class=\"rt-loading-overlay full-op\"><\/div><div class=\"rt-loading rt-ball-clip-rotate\"><div><\/div><\/div><\/div><\/div>\t\t\t\t<\/div>\n\t\t\t\t<\/div>\n\t\t\t\t\t<\/div>\n\t\t\t\t<\/div>\n\t\t\t\t<\/div>","protected":false},"excerpt":{"rendered":"<p>VERMITTLUNG VON ARBEITSSUCHENDEN ALLGEMEINE INFORMATIONEN Das SZF ist erfolgreich, wenn die Teilnehmenden beruflich erfolgreich sind. Unser oberstes Ziel ist, dass unsere Absolvent*innen durch kompetenzorientierte Qualifizierungen einen passenden Arbeitsplatz bekommen und sich in der Wirtschaft etablieren k\u00f6nnen. Mit einer unglaublichen Dynamik ver\u00e4ndert sich der Arbeitsmarkt, und auch die Dienstleistungsangebote im Schulungszentrum Fohnsdorf passen sich den neuen [&hellip;]<\/p>","protected":false},"author":1,"featured_media":0,"parent":620,"menu_order":0,"comment_status":"closed","ping_status":"closed","template":"","meta":{"footnotes":""},"class_list":["post-1436","page","type-page","status-publish","hentry"],"_links":{"self":[{"href":"https:\/\/szf.at\/en\/wp-json\/wp\/v2\/pages\/1436","targetHints":{"allow":["GET"]}}],"collection":[{"href":"https:\/\/szf.at\/en\/wp-json\/wp\/v2\/pages"}],"about":[{"href":"https:\/\/szf.at\/en\/wp-json\/wp\/v2\/types\/page"}],"author":[{"embeddable":true,"href":"https:\/\/szf.at\/en\/wp-json\/wp\/v2\/users\/1"}],"replies":[{"embeddable":true,"href":"https:\/\/szf.at\/en\/wp-json\/wp\/v2\/comments?post=1436"}],"version-history":[{"count":10,"href":"https:\/\/szf.at\/en\/wp-json\/wp\/v2\/pages\/1436\/revisions"}],"predecessor-version":[{"id":5553,"href":"https:\/\/szf.at\/en\/wp-json\/wp\/v2\/pages\/1436\/revisions\/5553"}],"up":[{"embeddable":true,"href":"https:\/\/szf.at\/en\/wp-json\/wp\/v2\/pages\/620"}],"wp:attachment":[{"href":"https:\/\/szf.at\/en\/wp-json\/wp\/v2\/media?parent=1436"}],"curies":[{"name":"wp","href":"https:\/\/api.w.org\/{rel}","templated":true}]}}