{"id":1456,"date":"2024-12-19T19:02:10","date_gmt":"2024-12-19T19:02:10","guid":{"rendered":"https:\/\/dev.mediadome.at\/szf\/?page_id=1456"},"modified":"2025-01-22T11:29:21","modified_gmt":"2025-01-22T11:29:21","slug":"wohnen","status":"publish","type":"page","link":"https:\/\/szf.at\/en\/ueber-das-szf\/aufenthalt\/wohnen\/","title":{"rendered":"Wohnen"},"content":{"rendered":"<div data-elementor-type=\"wp-page\" data-elementor-id=\"1456\" class=\"elementor elementor-1456\" data-elementor-post-type=\"page\">\n\t\t\t\t<div data-particle_enable=\"false\" data-particle-mobile-disabled=\"false\" class=\"elementor-element elementor-element-b5cb6b7 e-con-full e-flex e-con e-parent\" data-id=\"b5cb6b7\" data-element_type=\"container\" data-settings=\"{&quot;background_background&quot;:&quot;classic&quot;}\">\n\t\t<div data-particle_enable=\"false\" data-particle-mobile-disabled=\"false\" class=\"elementor-element elementor-element-36dd55a e-con-full e-flex e-con e-child\" data-id=\"36dd55a\" data-element_type=\"container\">\n\t\t<div data-particle_enable=\"false\" data-particle-mobile-disabled=\"false\" class=\"elementor-element elementor-element-50b299a e-con-full e-flex e-con e-child\" data-id=\"50b299a\" data-element_type=\"container\" data-settings=\"{&quot;position&quot;:&quot;absolute&quot;}\">\n\t\t\t\t<\/div>\n\t\t\t\t<div class=\"elementor-element elementor-element-503d366 elementor-widget__width-initial elementor-widget elementor-widget-heading\" data-id=\"503d366\" data-element_type=\"widget\" data-widget_type=\"heading.default\">\n\t\t\t\t<div class=\"elementor-widget-container\">\n\t\t\t\t\t<h1 class=\"elementor-heading-title elementor-size-default\">WOHNEN<\/h1>\t\t\t\t<\/div>\n\t\t\t\t<\/div>\n\t\t\t\t<\/div>\n\t\t\t\t<\/div>\n\t\t<div data-particle_enable=\"false\" data-particle-mobile-disabled=\"false\" class=\"elementor-element elementor-element-037f871 e-flex e-con-boxed e-con e-parent\" data-id=\"037f871\" data-element_type=\"container\" data-settings=\"{&quot;background_background&quot;:&quot;classic&quot;}\">\n\t\t\t\t\t<div class=\"e-con-inner\">\n\t\t\t\t<div class=\"elementor-element elementor-element-226f572 elementor-widget__width-auto titlelayer elementor-widget elementor-widget-heading\" data-id=\"226f572\" data-element_type=\"widget\" data-widget_type=\"heading.default\">\n\t\t\t\t<div class=\"elementor-widget-container\">\n\t\t\t\t\t<h2 class=\"elementor-heading-title elementor-size-default\">\u00dcBER UNSERE EINZELZIMMER<\/h2>\t\t\t\t<\/div>\n\t\t\t\t<\/div>\n\t\t\t\t\t<\/div>\n\t\t\t\t<\/div>\n\t\t<div data-particle_enable=\"false\" data-particle-mobile-disabled=\"false\" class=\"elementor-element elementor-element-61a0aa4 e-flex e-con-boxed e-con e-parent\" data-id=\"61a0aa4\" data-element_type=\"container\">\n\t\t\t\t\t<div class=\"e-con-inner\">\n\t\t\t\t<div class=\"elementor-element elementor-element-f62a4fa elementor-widget elementor-widget-text-editor\" data-id=\"f62a4fa\" data-element_type=\"widget\" data-widget_type=\"text-editor.default\">\n\t\t\t\t<div class=\"elementor-widget-container\">\n\t\t\t\t\t\t\t\t\t<p>Um Ihnen gro\u00dfe Umst\u00e4nde durch t\u00e4gliche An- und Abreise zu ersparen, bieten wir f\u00fcr die Zeit der Ausbildung verschiedene Wohnm\u00f6glichkeiten an. Wenn Sie als AMS Teilnehmer*in eine Qualifizierung in <span style=\"text-decoration: underline;\"><strong>Fohnsdorf<\/strong> <\/span>besuchen, dann stehen Ihnen diese Wohnm\u00f6glichkeiten kostenlos zur Verf\u00fcgung, sobald eine t\u00e4gliche An- und Abreise nicht mehr zumutbar ist.<\/p><p>Wir ersuchen Sie, Ihren Bedarf eines Zimmers bereits beim Bewerbungsgespr\u00e4ch bekannt zu geben. Wenn Sie an unserem Standort F\u00fcrstenfeld eine Qualifizierung besuchen, dann kann derzeit leider keine Wohnm\u00f6glichkeit in Aussicht gestellt werden.<\/p><p>Wir bieten 173 Komfortzimmer mit Bad\/WC. Alle Zimmer sind Nichtraucher-Zimmer und mit WLAN ausgestattet.<\/p>\t\t\t\t\t\t\t\t<\/div>\n\t\t\t\t<\/div>\n\t\t\t\t<div class=\"elementor-element elementor-element-b3cfea6 elementor-arrows-position-outside elementor-widget elementor-widget-image-carousel\" data-id=\"b3cfea6\" data-element_type=\"widget\" data-settings=\"{&quot;navigation&quot;:&quot;arrows&quot;,&quot;autoplay&quot;:&quot;yes&quot;,&quot;pause_on_hover&quot;:&quot;yes&quot;,&quot;pause_on_interaction&quot;:&quot;yes&quot;,&quot;autoplay_speed&quot;:5000,&quot;infinite&quot;:&quot;yes&quot;,&quot;speed&quot;:500,&quot;image_spacing_custom&quot;:{&quot;unit&quot;:&quot;px&quot;,&quot;size&quot;:20,&quot;sizes&quot;:[]},&quot;image_spacing_custom_widescreen&quot;:{&quot;unit&quot;:&quot;px&quot;,&quot;size&quot;:&quot;&quot;,&quot;sizes&quot;:[]},&quot;image_spacing_custom_laptop&quot;:{&quot;unit&quot;:&quot;px&quot;,&quot;size&quot;:&quot;&quot;,&quot;sizes&quot;:[]},&quot;image_spacing_custom_tablet_extra&quot;:{&quot;unit&quot;:&quot;px&quot;,&quot;size&quot;:&quot;&quot;,&quot;sizes&quot;:[]},&quot;image_spacing_custom_tablet&quot;:{&quot;unit&quot;:&quot;px&quot;,&quot;size&quot;:&quot;&quot;,&quot;sizes&quot;:[]},&quot;image_spacing_custom_mobile_extra&quot;:{&quot;unit&quot;:&quot;px&quot;,&quot;size&quot;:&quot;&quot;,&quot;sizes&quot;:[]},&quot;image_spacing_custom_mobile&quot;:{&quot;unit&quot;:&quot;px&quot;,&quot;size&quot;:&quot;&quot;,&quot;sizes&quot;:[]}}\" data-widget_type=\"image-carousel.default\">\n\t\t\t\t<div class=\"elementor-widget-container\">\n\t\t\t\t\t\t\t<div class=\"elementor-image-carousel-wrapper swiper\" role=\"region\" aria-roledescription=\"carousel\" aria-label=\"Bild Karussell\" dir=\"ltr\">\n\t\t\t<div class=\"elementor-image-carousel swiper-wrapper swiper-image-stretch\" aria-live=\"off\">\n\t\t\t\t\t\t\t\t<div class=\"swiper-slide\" role=\"group\" aria-roledescription=\"slide\" aria-label=\"1 von 4\"><figure class=\"swiper-slide-inner\"><img decoding=\"async\" class=\"swiper-slide-image\" src=\"https:\/\/szf.at\/wp-content\/uploads\/2025\/01\/INTERNAT_2021-4968-768x512.jpg\" alt=\"\" \/><\/figure><\/div><div class=\"swiper-slide\" role=\"group\" aria-roledescription=\"slide\" aria-label=\"2 von 4\"><figure class=\"swiper-slide-inner\"><img decoding=\"async\" class=\"swiper-slide-image\" src=\"https:\/\/szf.at\/wp-content\/uploads\/2025\/01\/INTERNAT_2021-4967-768x512.jpg\" alt=\"\" \/><\/figure><\/div><div class=\"swiper-slide\" role=\"group\" aria-roledescription=\"slide\" aria-label=\"3 von 4\"><figure class=\"swiper-slide-inner\"><img decoding=\"async\" class=\"swiper-slide-image\" src=\"https:\/\/szf.at\/wp-content\/uploads\/2025\/01\/INTERNAT_2021-4980-768x512.jpg\" alt=\"\" \/><\/figure><\/div><div class=\"swiper-slide\" role=\"group\" aria-roledescription=\"slide\" aria-label=\"4 von 4\"><figure class=\"swiper-slide-inner\"><img decoding=\"async\" class=\"swiper-slide-image\" src=\"https:\/\/szf.at\/wp-content\/uploads\/2025\/01\/INTERNAT_2021-4978-768x512.jpg\" alt=\"\" \/><\/figure><\/div>\t\t\t<\/div>\n\t\t\t\t\t\t\t\t\t\t\t\t<div class=\"elementor-swiper-button elementor-swiper-button-prev\" role=\"button\" tabindex=\"0\">\n\t\t\t\t\t\t<svg aria-hidden=\"true\" class=\"e-font-icon-svg e-eicon-chevron-left\" viewbox=\"0 0 1000 1000\" xmlns=\"http:\/\/www.w3.org\/2000\/svg\"><path d=\"M646 125C629 125 613 133 604 142L308 442C296 454 292 471 292 487 292 504 296 521 308 533L604 854C617 867 629 875 646 875 663 875 679 871 692 858 704 846 713 829 713 812 713 796 708 779 692 767L438 487 692 225C700 217 708 204 708 187 708 171 704 154 692 142 675 129 663 125 646 125Z\"><\/path><\/svg>\t\t\t\t\t<\/div>\n\t\t\t\t\t<div class=\"elementor-swiper-button elementor-swiper-button-next\" role=\"button\" tabindex=\"0\">\n\t\t\t\t\t\t<svg aria-hidden=\"true\" class=\"e-font-icon-svg e-eicon-chevron-right\" viewbox=\"0 0 1000 1000\" xmlns=\"http:\/\/www.w3.org\/2000\/svg\"><path d=\"M696 533C708 521 713 504 713 487 713 471 708 454 696 446L400 146C388 133 375 125 354 125 338 125 325 129 313 142 300 154 292 171 292 187 292 204 296 221 308 233L563 492 304 771C292 783 288 800 288 817 288 833 296 850 308 863 321 871 338 875 354 875 371 875 388 867 400 854L696 533Z\"><\/path><\/svg>\t\t\t\t\t<\/div>\n\t\t\t\t\n\t\t\t\t\t\t\t\t\t<\/div>\n\t\t\t\t\t\t<\/div>\n\t\t\t\t<\/div>\n\t\t\t\t\t<\/div>\n\t\t\t\t<\/div>\n\t\t<div data-particle_enable=\"false\" data-particle-mobile-disabled=\"false\" class=\"elementor-element elementor-element-f6471de e-flex e-con-boxed e-con e-parent\" data-id=\"f6471de\" data-element_type=\"container\" data-settings=\"{&quot;background_background&quot;:&quot;classic&quot;}\">\n\t\t\t\t\t<div class=\"e-con-inner\">\n\t\t\t\t<div class=\"elementor-element elementor-element-277aa44 elementor-widget__width-auto titlelayer elementor-widget elementor-widget-heading\" data-id=\"277aa44\" data-element_type=\"widget\" data-widget_type=\"heading.default\">\n\t\t\t\t<div class=\"elementor-widget-container\">\n\t\t\t\t\t<h2 class=\"elementor-heading-title elementor-size-default\">FAQ<\/h2>\t\t\t\t<\/div>\n\t\t\t\t<\/div>\n\t\t\t\t\t<\/div>\n\t\t\t\t<\/div>\n\t\t<div data-particle_enable=\"false\" data-particle-mobile-disabled=\"false\" class=\"elementor-element elementor-element-1b4f54d1 e-flex e-con-boxed e-con e-parent\" data-id=\"1b4f54d1\" data-element_type=\"container\">\n\t\t\t\t\t<div class=\"e-con-inner\">\n\t\t\t\t<div class=\"elementor-element elementor-element-606834f0 elementor-widget elementor-widget-eael-adv-accordion\" data-id=\"606834f0\" data-element_type=\"widget\" data-widget_type=\"eael-adv-accordion.default\">\n\t\t\t\t<div class=\"elementor-widget-container\">\n\t\t\t\t\t        <div class=\"eael-adv-accordion\" id=\"eael-adv-accordion-606834f0\" data-scroll-on-click=\"no\" data-scroll-speed=\"300\" data-accordion-id=\"606834f0\" data-accordion-type=\"toggle\" data-toogle-speed=\"300\">\n    <div class=\"eael-accordion-list\">\n                <div id=\"wann-habe-ich-anspruch-auf-ein-zimmer\" class=\"elementor-tab-title eael-accordion-header\" tabindex=\"0\" data-tab=\"1\" aria-controls=\"elementor-tab-content-1611\"><p class=\"eael-accordion-tab-title\">Wann habe ich Anspruch auf ein Zimmer?<\/p><span class=\"eael-advanced-accordion-icon-closed\"><svg aria-hidden=\"true\" class=\"fa-accordion-icon e-font-icon-svg e-fas-plus\" viewbox=\"0 0 448 512\" xmlns=\"http:\/\/www.w3.org\/2000\/svg\"><path d=\"M416 208H272V64c0-17.67-14.33-32-32-32h-32c-17.67 0-32 14.33-32 32v144H32c-17.67 0-32 14.33-32 32v32c0 17.67 14.33 32 32 32h144v144c0 17.67 14.33 32 32 32h32c17.67 0 32-14.33 32-32V304h144c17.67 0 32-14.33 32-32v-32c0-17.67-14.33-32-32-32z\"><\/path><\/svg><\/span><span class=\"eael-advanced-accordion-icon-opened\"><svg aria-hidden=\"true\" class=\"fa-accordion-icon e-font-icon-svg e-fas-minus\" viewbox=\"0 0 448 512\" xmlns=\"http:\/\/www.w3.org\/2000\/svg\"><path d=\"M416 208H32c-17.67 0-32 14.33-32 32v32c0 17.67 14.33 32 32 32h384c17.67 0 32-14.33 32-32v-32c0-17.67-14.33-32-32-32z\"><\/path><\/svg><\/span><\/div><div id=\"elementor-tab-content-1611\" class=\"eael-accordion-content clearfix\" data-tab=\"1\" aria-labelledby=\"wann-habe-ich-anspruch-auf-ein-zimmer\"><div class=\"card-information center-block-\"><span id=\"view:_id1:_id2:_id93:repeat1:1:computedField2\" class=\"xspTextComputedField\">Das Schulungszentrum bietet am Standort Fohnsdorf f\u00fcr Teilnehmende, die au\u00dferhalb des Bezirkes Murtal wohnen, Unterkunft und Verpflegung an. Die Kosten daf\u00fcr \u00fcbernimmt das AMS.\u00a0<\/span><\/div><\/div>\n                <\/div><div class=\"eael-accordion-list\">\n                <div id=\"was-kostet-die-verpflegung\" class=\"elementor-tab-title eael-accordion-header\" tabindex=\"0\" data-tab=\"2\" aria-controls=\"elementor-tab-content-1612\"><p class=\"eael-accordion-tab-title\">Was kostet die Verpflegung?<\/p><span class=\"eael-advanced-accordion-icon-closed\"><svg aria-hidden=\"true\" class=\"fa-accordion-icon e-font-icon-svg e-fas-plus\" viewbox=\"0 0 448 512\" xmlns=\"http:\/\/www.w3.org\/2000\/svg\"><path d=\"M416 208H272V64c0-17.67-14.33-32-32-32h-32c-17.67 0-32 14.33-32 32v144H32c-17.67 0-32 14.33-32 32v32c0 17.67 14.33 32 32 32h144v144c0 17.67 14.33 32 32 32h32c17.67 0 32-14.33 32-32V304h144c17.67 0 32-14.33 32-32v-32c0-17.67-14.33-32-32-32z\"><\/path><\/svg><\/span><span class=\"eael-advanced-accordion-icon-opened\"><svg aria-hidden=\"true\" class=\"fa-accordion-icon e-font-icon-svg e-fas-minus\" viewbox=\"0 0 448 512\" xmlns=\"http:\/\/www.w3.org\/2000\/svg\"><path d=\"M416 208H32c-17.67 0-32 14.33-32 32v32c0 17.67 14.33 32 32 32h384c17.67 0 32-14.33 32-32v-32c0-17.67-14.33-32-32-32z\"><\/path><\/svg><\/span><\/div><div id=\"elementor-tab-content-1612\" class=\"eael-accordion-content clearfix\" data-tab=\"2\" aria-labelledby=\"was-kostet-die-verpflegung\"><div class=\"card-information center-block-\"><div class=\"card-information center-block-\"><span id=\"view:_id1:_id2:_id93:repeat1:1:computedField2\" class=\"xspTextComputedField\">Wenn Sie ein Zimmer in Anspruch nehmen, erhalten Sie auch noch Fr\u00fchst\u00fcck und Abendessen, das Sie kostenlos bei uns einnehmen k\u00f6nnen. F\u00fcr alle Teilnehmenden gibt es die M\u00f6glichkeit zu Mittag im SZF zu essen. Sie k\u00f6nnen von Montag-Donnerstag zwischen einem vegetarischen und einem Fleischgericht w\u00e4hlen. Dieser Service ist ausschlie\u00dflich am Standort Fohnsdorf m\u00f6glich.<\/span><\/div><\/div><\/div>\n                <\/div><div class=\"eael-accordion-list\">\n                <div id=\"wann-soll-ich-bekannt-geben-dass-ich-gerne-ein-zimmer-htte\" class=\"elementor-tab-title eael-accordion-header\" tabindex=\"0\" data-tab=\"3\" aria-controls=\"elementor-tab-content-1613\"><p class=\"eael-accordion-tab-title\">Wann soll ich bekannt geben, dass ich gerne ein Zimmer h\u00e4tte?<\/p><span class=\"eael-advanced-accordion-icon-closed\"><svg aria-hidden=\"true\" class=\"fa-accordion-icon e-font-icon-svg e-fas-plus\" viewbox=\"0 0 448 512\" xmlns=\"http:\/\/www.w3.org\/2000\/svg\"><path d=\"M416 208H272V64c0-17.67-14.33-32-32-32h-32c-17.67 0-32 14.33-32 32v144H32c-17.67 0-32 14.33-32 32v32c0 17.67 14.33 32 32 32h144v144c0 17.67 14.33 32 32 32h32c17.67 0 32-14.33 32-32V304h144c17.67 0 32-14.33 32-32v-32c0-17.67-14.33-32-32-32z\"><\/path><\/svg><\/span><span class=\"eael-advanced-accordion-icon-opened\"><svg aria-hidden=\"true\" class=\"fa-accordion-icon e-font-icon-svg e-fas-minus\" viewbox=\"0 0 448 512\" xmlns=\"http:\/\/www.w3.org\/2000\/svg\"><path d=\"M416 208H32c-17.67 0-32 14.33-32 32v32c0 17.67 14.33 32 32 32h384c17.67 0 32-14.33 32-32v-32c0-17.67-14.33-32-32-32z\"><\/path><\/svg><\/span><\/div><div id=\"elementor-tab-content-1613\" class=\"eael-accordion-content clearfix\" data-tab=\"3\" aria-labelledby=\"wann-soll-ich-bekannt-geben-dass-ich-gerne-ein-zimmer-htte\"><p>Vor Ihrem ersten Qualifizierungstag reservieren wir automatisch ein Zimmer f\u00fcr Sie. Falls Sie nach einer l\u00e4ngeren Home-Office-Phase wieder ins SZF kommen und ein Zimmer ben\u00f6tigen, bitten wir Sie das mindestens 3 Tage im Voraus bekanntzugeben.\u00a0<\/p><\/div>\n                <\/div><div class=\"eael-accordion-list\">\n                <div id=\"was-muss-ich-bei-dem-bezug-eines-zimmers-beachten\" class=\"elementor-tab-title eael-accordion-header\" tabindex=\"0\" data-tab=\"4\" aria-controls=\"elementor-tab-content-1614\"><p class=\"eael-accordion-tab-title\">Was muss ich bei dem Bezug eines Zimmers beachten?<\/p><span class=\"eael-advanced-accordion-icon-closed\"><svg aria-hidden=\"true\" class=\"fa-accordion-icon e-font-icon-svg e-fas-plus\" viewbox=\"0 0 448 512\" xmlns=\"http:\/\/www.w3.org\/2000\/svg\"><path d=\"M416 208H272V64c0-17.67-14.33-32-32-32h-32c-17.67 0-32 14.33-32 32v144H32c-17.67 0-32 14.33-32 32v32c0 17.67 14.33 32 32 32h144v144c0 17.67 14.33 32 32 32h32c17.67 0 32-14.33 32-32V304h144c17.67 0 32-14.33 32-32v-32c0-17.67-14.33-32-32-32z\"><\/path><\/svg><\/span><span class=\"eael-advanced-accordion-icon-opened\"><svg aria-hidden=\"true\" class=\"fa-accordion-icon e-font-icon-svg e-fas-minus\" viewbox=\"0 0 448 512\" xmlns=\"http:\/\/www.w3.org\/2000\/svg\"><path d=\"M416 208H32c-17.67 0-32 14.33-32 32v32c0 17.67 14.33 32 32 32h384c17.67 0 32-14.33 32-32v-32c0-17.67-14.33-32-32-32z\"><\/path><\/svg><\/span><\/div><div id=\"elementor-tab-content-1614\" class=\"eael-accordion-content clearfix\" data-tab=\"4\" aria-labelledby=\"was-muss-ich-bei-dem-bezug-eines-zimmers-beachten\"><p>Die ersten 14 Tage stellt das Schulungszentrum Fohnsdorf Bettw\u00e4sche sowie Hand- und Badet\u00fccher zur Verf\u00fcgung. Danach ist die Bettw\u00e4sche sowie Hand- und Badet\u00fccher von Ihnen selbst mitzubringen und zu beziehen.<\/p><\/div>\n                <\/div><div class=\"eael-accordion-list\">\n                <div id=\"darf-ich-elektrische-haushaltsgerte-mitnehmen\" class=\"elementor-tab-title eael-accordion-header\" tabindex=\"0\" data-tab=\"5\" aria-controls=\"elementor-tab-content-1615\"><p class=\"eael-accordion-tab-title\">Darf ich elektrische Haushaltsger\u00e4te mitnehmen?<\/p><span class=\"eael-advanced-accordion-icon-closed\"><svg aria-hidden=\"true\" class=\"fa-accordion-icon e-font-icon-svg e-fas-plus\" viewbox=\"0 0 448 512\" xmlns=\"http:\/\/www.w3.org\/2000\/svg\"><path d=\"M416 208H272V64c0-17.67-14.33-32-32-32h-32c-17.67 0-32 14.33-32 32v144H32c-17.67 0-32 14.33-32 32v32c0 17.67 14.33 32 32 32h144v144c0 17.67 14.33 32 32 32h32c17.67 0 32-14.33 32-32V304h144c17.67 0 32-14.33 32-32v-32c0-17.67-14.33-32-32-32z\"><\/path><\/svg><\/span><span class=\"eael-advanced-accordion-icon-opened\"><svg aria-hidden=\"true\" class=\"fa-accordion-icon e-font-icon-svg e-fas-minus\" viewbox=\"0 0 448 512\" xmlns=\"http:\/\/www.w3.org\/2000\/svg\"><path d=\"M416 208H32c-17.67 0-32 14.33-32 32v32c0 17.67 14.33 32 32 32h384c17.67 0 32-14.33 32-32v-32c0-17.67-14.33-32-32-32z\"><\/path><\/svg><\/span><\/div><div id=\"elementor-tab-content-1615\" class=\"eael-accordion-content clearfix\" data-tab=\"5\" aria-labelledby=\"darf-ich-elektrische-haushaltsgerte-mitnehmen\"><p>Aus Brandschutzgr\u00fcnden ist es untersagt elektrische Haushaltsger\u00e4te wie Wasserkocher, Kaffeemaschine, Herdplatte, K\u00fchlschrank oder \u00c4hnliches mitzubringen.\u00a0<\/p><\/div>\n                <\/div><div class=\"eael-accordion-list\">\n                <div id=\"darf-ich-mein-haustier-mitnehmen\" class=\"elementor-tab-title eael-accordion-header\" tabindex=\"0\" data-tab=\"6\" aria-controls=\"elementor-tab-content-1616\"><p class=\"eael-accordion-tab-title\">Darf ich mein Haustier mitnehmen?<\/p><span class=\"eael-advanced-accordion-icon-closed\"><svg aria-hidden=\"true\" class=\"fa-accordion-icon e-font-icon-svg e-fas-plus\" viewbox=\"0 0 448 512\" xmlns=\"http:\/\/www.w3.org\/2000\/svg\"><path d=\"M416 208H272V64c0-17.67-14.33-32-32-32h-32c-17.67 0-32 14.33-32 32v144H32c-17.67 0-32 14.33-32 32v32c0 17.67 14.33 32 32 32h144v144c0 17.67 14.33 32 32 32h32c17.67 0 32-14.33 32-32V304h144c17.67 0 32-14.33 32-32v-32c0-17.67-14.33-32-32-32z\"><\/path><\/svg><\/span><span class=\"eael-advanced-accordion-icon-opened\"><svg aria-hidden=\"true\" class=\"fa-accordion-icon e-font-icon-svg e-fas-minus\" viewbox=\"0 0 448 512\" xmlns=\"http:\/\/www.w3.org\/2000\/svg\"><path d=\"M416 208H32c-17.67 0-32 14.33-32 32v32c0 17.67 14.33 32 32 32h384c17.67 0 32-14.33 32-32v-32c0-17.67-14.33-32-32-32z\"><\/path><\/svg><\/span><\/div><div id=\"elementor-tab-content-1616\" class=\"eael-accordion-content clearfix\" data-tab=\"6\" aria-labelledby=\"darf-ich-mein-haustier-mitnehmen\"><p>Das Mitbringen von Tieren in die R\u00e4umlichkeiten de SZF ist &#8211; mit Ausnahme von Begleittieren f\u00fcr Menschen mit Behinderung &#8211; verboten.\u00a0<\/p><\/div>\n                <\/div><div class=\"eael-accordion-list\">\n                <div id=\"welche-ausstattung-gibt-es\" class=\"elementor-tab-title eael-accordion-header\" tabindex=\"0\" data-tab=\"7\" aria-controls=\"elementor-tab-content-1617\"><p class=\"eael-accordion-tab-title\">Welche Ausstattung gibt es?<\/p><span class=\"eael-advanced-accordion-icon-closed\"><svg aria-hidden=\"true\" class=\"fa-accordion-icon e-font-icon-svg e-fas-plus\" viewbox=\"0 0 448 512\" xmlns=\"http:\/\/www.w3.org\/2000\/svg\"><path d=\"M416 208H272V64c0-17.67-14.33-32-32-32h-32c-17.67 0-32 14.33-32 32v144H32c-17.67 0-32 14.33-32 32v32c0 17.67 14.33 32 32 32h144v144c0 17.67 14.33 32 32 32h32c17.67 0 32-14.33 32-32V304h144c17.67 0 32-14.33 32-32v-32c0-17.67-14.33-32-32-32z\"><\/path><\/svg><\/span><span class=\"eael-advanced-accordion-icon-opened\"><svg aria-hidden=\"true\" class=\"fa-accordion-icon e-font-icon-svg e-fas-minus\" viewbox=\"0 0 448 512\" xmlns=\"http:\/\/www.w3.org\/2000\/svg\"><path d=\"M416 208H32c-17.67 0-32 14.33-32 32v32c0 17.67 14.33 32 32 32h384c17.67 0 32-14.33 32-32v-32c0-17.67-14.33-32-32-32z\"><\/path><\/svg><\/span><\/div><div id=\"elementor-tab-content-1617\" class=\"eael-accordion-content clearfix\" data-tab=\"7\" aria-labelledby=\"welche-ausstattung-gibt-es\"><p>Jedes Einzelzimmer verf\u00fcgt \u00fcber ein eigenes Badezimmer. Neben einem Bett und einem Arbeitsplatz mit Schreibtisch bietet das Zimmer ausreichend Stauraum f\u00fcr Ihre pers\u00f6nlichen Gegenst\u00e4nde.<\/p><\/div>\n                <\/div><\/div>\t\t\t\t<\/div>\n\t\t\t\t<\/div>\n\t\t\t\t\t<\/div>\n\t\t\t\t<\/div>\n\t\t<div data-particle_enable=\"false\" data-particle-mobile-disabled=\"false\" class=\"elementor-element elementor-element-4efb9756 e-flex e-con-boxed e-con e-parent\" data-id=\"4efb9756\" data-element_type=\"container\" data-settings=\"{&quot;background_background&quot;:&quot;classic&quot;}\">\n\t\t\t\t\t<div class=\"e-con-inner\">\n\t\t\t\t<div class=\"elementor-element elementor-element-20efd268 elementor-widget__width-auto titlelayer elementor-widget elementor-widget-heading\" data-id=\"20efd268\" data-element_type=\"widget\" data-widget_type=\"heading.default\">\n\t\t\t\t<div class=\"elementor-widget-container\">\n\t\t\t\t\t<h2 class=\"elementor-heading-title elementor-size-default\">Ansprechpersonen<\/h2>\t\t\t\t<\/div>\n\t\t\t\t<\/div>\n\t\t\t\t<div class=\"elementor-element elementor-element-3d1ff21c elementor-widget elementor-widget-text-editor\" data-id=\"3d1ff21c\" data-element_type=\"widget\" data-widget_type=\"text-editor.default\">\n\t\t\t\t<div class=\"elementor-widget-container\">\n\t\t\t\t\t\t\t\t\t<h4><span style=\"background-color: var( --e-global-color-accent ); text-align: var(--text-align); color: inherit;\">Sie haben noch Fragen?<\/span><\/h4><p>Wir freuen uns \u00fcber Ihren Anruf oder Ihr E-Mail!<\/p>\t\t\t\t\t\t\t\t<\/div>\n\t\t\t\t<\/div>\n\t\t\t\t<div class=\"elementor-element elementor-element-70219af3 team elementor-widget elementor-widget-rttm-team-list\" data-id=\"70219af3\" data-element_type=\"widget\" data-widget_type=\"rttm-team-list.default\">\n\t\t\t\t<div class=\"elementor-widget-container\">\n\t\t\t\t\t<div class=\"rt-team-container rt-elementor-container rt-pos-r rt-team-container-elementor rt-hover-zoom_in\" id=\"rt-team-container-2554562451\" data-layout=\"layout2\" data-desktop-col=\"2\" data-tab-col=\"2\" data-mobile-col=\"1\" data-sc-id=\"elementor\" data-rttm-pagination='{\"layout\":\"layout2\",\"dCols\":2,\"tCols\":2,\"mCols\":1,\"postIn\":[\"2059\"],\"postNotIn\":[],\"limit\":12,\"pagination\":false,\"postsPerPage\":\"\",\"order_by\":\"date\",\"order\":\"DESC\",\"department_ids\":[],\"designation_ids\":[],\"link\":false,\"fImg\":false,\"fImgSize\":\"team-thumb\",\"customImgSize\":{\"crop\":\"\"},\"character_limit\":0,\"after_short_desc\":\"\",\"read_more_btn_text\":\"\",\"my_resume_text\":\"\",\"hire_me_text\":\"\",\"visibility\":[\"name\",\"designation\",\"short_bio\",\"email\",\"telephone\",\"mobile\",\"social\"],\"social_profiles\":[],\"posts_loading_type\":\"pagination\",\"load_more_text\":\"Load More\",\"relation\":\"OR\",\"iCol\":4,\"gridType\":\"even\",\"linkType\":\"external_link\",\"popupType\":\"single\",\"target\":\"_self\",\"grayscale\":false,\"stripedRow\":false,\"defaultImgId\":null,\"filter_buttons\":false,\"filters\":[],\"taxFilter\":\"team_department\",\"action_term\":0,\"isoFilterTaxonomy\":\"team_department\",\"filterType\":null,\"hide_all_button\":true,\"tItem\":0,\"fShowAll\":false,\"animation\":\"zoom_in\"}'><div data-title=\"Loading ...\" class=\"rt-row rt-content-loader element-loading layout2 ttp-even ttp-pre-loader\"><div class=\"rt-col-md-6 rt-col-sm-6 rt-col-xs-12   even-grid-item rt-grid-item rt-ready-animation animated fadeIn\" data-id=\"2059\"><div class=\"single-team-area\"><div class=\"img-area rt-col-sm-4 rt-col-xs-4\"><figure><img fetchpriority=\"high\" decoding=\"async\" width=\"400\" height=\"400\" src=\"data:image\/gif;base64,R0lGODlhAQABAAAAACH5BAEKAAEALAAAAAABAAEAAAICTAEAOw==\" class=\"img-responsive rt-team-img lazyload\" alt=\"Erwin Gronald\" data-src=\"https:\/\/szf.at\/wp-content\/uploads\/2025\/01\/Gronald_Erwin-8546-scaled-e1735890026708-400x400.jpg\"><\/figure><\/div><div class=\"rttm-content-area rt-col-sm-8 rt-col-xs-8\"><h3><span class=\"team-name\">Erwin Gronald<\/span><\/h3><div class=\"tlp-position\">Kund*innenservice, Mitarbeiter<\/div><div class=\"contact-info\"><ul><li class=\"tlp-email\"><i class=\"far fa-envelope\"><\/i><a href=\"mailto:e.gronald@szf.at\"><span class=\"tlp-email\">e.gronald@szf.at<\/span><\/a><\/li><li class=\"tlp-phone\"><i class=\"fa fa-phone-alt\"><\/i><a href=\"tel: 43 3573 6060 1077\" class=\"tlp-phone\">+43 3573 6060 1077<\/a><\/li><\/ul><\/div><\/div><\/div><\/div><div class=\"rt-loading-overlay full-op\"><\/div><div class=\"rt-loading rt-ball-clip-rotate\"><div><\/div><\/div><\/div><\/div>\t\t\t\t<\/div>\n\t\t\t\t<\/div>\n\t\t\t\t\t<\/div>\n\t\t\t\t<\/div>\n\t\t\t\t<\/div>","protected":false},"excerpt":{"rendered":"<p>WOHNEN \u00dcBER UNSERE EINZELZIMMER Um Ihnen gro\u00dfe Umst\u00e4nde durch t\u00e4gliche An- und Abreise zu ersparen, bieten wir f\u00fcr die Zeit der Ausbildung verschiedene Wohnm\u00f6glichkeiten an. Wenn Sie als AMS Teilnehmer*in eine Qualifizierung in Fohnsdorf besuchen, dann stehen Ihnen diese Wohnm\u00f6glichkeiten kostenlos zur Verf\u00fcgung, sobald eine t\u00e4gliche An- und Abreise nicht mehr zumutbar ist. Wir ersuchen [&hellip;]<\/p>","protected":false},"author":1,"featured_media":0,"parent":268,"menu_order":0,"comment_status":"closed","ping_status":"closed","template":"","meta":{"footnotes":""},"class_list":["post-1456","page","type-page","status-publish","hentry"],"_links":{"self":[{"href":"https:\/\/szf.at\/en\/wp-json\/wp\/v2\/pages\/1456","targetHints":{"allow":["GET"]}}],"collection":[{"href":"https:\/\/szf.at\/en\/wp-json\/wp\/v2\/pages"}],"about":[{"href":"https:\/\/szf.at\/en\/wp-json\/wp\/v2\/types\/page"}],"author":[{"embeddable":true,"href":"https:\/\/szf.at\/en\/wp-json\/wp\/v2\/users\/1"}],"replies":[{"embeddable":true,"href":"https:\/\/szf.at\/en\/wp-json\/wp\/v2\/comments?post=1456"}],"version-history":[{"count":16,"href":"https:\/\/szf.at\/en\/wp-json\/wp\/v2\/pages\/1456\/revisions"}],"predecessor-version":[{"id":6543,"href":"https:\/\/szf.at\/en\/wp-json\/wp\/v2\/pages\/1456\/revisions\/6543"}],"up":[{"embeddable":true,"href":"https:\/\/szf.at\/en\/wp-json\/wp\/v2\/pages\/268"}],"wp:attachment":[{"href":"https:\/\/szf.at\/en\/wp-json\/wp\/v2\/media?parent=1456"}],"curies":[{"name":"wp","href":"https:\/\/api.w.org\/{rel}","templated":true}]}}