{"id":1469,"date":"2024-12-17T06:54:40","date_gmt":"2024-12-17T06:54:40","guid":{"rendered":"https:\/\/dev.mediadome.at\/szf\/?page_id=1469"},"modified":"2025-01-16T13:29:36","modified_gmt":"2025-01-16T13:29:36","slug":"vision-und-zielsetzung","status":"publish","type":"page","link":"https:\/\/szf.at\/en\/ueber-das-szf\/vision-und-zielsetzung\/","title":{"rendered":"Vision und Zielsetzung"},"content":{"rendered":"<div data-elementor-type=\"wp-page\" data-elementor-id=\"1469\" class=\"elementor elementor-1469\" data-elementor-post-type=\"page\">\n\t\t\t\t<div data-particle_enable=\"false\" data-particle-mobile-disabled=\"false\" class=\"elementor-element elementor-element-b5cb6b7 e-con-full e-flex e-con e-parent\" data-id=\"b5cb6b7\" data-element_type=\"container\" data-settings=\"{&quot;background_background&quot;:&quot;classic&quot;}\">\n\t\t<div data-particle_enable=\"false\" data-particle-mobile-disabled=\"false\" class=\"elementor-element elementor-element-44b7266 e-con-full e-flex e-con e-child\" data-id=\"44b7266\" data-element_type=\"container\" data-settings=\"{&quot;background_background&quot;:&quot;classic&quot;}\">\n\t\t<div data-particle_enable=\"false\" data-particle-mobile-disabled=\"false\" class=\"elementor-element elementor-element-b84fea2 e-con-full e-flex e-con e-child\" data-id=\"b84fea2\" data-element_type=\"container\">\n\t\t<div data-particle_enable=\"false\" data-particle-mobile-disabled=\"false\" class=\"elementor-element elementor-element-92574ad e-con-full e-flex e-con e-child\" data-id=\"92574ad\" data-element_type=\"container\" data-settings=\"{&quot;position&quot;:&quot;absolute&quot;}\">\n\t\t\t\t<\/div>\n\t\t\t\t<div class=\"elementor-element elementor-element-5f9e42e elementor-widget__width-initial elementor-widget elementor-widget-heading\" data-id=\"5f9e42e\" data-element_type=\"widget\" data-widget_type=\"heading.default\">\n\t\t\t\t<div class=\"elementor-widget-container\">\n\t\t\t\t\t<h1 class=\"elementor-heading-title elementor-size-default\">VISION UND ZIELSETZUNG<\/h1>\t\t\t\t<\/div>\n\t\t\t\t<\/div>\n\t\t\t\t<\/div>\n\t\t\t\t<\/div>\n\t\t\t\t<\/div>\n\t\t<div data-particle_enable=\"false\" data-particle-mobile-disabled=\"false\" class=\"elementor-element elementor-element-f6471de e-flex e-con-boxed e-con e-parent\" data-id=\"f6471de\" data-element_type=\"container\" data-settings=\"{&quot;background_background&quot;:&quot;classic&quot;}\">\n\t\t\t\t\t<div class=\"e-con-inner\">\n\t\t\t\t<div class=\"elementor-element elementor-element-277aa44 elementor-widget__width-auto titlelayer elementor-widget elementor-widget-heading\" data-id=\"277aa44\" data-element_type=\"widget\" data-widget_type=\"heading.default\">\n\t\t\t\t<div class=\"elementor-widget-container\">\n\t\t\t\t\t<h2 class=\"elementor-heading-title elementor-size-default\">Unser Selbstverst\u00e4ndnis<\/h2>\t\t\t\t<\/div>\n\t\t\t\t<\/div>\n\t\t\t\t\t<\/div>\n\t\t\t\t<\/div>\n\t\t<div data-particle_enable=\"false\" data-particle-mobile-disabled=\"false\" class=\"elementor-element elementor-element-61a0aa4 e-flex e-con-boxed e-con e-parent\" data-id=\"61a0aa4\" data-element_type=\"container\">\n\t\t\t\t\t<div class=\"e-con-inner\">\n\t\t\t\t<div class=\"elementor-element elementor-element-f62a4fa elementor-widget elementor-widget-text-editor\" data-id=\"f62a4fa\" data-element_type=\"widget\" data-widget_type=\"text-editor.default\">\n\t\t\t\t<div class=\"elementor-widget-container\">\n\t\t\t\t\t\t\t\t\t<h4>Innerer Antrieb und Mission<\/h4><p>Allen Aktivit\u00e4ten und Angeboten des SZF liegt ein gemeinsames Anliegen zugrunde, das gleichzeitig seinen inneren Antrieb ausmacht:<\/p><p><em><strong>\u201cDie Zukunftsf\u00e4higkeit von Menschen und Betrieben liegt uns am Herzen. <\/strong><\/em><em><strong>Daf\u00fcr arbeiten wir!\u201c<\/strong><\/em><\/p><p><span style=\"font-weight: 400;\">Das SZF f\u00f6rdert den Dialog zwischen Arbeitsmarkt, beruflicher Bildung und Wirtschaft. Es stellt den Menschen mit seiner ganzheitlichen Kompetenzentwicklung in den Mittelpunkt. Die Entscheidungsprozesse werden von den drei Werten <\/span><b>\u201emiteinander \u2013 innovativ \u2013 professionell\u201c<\/b><span style=\"font-weight: 400;\"> bestimmt. Das SZF versteht sich als ein Haus der Begegnung, in dem Dialoge, Foren und Meinungsaustausch zu arbeitsmarktpolitischen, bildungspolitischen und kulturellen Themen gef\u00f6rdert werden, um so eine Gespr\u00e4chskultur mit gesellschaftlicher Dimension und L\u00f6sungsorientierung zu pflegen.<\/span><\/p><p>Menschen sind zukunftsf\u00e4hig, wenn sie aufgrund ihrer beruflichen Handlungskompetenzen einer existenzsichernden Arbeit nachgehen k\u00f6nnen. F\u00fcr die Zukunftsf\u00e4higkeit von Betrieben sind kompetente Mitarbeiter*innen auf allen Positionen und horizontalen Ebenen entscheidend. Das SZF versteht sich als Plattform, die Betriebe und arbeitssuchende Menschen miteinander verbindet und beide mit den jeweils passenden individuellen Qualifizierungs- und Dienstleistungsangeboten bei der Erhaltung bzw. der Erweiterung ihrer Zukunftsf\u00e4higkeit unterst\u00fctzt.<\/p><p>Welche beruflichen Handlungskompetenzen gefragt sind, h\u00e4ngt stark von der jeweils aktuellen Situation der Wirtschaft sowie der Arbeitsmarktlage ab. J\u00fcngste Krisen haben gezeigt, dass sich beides sehr rasch ver\u00e4ndern und teilweise auch in entgegengesetzte Extreme ausschlagen kann. Die \u00fcbergeordnete strategische Zielsetzung des SZF ist daher, auch f\u00fcr unplanbare und kurzfristig auftretende Bedarfe zeitnah, flexibel und zielgerichtet die individuell passenden Angebote f\u00fcr Menschen und Betriebe bereitzustellen und sie miteinander zu vernetzen.\u00a0<\/p>\t\t\t\t\t\t\t\t<\/div>\n\t\t\t\t<\/div>\n\t\t<div data-particle_enable=\"false\" data-particle-mobile-disabled=\"false\" class=\"elementor-element elementor-element-74b8f62 e-con-full e-flex e-con e-child\" data-id=\"74b8f62\" data-element_type=\"container\">\n\t\t\t\t<\/div>\n\t\t\t\t\t<\/div>\n\t\t\t\t<\/div>\n\t\t\t\t<\/div>","protected":false},"excerpt":{"rendered":"<p>VISION UND ZIELSETZUNG Unser Selbstverst\u00e4ndnis Innerer Antrieb und Mission Allen Aktivit\u00e4ten und Angeboten des SZF liegt ein gemeinsames Anliegen zugrunde, das gleichzeitig seinen inneren Antrieb ausmacht: \u201cDie Zukunftsf\u00e4higkeit von Menschen und Betrieben liegt uns am Herzen. Daf\u00fcr arbeiten wir!\u201c Das SZF f\u00f6rdert den Dialog zwischen Arbeitsmarkt, beruflicher Bildung und Wirtschaft. Es stellt den Menschen mit [&hellip;]<\/p>","protected":false},"author":1,"featured_media":0,"parent":33,"menu_order":0,"comment_status":"closed","ping_status":"closed","template":"","meta":{"footnotes":""},"class_list":["post-1469","page","type-page","status-publish","hentry"],"_links":{"self":[{"href":"https:\/\/szf.at\/en\/wp-json\/wp\/v2\/pages\/1469","targetHints":{"allow":["GET"]}}],"collection":[{"href":"https:\/\/szf.at\/en\/wp-json\/wp\/v2\/pages"}],"about":[{"href":"https:\/\/szf.at\/en\/wp-json\/wp\/v2\/types\/page"}],"author":[{"embeddable":true,"href":"https:\/\/szf.at\/en\/wp-json\/wp\/v2\/users\/1"}],"replies":[{"embeddable":true,"href":"https:\/\/szf.at\/en\/wp-json\/wp\/v2\/comments?post=1469"}],"version-history":[{"count":16,"href":"https:\/\/szf.at\/en\/wp-json\/wp\/v2\/pages\/1469\/revisions"}],"predecessor-version":[{"id":4886,"href":"https:\/\/szf.at\/en\/wp-json\/wp\/v2\/pages\/1469\/revisions\/4886"}],"up":[{"embeddable":true,"href":"https:\/\/szf.at\/en\/wp-json\/wp\/v2\/pages\/33"}],"wp:attachment":[{"href":"https:\/\/szf.at\/en\/wp-json\/wp\/v2\/media?parent=1469"}],"curies":[{"name":"wp","href":"https:\/\/api.w.org\/{rel}","templated":true}]}}