{"id":1471,"date":"2024-12-17T06:54:11","date_gmt":"2024-12-17T06:54:11","guid":{"rendered":"https:\/\/dev.mediadome.at\/szf\/?page_id=1471"},"modified":"2025-05-28T11:39:34","modified_gmt":"2025-05-28T11:39:34","slug":"geschichte","status":"publish","type":"page","link":"https:\/\/szf.at\/en\/ueber-das-szf\/geschichte\/","title":{"rendered":"Geschichte"},"content":{"rendered":"<div data-elementor-type=\"wp-page\" data-elementor-id=\"1471\" class=\"elementor elementor-1471\" data-elementor-post-type=\"page\">\n\t\t\t\t<div data-particle_enable=\"false\" data-particle-mobile-disabled=\"false\" class=\"elementor-element elementor-element-b5cb6b7 e-con-full e-flex e-con e-parent\" data-id=\"b5cb6b7\" data-element_type=\"container\" data-settings=\"{&quot;background_background&quot;:&quot;classic&quot;}\">\n\t\t<div data-particle_enable=\"false\" data-particle-mobile-disabled=\"false\" class=\"elementor-element elementor-element-36dd55a e-con-full e-flex e-con e-child\" data-id=\"36dd55a\" data-element_type=\"container\">\n\t\t<div data-particle_enable=\"false\" data-particle-mobile-disabled=\"false\" class=\"elementor-element elementor-element-50b299a e-con-full e-flex e-con e-child\" data-id=\"50b299a\" data-element_type=\"container\" data-settings=\"{&quot;position&quot;:&quot;absolute&quot;}\">\n\t\t\t\t<\/div>\n\t\t\t\t<div class=\"elementor-element elementor-element-503d366 elementor-widget__width-initial elementor-widget elementor-widget-heading\" data-id=\"503d366\" data-element_type=\"widget\" data-widget_type=\"heading.default\">\n\t\t\t\t<div class=\"elementor-widget-container\">\n\t\t\t\t\t<h1 class=\"elementor-heading-title elementor-size-default\">GESCHICHTE<\/h1>\t\t\t\t<\/div>\n\t\t\t\t<\/div>\n\t\t\t\t<\/div>\n\t\t\t\t<\/div>\n\t\t<div data-particle_enable=\"false\" data-particle-mobile-disabled=\"false\" class=\"elementor-element elementor-element-f6471de e-flex e-con-boxed e-con e-parent\" data-id=\"f6471de\" data-element_type=\"container\" data-settings=\"{&quot;background_background&quot;:&quot;classic&quot;}\">\n\t\t\t\t\t<div class=\"e-con-inner\">\n\t\t\t\t<div class=\"elementor-element elementor-element-277aa44 elementor-widget__width-auto titlelayer elementor-widget elementor-widget-heading\" data-id=\"277aa44\" data-element_type=\"widget\" data-widget_type=\"heading.default\">\n\t\t\t\t<div class=\"elementor-widget-container\">\n\t\t\t\t\t<h2 class=\"elementor-heading-title elementor-size-default\">50 JAHRE SZF<\/h2>\t\t\t\t<\/div>\n\t\t\t\t<\/div>\n\t\t\t\t\t<\/div>\n\t\t\t\t<\/div>\n\t\t<div data-particle_enable=\"false\" data-particle-mobile-disabled=\"false\" class=\"elementor-element elementor-element-5ea5bd6 e-flex e-con-boxed e-con e-parent\" data-id=\"5ea5bd6\" data-element_type=\"container\">\n\t\t\t\t\t<div class=\"e-con-inner\">\n\t\t\t\t<div class=\"elementor-element elementor-element-0923a1c elementor-widget elementor-widget-text-editor\" data-id=\"0923a1c\" data-element_type=\"widget\" data-widget_type=\"text-editor.default\">\n\t\t\t\t<div class=\"elementor-widget-container\">\n\t\t\t\t\t\t\t\t\t<p>Der\u00a0<strong>Verein Schulungszentrum Fohnsdorf<\/strong> wurde im Jahr 1973 nach der Schlie\u00dfung des Bergbaus gegr\u00fcndet. Der praktische Qualifizierungsbetrieb startete im Jahr 1975. Laufende Investitionen in Technik, Ausstattung und Infrastruktur sowie Weiterentwicklungen im p\u00e4dagogischen Bereich haben das Schulungszentrum Fohnsdorf in den vergangenen Jahren zu einer der modernsten und innovativsten Bildungseinrichtungen \u00d6sterreichs werden lassen. 165 hochqualifizierte Mitarbeiter*innen erm\u00f6glichen j\u00e4hrlich weit \u00fcber 1500 Teilnehmenden aus der gesamten Steiermark und dar\u00fcber hinaus neue Chancen am Arbeitsmarkt durch Bildung, H\u00f6herqualifizierungen und beruflicher Neuorientierung.<\/p><p>Seit dem Jahr 1995 ist die\u00a0<strong>Bildungs- und Management-Service GmbH als hundertprozentiges Tochterunternehmen des Schulungszentrum Fohnsdorf.\u00a0<\/strong>Die gesamte Palette der Qualifizierungen wird auch f\u00fcr Betriebe, Kommunen, Vereine und Privatpersonen angeboten. Mit individuellen, ma\u00dfgeschneiderten L\u00f6sungen, Schulungen vor Ort sowie Spezialseminaren nach Firmenw\u00fcnschen stellt das Angebot auch eine der wichtigsten Weiterbildungsm\u00f6glichkeiten im freifinanzierten Bereich in der Region dar. Alle Angebote finden Sie auf\u00a0<a href=\"https:\/\/www.bms.at\/CMS_BMS\/home.xsp\" target=\"_self\" rel=\"noopener\">www.bms.at<\/a>.<\/p><p><strong>\u201eDie Zukunftsf\u00e4higkeit von Menschen und Betrieben liegt uns am Herzen. Daf\u00fcr arbeiten wir!\u201c<\/strong><\/p><p>Der\u00a0Verein Schulungszentrum Fohnsdorf\u00a0arbeitet<strong> im Auftrag und finanziert durch das AMS<\/strong> und bietet ausschlie\u00dflich Dienstleistungen f\u00fcr arbeitssuchende Personen, die beim AMS gemeldet sind, an. Au\u00dferdem wird der Verein Schulungszentrum Fohnsdorf <strong>kofinanziert durch die Europ\u00e4ische Union<\/strong>, genauer durch den Europ\u00e4ischen <strong>Sozialfonds Plus bzw. dem Just Transition Fund<\/strong>.<\/p>\t\t\t\t\t\t\t\t<\/div>\n\t\t\t\t<\/div>\n\t\t\t\t\t<\/div>\n\t\t\t\t<\/div>\n\t\t<div data-particle_enable=\"false\" data-particle-mobile-disabled=\"false\" class=\"elementor-element elementor-element-325c986 e-flex e-con-boxed e-con e-parent\" data-id=\"325c986\" data-element_type=\"container\" data-settings=\"{&quot;background_background&quot;:&quot;classic&quot;}\">\n\t\t\t\t\t<div class=\"e-con-inner\">\n\t\t\t\t<div class=\"elementor-element elementor-element-8c68b4c elementor-widget__width-auto titlelayer elementor-widget elementor-widget-heading\" data-id=\"8c68b4c\" data-element_type=\"widget\" data-widget_type=\"heading.default\">\n\t\t\t\t<div class=\"elementor-widget-container\">\n\t\t\t\t\t<h2 class=\"elementor-heading-title elementor-size-default\">DIE GESCHICHTE DES SZF<\/h2>\t\t\t\t<\/div>\n\t\t\t\t<\/div>\n\t\t\t\t<div class=\"elementor-element elementor-element-aad500b elementor-widget elementor-widget-text-editor\" data-id=\"aad500b\" data-element_type=\"widget\" data-widget_type=\"text-editor.default\">\n\t\t\t\t<div class=\"elementor-widget-container\">\n\t\t\t\t\t\t\t\t\t<p>Das Jubil\u00e4umsjahr 2025 steht unter dem Motto:<br \/>Innovation (er)leben &#8211; Zukunft gestalten &#8211; gemeinsam 50 Jahre SZF\u00a0<br \/><em><strong>Wir schauen in die Zukunft, aber in dieser Reihe werfen wir einen Blick zur\u00fcck.<\/strong><\/em><\/p><p><strong>Quelle:<\/strong> Sitzungsprotokolle (AMS, Aufsichtsrat, Generalversammlung) sowie Interviews mit Zeitzeug*innen.<\/p><p><strong>Auch Ihre Erinnerungen sind ein Teil unserer Geschichte.<\/strong> <em>Haben Sie noch Bilder aus den ersten Jahren des Schulungszentrums? Dann w\u00fcrden wir uns sehr \u00fcber eine <a href=\"https:\/\/szf.at\/en\/ueber-das-szf\/kontakt-und-anreise\/\" target=\"_blank\" rel=\"noopener\">Nachricht<\/a> von Ihnen freuen.<\/em><\/p>\t\t\t\t\t\t\t\t<\/div>\n\t\t\t\t<\/div>\n\t\t\t\t\t<\/div>\n\t\t\t\t<\/div>\n\t\t<div data-particle_enable=\"false\" data-particle-mobile-disabled=\"false\" class=\"elementor-element elementor-element-769f763 e-flex e-con-boxed e-con e-parent\" data-id=\"769f763\" data-element_type=\"container\">\n\t\t\t\t\t<div class=\"e-con-inner\">\n\t\t<div data-particle_enable=\"false\" data-particle-mobile-disabled=\"false\" class=\"elementor-element elementor-element-fe1f881 e-con-full e-flex e-con e-child\" data-id=\"fe1f881\" data-element_type=\"container\">\n\t\t\t\t<div class=\"elementor-element elementor-element-0137751 elementor-widget elementor-widget-image\" data-id=\"0137751\" data-element_type=\"widget\" data-widget_type=\"image.default\">\n\t\t\t\t<div class=\"elementor-widget-container\">\n\t\t\t\t\t\t\t\t\t\t\t\t\t\t\t<img fetchpriority=\"high\" decoding=\"async\" width=\"775\" height=\"1024\" src=\"data:image\/gif;base64,R0lGODlhAQABAAAAACH5BAEKAAEALAAAAAABAAEAAAICTAEAOw==\" class=\"attachment-large size-large wp-image-8333 lazyload\" alt=\"\" sizes=\"(max-width: 775px) 100vw, 775px\" data-src=\"https:\/\/szf.at\/wp-content\/uploads\/2025\/05\/Dokument_bearbeitet-scaled-e1747387680506-775x1024.jpg\" data-srcset=\"https:\/\/szf.at\/wp-content\/uploads\/2025\/05\/Dokument_bearbeitet-scaled-e1747387680506-775x1024.jpg 775w, https:\/\/szf.at\/wp-content\/uploads\/2025\/05\/Dokument_bearbeitet-scaled-e1747387680506-227x300.jpg 227w, https:\/\/szf.at\/wp-content\/uploads\/2025\/05\/Dokument_bearbeitet-scaled-e1747387680506-768x1014.jpg 768w, https:\/\/szf.at\/wp-content\/uploads\/2025\/05\/Dokument_bearbeitet-scaled-e1747387680506-1163x1536.jpg 1163w, https:\/\/szf.at\/wp-content\/uploads\/2025\/05\/Dokument_bearbeitet-scaled-e1747387680506-1551x2048.jpg 1551w, https:\/\/szf.at\/wp-content\/uploads\/2025\/05\/Dokument_bearbeitet-scaled-e1747387680506-9x12.jpg 9w, https:\/\/szf.at\/wp-content\/uploads\/2025\/05\/Dokument_bearbeitet-scaled-e1747387680506.jpg 1810w\">\t\t\t\t\t\t\t\t\t\t\t\t\t\t\t<\/div>\n\t\t\t\t<\/div>\n\t\t\t\t<div class=\"elementor-element elementor-element-ad2def1 elementor-blockquote--skin-border elementor-blockquote--button-color-official elementor-widget elementor-widget-blockquote\" data-id=\"ad2def1\" data-element_type=\"widget\" data-widget_type=\"blockquote.default\">\n\t\t\t\t<div class=\"elementor-widget-container\">\n\t\t\t\t\t\t\t<blockquote class=\"elementor-blockquote\">\n\t\t\t<p class=\"elementor-blockquote__content\">\n\t\t\t\tDie Untersuchungen des \u00d6sterreichischen Instituts f\u00fcr Raumplanung der sp\u00e4ten 1960er Jahre ergaben Daten, welche \u00fcbereinstimmend die Annahme st\u00fctzten, dass ohne abgestimmte und gezielte F\u00f6rderungs- und Entwicklungsma\u00dfnahmen in dieser Region mit einer r\u00fcckl\u00e4ufigen oder zumindest stagnierenden Entwicklung zu rechnen sein w\u00fcrde. Daher wurde die Einrichtung eines Raumordnungsverbandes zwecks Koordinierungsma\u00dfnahmen empfohlen.\t\t\t<\/p>\n\t\t\t\t\t<\/blockquote>\n\t\t\t\t\t\t<\/div>\n\t\t\t\t<\/div>\n\t\t\t\t<\/div>\n\t\t<div data-particle_enable=\"false\" data-particle-mobile-disabled=\"false\" class=\"elementor-element elementor-element-40e0897 e-con-full e-flex e-con e-child\" data-id=\"40e0897\" data-element_type=\"container\">\n\t\t\t\t<div class=\"elementor-element elementor-element-296c2cd elementor-widget elementor-widget-text-editor\" data-id=\"296c2cd\" data-element_type=\"widget\" data-widget_type=\"text-editor.default\">\n\t\t\t\t<div class=\"elementor-widget-container\">\n\t\t\t\t\t\t\t\t\t<h2>Teil 1: Der Anfang<\/h2><p class=\"zfr3Q CDt4Ke\" dir=\"ltr\"><span class=\"C9DxTc\">Am 11.02.1972 wurde im Landesarbeitsamt Steiermark in Graz, Babenbergerstra\u00dfe 33 im 6. Stock, Zimmer 607, im Rahmen der konstituierenden Generalversammlung der Tr\u00e4gerverein Schulungszentrum Fohnsdorf (SZF) aus der Taufe gehoben &#8211; ein arbeitsmarktpolitisches Projekt, welches aus der Not einer unmittelbaren regionalen wirtschaftlichen Krise mit weitreichenden Auswirkungen auf die heimische Industrie (auf den Bergbau und in unmittelbarer Folge auf die metallver- und bearbeitende Industrie der Obersteiermark), zu einem \u00fcberregionalen und langfristigen Erfolgskonzept der beruflichen Erwachsenenbildung werden sollte.<\/span><\/p><p>Beteiligt am Verein Schulungszentrum Fohnsdorf waren von der ersten Stunde an drei Institutionen:<\/p><p>Das Bundesministerium f\u00fcr Arbeit und Soziales &#8211; vertreten durch das Landesarbeitsamt Steiermark, die Gemeinde Fohnsdorf und die Entwicklungsgesellschaft Aichfeld-Murboden (EGAM). Bereits die Beteiligung dieser drei Institutionen spiegelt die urspr\u00fcnglich intendierten Ziele des Vereins SZF wieder.<\/p>\t\t\t\t\t\t\t\t<\/div>\n\t\t\t\t<\/div>\n\t\t\t\t<\/div>\n\t\t\t\t\t<\/div>\n\t\t\t\t<\/div>\n\t\t<div data-particle_enable=\"false\" data-particle-mobile-disabled=\"false\" class=\"elementor-element elementor-element-ed3fb51 e-flex e-con-boxed e-con e-parent\" data-id=\"ed3fb51\" data-element_type=\"container\">\n\t\t\t\t\t<div class=\"e-con-inner\">\n\t\t\t\t<div class=\"elementor-element elementor-element-0d0bcd9 elementor-widget elementor-widget-text-editor\" data-id=\"0d0bcd9\" data-element_type=\"widget\" data-widget_type=\"text-editor.default\">\n\t\t\t\t<div class=\"elementor-widget-container\">\n\t\t\t\t\t\t\t\t\t<p>Schlie\u00dflich sollte der Verein durch die Durchf\u00fchrung beruflicher Bildungsma\u00dfnahmen f\u00fcr Erwachsene, die sog. Umschulung f\u00fcr die von der Arbeitslosigkeit betroffenen Bergarbeiter und damit verbunden, deren berufliche Wiedereingliederung in angesiedelte Nachfolgebetriebe, zur strukturellen Entwicklung der Region Aichfeld-Murboden beitragen.<\/p><p>Auf die politische Situation in \u00d6sterreich in dieser Zeit einzugehen, erkl\u00e4rt die arbeitsmarkt- und strukturpolitische Philosophie der sozialistischen Regierung als die Voraussetzungen f\u00fcr die Erstellung der grundlegenden Konzepte, aus welchen die Gr\u00fcndung der EGAM und damit auch der Verein Schulungszentrum Fohnsdorf hervorgingen.<\/p>\t\t\t\t\t\t\t\t<\/div>\n\t\t\t\t<\/div>\n\t\t\t\t\t<\/div>\n\t\t\t\t<\/div>\n\t\t<div data-particle_enable=\"false\" data-particle-mobile-disabled=\"false\" class=\"elementor-element elementor-element-ef62025 e-flex e-con-boxed e-con e-parent\" data-id=\"ef62025\" data-element_type=\"container\">\n\t\t\t\t\t<div class=\"e-con-inner\">\n\t\t\t\t<div class=\"elementor-element elementor-element-aee3672 elementor-widget elementor-widget-spacer\" data-id=\"aee3672\" data-element_type=\"widget\" data-widget_type=\"spacer.default\">\n\t\t\t\t<div class=\"elementor-widget-container\">\n\t\t\t\t\t\t\t<div class=\"elementor-spacer\">\n\t\t\t<div class=\"elementor-spacer-inner\"><\/div>\n\t\t<\/div>\n\t\t\t\t\t\t<\/div>\n\t\t\t\t<\/div>\n\t\t\t\t\t<\/div>\n\t\t\t\t<\/div>\n\t\t\t\t<\/div>","protected":false},"excerpt":{"rendered":"<p>GESCHICHTE 50 JAHRE SZF Der\u00a0Verein Schulungszentrum Fohnsdorf wurde im Jahr 1973 nach der Schlie\u00dfung des Bergbaus gegr\u00fcndet. Der praktische Qualifizierungsbetrieb startete im Jahr 1975. Laufende Investitionen in Technik, Ausstattung und Infrastruktur sowie Weiterentwicklungen im p\u00e4dagogischen Bereich haben das Schulungszentrum Fohnsdorf in den vergangenen Jahren zu einer der modernsten und innovativsten Bildungseinrichtungen \u00d6sterreichs werden lassen. 165 [&hellip;]<\/p>","protected":false},"author":1,"featured_media":0,"parent":33,"menu_order":0,"comment_status":"closed","ping_status":"closed","template":"","meta":{"footnotes":""},"class_list":["post-1471","page","type-page","status-publish","hentry"],"_links":{"self":[{"href":"https:\/\/szf.at\/en\/wp-json\/wp\/v2\/pages\/1471","targetHints":{"allow":["GET"]}}],"collection":[{"href":"https:\/\/szf.at\/en\/wp-json\/wp\/v2\/pages"}],"about":[{"href":"https:\/\/szf.at\/en\/wp-json\/wp\/v2\/types\/page"}],"author":[{"embeddable":true,"href":"https:\/\/szf.at\/en\/wp-json\/wp\/v2\/users\/1"}],"replies":[{"embeddable":true,"href":"https:\/\/szf.at\/en\/wp-json\/wp\/v2\/comments?post=1471"}],"version-history":[{"count":31,"href":"https:\/\/szf.at\/en\/wp-json\/wp\/v2\/pages\/1471\/revisions"}],"predecessor-version":[{"id":8626,"href":"https:\/\/szf.at\/en\/wp-json\/wp\/v2\/pages\/1471\/revisions\/8626"}],"up":[{"embeddable":true,"href":"https:\/\/szf.at\/en\/wp-json\/wp\/v2\/pages\/33"}],"wp:attachment":[{"href":"https:\/\/szf.at\/en\/wp-json\/wp\/v2\/media?parent=1471"}],"curies":[{"name":"wp","href":"https:\/\/api.w.org\/{rel}","templated":true}]}}