{"id":1477,"date":"2024-12-17T06:54:56","date_gmt":"2024-12-17T06:54:56","guid":{"rendered":"https:\/\/dev.mediadome.at\/szf\/?page_id=1477"},"modified":"2025-12-18T11:00:33","modified_gmt":"2025-12-18T11:00:33","slug":"eu-finanzierung","status":"publish","type":"page","link":"https:\/\/szf.at\/en\/ueber-das-szf\/eu-finanzierung\/","title":{"rendered":"EU-Finanzierung"},"content":{"rendered":"<div data-elementor-type=\"wp-page\" data-elementor-id=\"1477\" class=\"elementor elementor-1477\" data-elementor-post-type=\"page\">\n\t\t\t\t<div data-particle_enable=\"false\" data-particle-mobile-disabled=\"false\" class=\"elementor-element elementor-element-b5cb6b7 e-con-full e-flex e-con e-parent\" data-id=\"b5cb6b7\" data-element_type=\"container\" data-settings=\"{&quot;background_background&quot;:&quot;classic&quot;}\">\n\t\t<div data-particle_enable=\"false\" data-particle-mobile-disabled=\"false\" class=\"elementor-element elementor-element-36dd55a e-con-full e-flex e-con e-child\" data-id=\"36dd55a\" data-element_type=\"container\">\n\t\t<div data-particle_enable=\"false\" data-particle-mobile-disabled=\"false\" class=\"elementor-element elementor-element-50b299a e-con-full e-flex e-con e-child\" data-id=\"50b299a\" data-element_type=\"container\" data-settings=\"{&quot;position&quot;:&quot;absolute&quot;}\">\n\t\t\t\t<\/div>\n\t\t\t\t<div class=\"elementor-element elementor-element-503d366 elementor-widget__width-initial elementor-widget elementor-widget-heading\" data-id=\"503d366\" data-element_type=\"widget\" data-widget_type=\"heading.default\">\n\t\t\t\t<div class=\"elementor-widget-container\">\n\t\t\t\t\t<h1 class=\"elementor-heading-title elementor-size-default\">EU-FINANZIERUNG<\/h1>\t\t\t\t<\/div>\n\t\t\t\t<\/div>\n\t\t\t\t<\/div>\n\t\t\t\t<\/div>\n\t\t<div data-particle_enable=\"false\" data-particle-mobile-disabled=\"false\" class=\"elementor-element elementor-element-f6471de e-flex e-con-boxed e-con e-parent\" data-id=\"f6471de\" data-element_type=\"container\" data-settings=\"{&quot;background_background&quot;:&quot;classic&quot;}\">\n\t\t\t\t\t<div class=\"e-con-inner\">\n\t\t\t\t<div class=\"elementor-element elementor-element-277aa44 elementor-widget__width-auto titlelayer elementor-widget elementor-widget-heading\" data-id=\"277aa44\" data-element_type=\"widget\" data-widget_type=\"heading.default\">\n\t\t\t\t<div class=\"elementor-widget-container\">\n\t\t\t\t\t<h2 class=\"elementor-heading-title elementor-size-default\">KOFINANZIERUNG DURCH DIE EU<\/h2>\t\t\t\t<\/div>\n\t\t\t\t<\/div>\n\t\t\t\t\t<\/div>\n\t\t\t\t<\/div>\n\t\t<div data-particle_enable=\"false\" data-particle-mobile-disabled=\"false\" class=\"elementor-element elementor-element-61a0aa4 e-flex e-con-boxed e-con e-parent\" data-id=\"61a0aa4\" data-element_type=\"container\">\n\t\t\t\t\t<div class=\"e-con-inner\">\n\t\t\t\t<div class=\"elementor-element elementor-element-f62a4fa elementor-widget elementor-widget-text-editor\" data-id=\"f62a4fa\" data-element_type=\"widget\" data-widget_type=\"text-editor.default\">\n\t\t\t\t<div class=\"elementor-widget-container\">\n\t\t\t\t\t\t\t\t\t<p>Seit dem 02. April 2024 wird das Schulungszentrum Fohnsdorf kofinanziert von der Europ\u00e4ischen Union (EU).<\/p><p>Das Projekt Green Jobs f\u00fcr nachhaltige Karrieren hat zum Ziel, arbeitslose Personen in ausgew\u00e4hlten nachhaltigkeitsorientierten Berufsfeldern durch Qualifizierung und Erweiterung ihrer beruflichen F\u00e4higkeiten zu unterst\u00fctzen, um aktiv zur gr\u00fcnen Transformation beizutragen.<\/p><p>Weiterf\u00fchrende Informationen finden Sie unter <a href=\"http:\/\/www.esf.at\" target=\"_blank\" rel=\"noopener\">www.esf.at<\/a>.<\/p><p>In dem folgenden 360\u00b0-Video erhalten Sie einen Einblick in verschiedene Einrichtungen, die von der EU kofinanziert werden. Das SZF finden Sie, indem Sie zun\u00e4chst links auf \u201eRegion S\u00fcd\u201d und dann auf das mittig erscheinende Pop-up klicken.<\/p>\t\t\t\t\t\t\t\t<\/div>\n\t\t\t\t<\/div>\n\t\t\t\t<div class=\"elementor-element elementor-element-ba4612f elementor-widget elementor-widget-html\" data-id=\"ba4612f\" data-element_type=\"widget\" data-widget_type=\"html.default\">\n\t\t\t\t<div class=\"elementor-widget-container\">\n\t\t\t\t\t<script src='https:\/\/cdn.exp360.com\/embed\/js\/exp360-embed-4.3.1.js?d=6dcd93c6-e764-470e-b4a0-5472943d44b8&p=web'><\/script>\r\n  <iframe src=\"about:blank\" style=\"top:0;left:0;width:100%;height:600px;\" frameborder=\"0\" allowfullscreen=\"\" allow=\"autoplay; vr; xr; accelerometer; gyroscope\" class=\"lazyload\" data-src=\"https:\/\/share.exp360.com\/656be530-ca11-11f0-954e-495be56ba690\/\">\r\n  <\/iframe>\r\n\t\t\t\t<\/div>\n\t\t\t\t<\/div>\n\t\t\t\t\t<\/div>\n\t\t\t\t<\/div>\n\t\t<div data-particle_enable=\"false\" data-particle-mobile-disabled=\"false\" class=\"elementor-element elementor-element-08504f0 e-flex e-con-boxed e-con e-parent\" data-id=\"08504f0\" data-element_type=\"container\" data-settings=\"{&quot;background_background&quot;:&quot;classic&quot;}\">\n\t\t\t\t\t<div class=\"e-con-inner\">\n\t\t\t\t<div class=\"elementor-element elementor-element-2efc664 elementor-widget__width-auto titlelayer elementor-widget elementor-widget-heading\" data-id=\"2efc664\" data-element_type=\"widget\" data-widget_type=\"heading.default\">\n\t\t\t\t<div class=\"elementor-widget-container\">\n\t\t\t\t\t<h2 class=\"elementor-heading-title elementor-size-default\">Green Jobs f\u00fcr nachhaltige Karrieren<\/h2>\t\t\t\t<\/div>\n\t\t\t\t<\/div>\n\t\t\t\t<div class=\"elementor-element elementor-element-b272606 elementor-widget elementor-widget-text-editor\" data-id=\"b272606\" data-element_type=\"widget\" data-widget_type=\"text-editor.default\">\n\t\t\t\t<div class=\"elementor-widget-container\">\n\t\t\t\t\t\t\t\t\t<p>Das Projekt Green Jobs f\u00fcr nachhaltige Karrieren hat zum Ziel, arbeitssuchende Personen in ausgew\u00e4hlten nachhaltigkeitsorientierten Berufsfeldern durch Qualifizierung und Erweiterung ihrer beruflichen F\u00e4higkeiten zu unterst\u00fctzen, um aktiv zur gr\u00fcnen Transformation beizutragen.<\/p>\t\t\t\t\t\t\t\t<\/div>\n\t\t\t\t<\/div>\n\t\t\t\t<div class=\"elementor-element elementor-element-35a6b8b elementor-widget elementor-widget-spacer\" data-id=\"35a6b8b\" data-element_type=\"widget\" data-widget_type=\"spacer.default\">\n\t\t\t\t<div class=\"elementor-widget-container\">\n\t\t\t\t\t\t\t<div class=\"elementor-spacer\">\n\t\t\t<div class=\"elementor-spacer-inner\"><\/div>\n\t\t<\/div>\n\t\t\t\t\t\t<\/div>\n\t\t\t\t<\/div>\n\t\t\t\t\t<\/div>\n\t\t\t\t<\/div>\n\t\t\t\t<\/div>","protected":false},"excerpt":{"rendered":"<p>EU-FINANZIERUNG KOFINANZIERUNG DURCH DIE EU Seit dem 02. April 2024 wird das Schulungszentrum Fohnsdorf kofinanziert von der Europ\u00e4ischen Union (EU). Das Projekt Green Jobs f\u00fcr nachhaltige Karrieren hat zum Ziel, arbeitslose Personen in ausgew\u00e4hlten nachhaltigkeitsorientierten Berufsfeldern durch Qualifizierung und Erweiterung ihrer beruflichen F\u00e4higkeiten zu unterst\u00fctzen, um aktiv zur gr\u00fcnen Transformation beizutragen. Weiterf\u00fchrende Informationen finden Sie [&hellip;]<\/p>","protected":false},"author":1,"featured_media":0,"parent":33,"menu_order":0,"comment_status":"closed","ping_status":"closed","template":"","meta":{"footnotes":""},"class_list":["post-1477","page","type-page","status-publish","hentry"],"_links":{"self":[{"href":"https:\/\/szf.at\/en\/wp-json\/wp\/v2\/pages\/1477","targetHints":{"allow":["GET"]}}],"collection":[{"href":"https:\/\/szf.at\/en\/wp-json\/wp\/v2\/pages"}],"about":[{"href":"https:\/\/szf.at\/en\/wp-json\/wp\/v2\/types\/page"}],"author":[{"embeddable":true,"href":"https:\/\/szf.at\/en\/wp-json\/wp\/v2\/users\/1"}],"replies":[{"embeddable":true,"href":"https:\/\/szf.at\/en\/wp-json\/wp\/v2\/comments?post=1477"}],"version-history":[{"count":28,"href":"https:\/\/szf.at\/en\/wp-json\/wp\/v2\/pages\/1477\/revisions"}],"predecessor-version":[{"id":11017,"href":"https:\/\/szf.at\/en\/wp-json\/wp\/v2\/pages\/1477\/revisions\/11017"}],"up":[{"embeddable":true,"href":"https:\/\/szf.at\/en\/wp-json\/wp\/v2\/pages\/33"}],"wp:attachment":[{"href":"https:\/\/szf.at\/en\/wp-json\/wp\/v2\/media?parent=1477"}],"curies":[{"name":"wp","href":"https:\/\/api.w.org\/{rel}","templated":true}]}}