{"id":1481,"date":"2024-12-17T06:55:27","date_gmt":"2024-12-17T06:55:27","guid":{"rendered":"https:\/\/dev.mediadome.at\/szf\/?page_id=1481"},"modified":"2025-01-17T07:13:22","modified_gmt":"2025-01-17T07:13:22","slug":"standorte","status":"publish","type":"page","link":"https:\/\/szf.at\/en\/ueber-das-szf\/standorte\/","title":{"rendered":"Standorte"},"content":{"rendered":"<div data-elementor-type=\"wp-page\" data-elementor-id=\"1481\" class=\"elementor elementor-1481\" data-elementor-post-type=\"page\">\n\t\t\t\t<div data-particle_enable=\"false\" data-particle-mobile-disabled=\"false\" class=\"elementor-element elementor-element-b5cb6b7 e-con-full e-flex e-con e-parent\" data-id=\"b5cb6b7\" data-element_type=\"container\" data-settings=\"{&quot;background_background&quot;:&quot;classic&quot;}\">\n\t\t<div data-particle_enable=\"false\" data-particle-mobile-disabled=\"false\" class=\"elementor-element elementor-element-36dd55a e-con-full e-flex e-con e-child\" data-id=\"36dd55a\" data-element_type=\"container\">\n\t\t<div data-particle_enable=\"false\" data-particle-mobile-disabled=\"false\" class=\"elementor-element elementor-element-50b299a e-con-full e-flex e-con e-child\" data-id=\"50b299a\" data-element_type=\"container\" data-settings=\"{&quot;position&quot;:&quot;absolute&quot;}\">\n\t\t\t\t<\/div>\n\t\t\t\t<div class=\"elementor-element elementor-element-503d366 elementor-widget__width-initial elementor-widget elementor-widget-heading\" data-id=\"503d366\" data-element_type=\"widget\" data-widget_type=\"heading.default\">\n\t\t\t\t<div class=\"elementor-widget-container\">\n\t\t\t\t\t<h1 class=\"elementor-heading-title elementor-size-default\">STANDORTE<\/h1>\t\t\t\t<\/div>\n\t\t\t\t<\/div>\n\t\t\t\t<\/div>\n\t\t\t\t<\/div>\n\t\t<div data-particle_enable=\"false\" data-particle-mobile-disabled=\"false\" class=\"elementor-element elementor-element-f6471de e-flex e-con-boxed e-con e-parent\" data-id=\"f6471de\" data-element_type=\"container\" data-settings=\"{&quot;background_background&quot;:&quot;classic&quot;}\">\n\t\t\t\t\t<div class=\"e-con-inner\">\n\t\t\t\t<div class=\"elementor-element elementor-element-277aa44 elementor-widget__width-auto titlelayer elementor-widget elementor-widget-heading\" data-id=\"277aa44\" data-element_type=\"widget\" data-widget_type=\"heading.default\">\n\t\t\t\t<div class=\"elementor-widget-container\">\n\t\t\t\t\t<h2 class=\"elementor-heading-title elementor-size-default\">STANDORT FOHNSDORF<\/h2>\t\t\t\t<\/div>\n\t\t\t\t<\/div>\n\t\t\t\t\t<\/div>\n\t\t\t\t<\/div>\n\t\t<div data-particle_enable=\"false\" data-particle-mobile-disabled=\"false\" class=\"elementor-element elementor-element-35d69a3 e-flex e-con-boxed e-con e-parent\" data-id=\"35d69a3\" data-element_type=\"container\" data-settings=\"{&quot;background_background&quot;:&quot;classic&quot;}\">\n\t\t\t\t\t<div class=\"e-con-inner\">\n\t\t<div data-particle_enable=\"false\" data-particle-mobile-disabled=\"false\" class=\"elementor-element elementor-element-c527e7b e-con-full e-flex e-con e-child\" data-id=\"c527e7b\" data-element_type=\"container\">\n\t\t\t\t<div class=\"elementor-element elementor-element-69e6dd3 elementor-widget elementor-widget-text-editor\" data-id=\"69e6dd3\" data-element_type=\"widget\" data-widget_type=\"text-editor.default\">\n\t\t\t\t<div class=\"elementor-widget-container\">\n\t\t\t\t\t\t\t\t\t<p>Derzeit bieten wir am Standort Fohnsdorf in den Bereichen <strong>Metalltechnik, Schwei\u00dftechnik, Elektrotechnik, Tourismus, Office und IT, Installations- und Geb\u00e4udetechnik,<\/strong>\u00a0<strong>CAD Technik und Transport<\/strong>\u00a0Qualifizierungen an. Das SZF stellt bei Bedarf interne wie externe Wohnm\u00f6glichkeiten, eine Vollverpflegung aus der hauseigenen K\u00fcche, Kantine sowie Freizeitm\u00f6glichkeiten zur Verf\u00fcgung. Direkt vor dem Haus ist eine Haltestelle des regionalen Verkehrsverbundes. In unmittelbarer N\u00e4he zum SZF finden Sie auch entsprechende Parkm\u00f6glichkeiten.<\/p>\t\t\t\t\t\t\t\t<\/div>\n\t\t\t\t<\/div>\n\t\t\t\t<div class=\"elementor-element elementor-element-e7147d0 elementor-widget elementor-widget-button\" data-id=\"e7147d0\" data-element_type=\"widget\" data-widget_type=\"button.default\">\n\t\t\t\t<div class=\"elementor-widget-container\">\n\t\t\t\t\t\t\t\t\t<div class=\"elementor-button-wrapper\">\n\t\t\t\t\t<a class=\"elementor-button elementor-button-link elementor-size-sm\" href=\"https:\/\/szf.at\/index.php\/ueber-das-szf\/kontakt-und-anreise\/\">\n\t\t\t\t\t\t<span class=\"elementor-button-content-wrapper\">\n\t\t\t\t\t\t\t\t\t<span class=\"elementor-button-text\">KONTAKT UND ANREISE<\/span>\n\t\t\t\t\t<\/span>\n\t\t\t\t\t<\/a>\n\t\t\t\t<\/div>\n\t\t\t\t\t\t\t\t<\/div>\n\t\t\t\t<\/div>\n\t\t\t\t<\/div>\n\t\t<div data-particle_enable=\"false\" data-particle-mobile-disabled=\"false\" class=\"elementor-element elementor-element-737936a e-con-full e-flex e-con e-child\" data-id=\"737936a\" data-element_type=\"container\">\n\t\t\t\t<div class=\"elementor-element elementor-element-ffdac0f elementor-widget elementor-widget-image\" data-id=\"ffdac0f\" data-element_type=\"widget\" data-widget_type=\"image.default\">\n\t\t\t\t<div class=\"elementor-widget-container\">\n\t\t\t\t\t\t\t\t\t\t\t\t\t\t\t<img fetchpriority=\"high\" decoding=\"async\" width=\"800\" height=\"532\" src=\"data:image\/gif;base64,R0lGODlhAQABAAAAACH5BAEKAAEALAAAAAABAAEAAAICTAEAOw==\" class=\"attachment-large size-large wp-image-4677 lazyload\" alt=\"\" sizes=\"(max-width: 800px) 100vw, 800px\" data-src=\"https:\/\/szf.at\/wp-content\/uploads\/2025\/01\/Referenzbilder-mit-Teilnehmenden_2023_freundlicher_bearbeitet-SW-1585_1-1024x681.jpg\" data-srcset=\"https:\/\/szf.at\/wp-content\/uploads\/2025\/01\/Referenzbilder-mit-Teilnehmenden_2023_freundlicher_bearbeitet-SW-1585_1-1024x681.jpg 1024w, https:\/\/szf.at\/wp-content\/uploads\/2025\/01\/Referenzbilder-mit-Teilnehmenden_2023_freundlicher_bearbeitet-SW-1585_1-300x200.jpg 300w, https:\/\/szf.at\/wp-content\/uploads\/2025\/01\/Referenzbilder-mit-Teilnehmenden_2023_freundlicher_bearbeitet-SW-1585_1-768x511.jpg 768w, https:\/\/szf.at\/wp-content\/uploads\/2025\/01\/Referenzbilder-mit-Teilnehmenden_2023_freundlicher_bearbeitet-SW-1585_1.jpg 1240w\">\t\t\t\t\t\t\t\t\t\t\t\t\t\t\t<\/div>\n\t\t\t\t<\/div>\n\t\t\t\t<\/div>\n\t\t\t\t\t<\/div>\n\t\t\t\t<\/div>\n\t\t<div data-particle_enable=\"false\" data-particle-mobile-disabled=\"false\" class=\"elementor-element elementor-element-b076e92 e-flex e-con-boxed e-con e-parent\" data-id=\"b076e92\" data-element_type=\"container\" data-settings=\"{&quot;background_background&quot;:&quot;classic&quot;}\">\n\t\t\t\t\t<div class=\"e-con-inner\">\n\t\t\t\t<div class=\"elementor-element elementor-element-a740b22 elementor-widget__width-auto titlelayer elementor-widget elementor-widget-heading\" data-id=\"a740b22\" data-element_type=\"widget\" data-widget_type=\"heading.default\">\n\t\t\t\t<div class=\"elementor-widget-container\">\n\t\t\t\t\t<h2 class=\"elementor-heading-title elementor-size-default\">Standort f\u00fcrstenfeld<\/h2>\t\t\t\t<\/div>\n\t\t\t\t<\/div>\n\t\t\t\t\t<\/div>\n\t\t\t\t<\/div>\n\t\t<div data-particle_enable=\"false\" data-particle-mobile-disabled=\"false\" class=\"elementor-element elementor-element-fcd28c1 e-flex e-con-boxed e-con e-parent\" data-id=\"fcd28c1\" data-element_type=\"container\" data-settings=\"{&quot;background_background&quot;:&quot;classic&quot;}\">\n\t\t\t\t\t<div class=\"e-con-inner\">\n\t\t<div data-particle_enable=\"false\" data-particle-mobile-disabled=\"false\" class=\"elementor-element elementor-element-1c9bf6d e-con-full e-flex e-con e-child\" data-id=\"1c9bf6d\" data-element_type=\"container\">\n\t\t\t\t<div class=\"elementor-element elementor-element-f91ee57 elementor-widget elementor-widget-image\" data-id=\"f91ee57\" data-element_type=\"widget\" data-widget_type=\"image.default\">\n\t\t\t\t<div class=\"elementor-widget-container\">\n\t\t\t\t\t\t\t\t\t\t\t\t\t\t\t<img decoding=\"async\" width=\"800\" height=\"533\" src=\"data:image\/gif;base64,R0lGODlhAQABAAAAACH5BAEKAAEALAAAAAABAAEAAAICTAEAOw==\" class=\"attachment-large size-large wp-image-4846 lazyload\" alt=\"\" sizes=\"(max-width: 800px) 100vw, 800px\" data-src=\"https:\/\/szf.at\/wp-content\/uploads\/2025\/01\/FUeRSTENFELD_2021-07-44-sw_1-1024x682.jpg\" data-srcset=\"https:\/\/szf.at\/wp-content\/uploads\/2025\/01\/FUeRSTENFELD_2021-07-44-sw_1-1024x682.jpg 1024w, https:\/\/szf.at\/wp-content\/uploads\/2025\/01\/FUeRSTENFELD_2021-07-44-sw_1-300x200.jpg 300w, https:\/\/szf.at\/wp-content\/uploads\/2025\/01\/FUeRSTENFELD_2021-07-44-sw_1-768x512.jpg 768w, https:\/\/szf.at\/wp-content\/uploads\/2025\/01\/FUeRSTENFELD_2021-07-44-sw_1.jpg 1240w\">\t\t\t\t\t\t\t\t\t\t\t\t\t\t\t<\/div>\n\t\t\t\t<\/div>\n\t\t\t\t<\/div>\n\t\t<div data-particle_enable=\"false\" data-particle-mobile-disabled=\"false\" class=\"elementor-element elementor-element-862ac54 e-con-full e-flex e-con e-child\" data-id=\"862ac54\" data-element_type=\"container\">\n\t\t\t\t<div class=\"elementor-element elementor-element-e097e40 elementor-widget elementor-widget-text-editor\" data-id=\"e097e40\" data-element_type=\"widget\" data-widget_type=\"text-editor.default\">\n\t\t\t\t<div class=\"elementor-widget-container\">\n\t\t\t\t\t\t\t\t\t<p>Seit 2001 hat das SZF auch einen Standort in F\u00fcrstenfeld. Um der steigenden Nachfrage nach gut ausgebildeten Fachkr\u00e4ften im s\u00fcdsteirischen Raum gerecht zu werden, wurde im Jahr 2008 auf einer Fl\u00e4che von 1800 Quadratmetern eine neue Ausbildungsst\u00e4tte errichtet. Bis zu 40 Personen k\u00f6nnen sich hier in den Bereichen\u00a0<strong>Metalltechnik, <\/strong>und\u00a0<strong>Elektrotechnik<\/strong>\u00a0f\u00fcr die Wirtschaft qualifizieren. Am Standort F\u00fcrstenfeld k\u00f6nnen wir derzeit keine Wohnm\u00f6glichkeiten anbieten.<\/p>\t\t\t\t\t\t\t\t<\/div>\n\t\t\t\t<\/div>\n\t\t\t\t<div class=\"elementor-element elementor-element-c0c35e7 elementor-widget elementor-widget-button\" data-id=\"c0c35e7\" data-element_type=\"widget\" data-widget_type=\"button.default\">\n\t\t\t\t<div class=\"elementor-widget-container\">\n\t\t\t\t\t\t\t\t\t<div class=\"elementor-button-wrapper\">\n\t\t\t\t\t<a class=\"elementor-button elementor-button-link elementor-size-sm\" href=\"https:\/\/szf.at\/index.php\/ueber-das-szf\/kontakt-und-anreise\/\">\n\t\t\t\t\t\t<span class=\"elementor-button-content-wrapper\">\n\t\t\t\t\t\t\t\t\t<span class=\"elementor-button-text\">KONTAKT UND ANREISE<\/span>\n\t\t\t\t\t<\/span>\n\t\t\t\t\t<\/a>\n\t\t\t\t<\/div>\n\t\t\t\t\t\t\t\t<\/div>\n\t\t\t\t<\/div>\n\t\t\t\t<\/div>\n\t\t\t\t\t<\/div>\n\t\t\t\t<\/div>\n\t\t<div data-particle_enable=\"false\" data-particle-mobile-disabled=\"false\" class=\"elementor-element elementor-element-78e0ca6 e-flex e-con-boxed e-con e-parent\" data-id=\"78e0ca6\" data-element_type=\"container\" data-settings=\"{&quot;background_background&quot;:&quot;classic&quot;}\">\n\t\t\t\t\t<div class=\"e-con-inner\">\n\t\t\t\t<div class=\"elementor-element elementor-element-156bacc elementor-widget__width-auto titlelayer elementor-widget elementor-widget-heading\" data-id=\"156bacc\" data-element_type=\"widget\" data-widget_type=\"heading.default\">\n\t\t\t\t<div class=\"elementor-widget-container\">\n\t\t\t\t\t<h2 class=\"elementor-heading-title elementor-size-default\">Standort graz - jobexpress<\/h2>\t\t\t\t<\/div>\n\t\t\t\t<\/div>\n\t\t\t\t\t<\/div>\n\t\t\t\t<\/div>\n\t\t<div data-particle_enable=\"false\" data-particle-mobile-disabled=\"false\" class=\"elementor-element elementor-element-7b2c747 e-flex e-con-boxed e-con e-parent\" data-id=\"7b2c747\" data-element_type=\"container\" data-settings=\"{&quot;background_background&quot;:&quot;classic&quot;}\">\n\t\t\t\t\t<div class=\"e-con-inner\">\n\t\t<div data-particle_enable=\"false\" data-particle-mobile-disabled=\"false\" class=\"elementor-element elementor-element-9979396 e-con-full e-flex e-con e-child\" data-id=\"9979396\" data-element_type=\"container\">\n\t\t\t\t<div class=\"elementor-element elementor-element-26f8f77 elementor-widget elementor-widget-text-editor\" data-id=\"26f8f77\" data-element_type=\"widget\" data-widget_type=\"text-editor.default\">\n\t\t\t\t<div class=\"elementor-widget-container\">\n\t\t\t\t\t\t\t\t\t<div id=\"view:_id1:_id2:_id164:repeat1\"><p><span id=\"view:_id1:_id2:_id164:repeat1:0:computedField1\" class=\"inhaltBlock\">Das Ziel des JOBexpress ist die <strong>Arbeitsaufnahme<\/strong> \u2013 mit individueller Unterst\u00fctzung und AMS-Betreuung vor Ort! Klarheit zu schaffen, St\u00e4rken sichtbar zu machen und diese praktisch auszuprobieren \u2013 das sind die wesentlichen Elemente unseres Projekts.<\/span><\/p><p>Gemeinsam mit unseren Jobcoaches entwickeln Teilnehmende ihren ganz eigenen Plan, um ihr pers\u00f6nliches Ziel, die Arbeitsaufnahme, zu erreichen. Es werden einzelne Schritte besprochen und an L\u00f6sungswegen gearbeitet. Parallel dazu bieten wir Teilnehmenden die M\u00f6glichkeit, sich mit Betrieben zu vernetzen.<\/p><\/div>\t\t\t\t\t\t\t\t<\/div>\n\t\t\t\t<\/div>\n\t\t\t\t<div class=\"elementor-element elementor-element-70a778d elementor-widget elementor-widget-button\" data-id=\"70a778d\" data-element_type=\"widget\" data-widget_type=\"button.default\">\n\t\t\t\t<div class=\"elementor-widget-container\">\n\t\t\t\t\t\t\t\t\t<div class=\"elementor-button-wrapper\">\n\t\t\t\t\t<a class=\"elementor-button elementor-button-link elementor-size-sm\" href=\"https:\/\/szf.at\/index.php\/ueber-das-szf\/kontakt-und-anreise\/\">\n\t\t\t\t\t\t<span class=\"elementor-button-content-wrapper\">\n\t\t\t\t\t\t\t\t\t<span class=\"elementor-button-text\">KONTAKT UND ANREISE<\/span>\n\t\t\t\t\t<\/span>\n\t\t\t\t\t<\/a>\n\t\t\t\t<\/div>\n\t\t\t\t\t\t\t\t<\/div>\n\t\t\t\t<\/div>\n\t\t\t\t<\/div>\n\t\t<div data-particle_enable=\"false\" data-particle-mobile-disabled=\"false\" class=\"elementor-element elementor-element-38e01e0 e-con-full e-flex e-con e-child\" data-id=\"38e01e0\" data-element_type=\"container\">\n\t\t\t\t<div class=\"elementor-element elementor-element-a71e3c8 elementor-widget elementor-widget-image\" data-id=\"a71e3c8\" data-element_type=\"widget\" data-widget_type=\"image.default\">\n\t\t\t\t<div class=\"elementor-widget-container\">\n\t\t\t\t\t\t\t\t\t\t\t\t\t\t\t<img decoding=\"async\" width=\"800\" height=\"524\" src=\"data:image\/gif;base64,R0lGODlhAQABAAAAACH5BAEKAAEALAAAAAABAAEAAAICTAEAOw==\" class=\"attachment-large size-large wp-image-4258 lazyload\" alt=\"\" sizes=\"(max-width: 800px) 100vw, 800px\" data-src=\"https:\/\/szf.at\/wp-content\/uploads\/2025\/01\/SW-456697738-1024x671.jpg\" data-srcset=\"https:\/\/szf.at\/wp-content\/uploads\/2025\/01\/SW-456697738-1024x671.jpg 1024w, https:\/\/szf.at\/wp-content\/uploads\/2025\/01\/SW-456697738-300x196.jpg 300w, https:\/\/szf.at\/wp-content\/uploads\/2025\/01\/SW-456697738-768x503.jpg 768w, https:\/\/szf.at\/wp-content\/uploads\/2025\/01\/SW-456697738-1536x1006.jpg 1536w, https:\/\/szf.at\/wp-content\/uploads\/2025\/01\/SW-456697738-2048x1341.jpg 2048w\">\t\t\t\t\t\t\t\t\t\t\t\t\t\t\t<\/div>\n\t\t\t\t<\/div>\n\t\t\t\t<\/div>\n\t\t\t\t\t<\/div>\n\t\t\t\t<\/div>\n\t\t<div data-particle_enable=\"false\" data-particle-mobile-disabled=\"false\" class=\"elementor-element elementor-element-b7403cd e-flex e-con-boxed e-con e-parent\" data-id=\"b7403cd\" data-element_type=\"container\" data-settings=\"{&quot;background_background&quot;:&quot;classic&quot;}\">\n\t\t\t\t\t<div class=\"e-con-inner\">\n\t\t\t\t<div class=\"elementor-element elementor-element-314a06c elementor-widget__width-auto titlelayer elementor-widget elementor-widget-heading\" data-id=\"314a06c\" data-element_type=\"widget\" data-widget_type=\"heading.default\">\n\t\t\t\t<div class=\"elementor-widget-container\">\n\t\t\t\t\t<h2 class=\"elementor-heading-title elementor-size-default\">Standort graz - CHANCE GASTRONOMIE<\/h2>\t\t\t\t<\/div>\n\t\t\t\t<\/div>\n\t\t\t\t\t<\/div>\n\t\t\t\t<\/div>\n\t\t<div data-particle_enable=\"false\" data-particle-mobile-disabled=\"false\" class=\"elementor-element elementor-element-2a1f87e e-flex e-con-boxed e-con e-parent\" data-id=\"2a1f87e\" data-element_type=\"container\" data-settings=\"{&quot;background_background&quot;:&quot;classic&quot;}\">\n\t\t\t\t\t<div class=\"e-con-inner\">\n\t\t<div data-particle_enable=\"false\" data-particle-mobile-disabled=\"false\" class=\"elementor-element elementor-element-89aedc9 e-con-full e-flex e-con e-child\" data-id=\"89aedc9\" data-element_type=\"container\">\n\t\t\t\t<div class=\"elementor-element elementor-element-3ae9fad elementor-widget elementor-widget-image\" data-id=\"3ae9fad\" data-element_type=\"widget\" data-widget_type=\"image.default\">\n\t\t\t\t<div class=\"elementor-widget-container\">\n\t\t\t\t\t\t\t\t\t\t\t\t\t\t\t<img loading=\"lazy\" decoding=\"async\" width=\"800\" height=\"534\" src=\"data:image\/gif;base64,R0lGODlhAQABAAAAACH5BAEKAAEALAAAAAABAAEAAAICTAEAOw==\" class=\"attachment-large size-large wp-image-4849 lazyload\" alt=\"\" sizes=\"(max-width: 800px) 100vw, 800px\" data-src=\"https:\/\/szf.at\/wp-content\/uploads\/2025\/01\/AdobeStock_223512603_Chance-Gastronomie_SW_1-1024x683.jpg\" data-srcset=\"https:\/\/szf.at\/wp-content\/uploads\/2025\/01\/AdobeStock_223512603_Chance-Gastronomie_SW_1-1024x683.jpg 1024w, https:\/\/szf.at\/wp-content\/uploads\/2025\/01\/AdobeStock_223512603_Chance-Gastronomie_SW_1-300x200.jpg 300w, https:\/\/szf.at\/wp-content\/uploads\/2025\/01\/AdobeStock_223512603_Chance-Gastronomie_SW_1-768x512.jpg 768w, https:\/\/szf.at\/wp-content\/uploads\/2025\/01\/AdobeStock_223512603_Chance-Gastronomie_SW_1.jpg 1240w\">\t\t\t\t\t\t\t\t\t\t\t\t\t\t\t<\/div>\n\t\t\t\t<\/div>\n\t\t\t\t<\/div>\n\t\t<div data-particle_enable=\"false\" data-particle-mobile-disabled=\"false\" class=\"elementor-element elementor-element-32651df e-con-full e-flex e-con e-child\" data-id=\"32651df\" data-element_type=\"container\">\n\t\t\t\t<div class=\"elementor-element elementor-element-a968641 elementor-widget elementor-widget-text-editor\" data-id=\"a968641\" data-element_type=\"widget\" data-widget_type=\"text-editor.default\">\n\t\t\t\t<div class=\"elementor-widget-container\">\n\t\t\t\t\t\t\t\t\t<p>Das Projekt \u201c<strong><a href=\"https:\/\/www.qua.or.at\/projekte\/chance-gastronomie\/\" target=\"_blank\" rel=\"noopener\">Chance Gastronomie<\/a><\/strong>\u201d bietet interessierten arbeitssuchenden Personen wie auch Quereinsteiger*innen die M\u00f6glichkeit, sich Grundkenntnisse in den Bereichen <strong>K\u00fcche und Service<\/strong> anzueignen. Der praktische Teil steht im Mittelpunkt der 6-w\u00f6chigen Basisausbildung.<\/p><p>Der Projektstandort in Graz bietet eine gut ausgestattete Lehrk\u00fcche sowie einen Servicebereich inkl. Bar und Restaurant.\u00a0Mit dieser praxisbezogenen Basisausbildung haben die Teilnehmenden gute Chancen am Arbeitsmarkt.\u00a0<\/p>\t\t\t\t\t\t\t\t<\/div>\n\t\t\t\t<\/div>\n\t\t\t\t<div class=\"elementor-element elementor-element-64b61c8 elementor-widget elementor-widget-button\" data-id=\"64b61c8\" data-element_type=\"widget\" data-widget_type=\"button.default\">\n\t\t\t\t<div class=\"elementor-widget-container\">\n\t\t\t\t\t\t\t\t\t<div class=\"elementor-button-wrapper\">\n\t\t\t\t\t<a class=\"elementor-button elementor-button-link elementor-size-sm\" href=\"https:\/\/szf.at\/index.php\/ueber-das-szf\/kontakt-und-anreise\/\">\n\t\t\t\t\t\t<span class=\"elementor-button-content-wrapper\">\n\t\t\t\t\t\t\t\t\t<span class=\"elementor-button-text\">KONTAKT UND ANREISE<\/span>\n\t\t\t\t\t<\/span>\n\t\t\t\t\t<\/a>\n\t\t\t\t<\/div>\n\t\t\t\t\t\t\t\t<\/div>\n\t\t\t\t<\/div>\n\t\t\t\t<\/div>\n\t\t\t\t\t<\/div>\n\t\t\t\t<\/div>\n\t\t\t\t<\/div>","protected":false},"excerpt":{"rendered":"<p>STANDORTE STANDORT FOHNSDORF Derzeit bieten wir am Standort Fohnsdorf in den Bereichen Metalltechnik, Schwei\u00dftechnik, Elektrotechnik, Tourismus, Office und IT, Installations- und Geb\u00e4udetechnik,\u00a0CAD Technik und Transport\u00a0Qualifizierungen an. Das SZF stellt bei Bedarf interne wie externe Wohnm\u00f6glichkeiten, eine Vollverpflegung aus der hauseigenen K\u00fcche, Kantine sowie Freizeitm\u00f6glichkeiten zur Verf\u00fcgung. Direkt vor dem Haus ist eine Haltestelle des regionalen [&hellip;]<\/p>","protected":false},"author":1,"featured_media":0,"parent":33,"menu_order":0,"comment_status":"closed","ping_status":"closed","template":"","meta":{"footnotes":""},"class_list":["post-1481","page","type-page","status-publish","hentry"],"_links":{"self":[{"href":"https:\/\/szf.at\/en\/wp-json\/wp\/v2\/pages\/1481","targetHints":{"allow":["GET"]}}],"collection":[{"href":"https:\/\/szf.at\/en\/wp-json\/wp\/v2\/pages"}],"about":[{"href":"https:\/\/szf.at\/en\/wp-json\/wp\/v2\/types\/page"}],"author":[{"embeddable":true,"href":"https:\/\/szf.at\/en\/wp-json\/wp\/v2\/users\/1"}],"replies":[{"embeddable":true,"href":"https:\/\/szf.at\/en\/wp-json\/wp\/v2\/comments?post=1481"}],"version-history":[{"count":16,"href":"https:\/\/szf.at\/en\/wp-json\/wp\/v2\/pages\/1481\/revisions"}],"predecessor-version":[{"id":5174,"href":"https:\/\/szf.at\/en\/wp-json\/wp\/v2\/pages\/1481\/revisions\/5174"}],"up":[{"embeddable":true,"href":"https:\/\/szf.at\/en\/wp-json\/wp\/v2\/pages\/33"}],"wp:attachment":[{"href":"https:\/\/szf.at\/en\/wp-json\/wp\/v2\/media?parent=1481"}],"curies":[{"name":"wp","href":"https:\/\/api.w.org\/{rel}","templated":true}]}}