{"id":1494,"date":"2024-12-19T18:17:33","date_gmt":"2024-12-19T18:17:33","guid":{"rendered":"https:\/\/dev.mediadome.at\/szf\/?page_id=1494"},"modified":"2026-03-10T15:43:54","modified_gmt":"2026-03-10T15:43:54","slug":"deutschunterstuetzung","status":"publish","type":"page","link":"https:\/\/szf.at\/en\/qualifizierungen\/uebersicht-zusatzleistungen\/deutschunterstuetzung\/","title":{"rendered":"Deutschunterst\u00fctzung"},"content":{"rendered":"<div data-elementor-type=\"wp-page\" data-elementor-id=\"1494\" class=\"elementor elementor-1494\" data-elementor-post-type=\"page\">\n\t\t\t\t<div data-particle_enable=\"false\" data-particle-mobile-disabled=\"false\" class=\"elementor-element elementor-element-3d10fe5 e-con-full e-flex e-con e-parent\" data-id=\"3d10fe5\" data-element_type=\"container\" data-settings=\"{&quot;background_background&quot;:&quot;classic&quot;}\">\n\t\t<div data-particle_enable=\"false\" data-particle-mobile-disabled=\"false\" class=\"elementor-element elementor-element-c47a584 e-con-full e-flex e-con e-child\" data-id=\"c47a584\" data-element_type=\"container\">\n\t\t<div data-particle_enable=\"false\" data-particle-mobile-disabled=\"false\" class=\"elementor-element elementor-element-cbd1ae6 e-con-full e-flex e-con e-child\" data-id=\"cbd1ae6\" data-element_type=\"container\" data-settings=\"{&quot;position&quot;:&quot;absolute&quot;}\">\n\t\t\t\t<\/div>\n\t\t\t\t<div class=\"elementor-element elementor-element-d60819b elementor-widget__width-initial elementor-widget elementor-widget-heading\" data-id=\"d60819b\" data-element_type=\"widget\" data-widget_type=\"heading.default\">\n\t\t\t\t<div class=\"elementor-widget-container\">\n\t\t\t\t\t<h1 class=\"elementor-heading-title elementor-size-default\">DEUTSCHUNTERST\u00dcTZUNG<\/h1>\t\t\t\t<\/div>\n\t\t\t\t<\/div>\n\t\t\t\t<\/div>\n\t\t\t\t<\/div>\n\t\t<div data-particle_enable=\"false\" data-particle-mobile-disabled=\"false\" class=\"elementor-element elementor-element-f6471de elementor-hidden-widescreen elementor-hidden-desktop elementor-hidden-laptop elementor-hidden-tablet_extra elementor-hidden-tablet elementor-hidden-mobile_extra elementor-hidden-mobile e-flex e-con-boxed e-con e-parent\" data-id=\"f6471de\" data-element_type=\"container\" data-settings=\"{&quot;background_background&quot;:&quot;classic&quot;}\">\n\t\t\t\t\t<div class=\"e-con-inner\">\n\t\t\t\t<div class=\"elementor-element elementor-element-277aa44 elementor-widget__width-auto titlelayer elementor-widget elementor-widget-heading\" data-id=\"277aa44\" data-element_type=\"widget\" data-widget_type=\"heading.default\">\n\t\t\t\t<div class=\"elementor-widget-container\">\n\t\t\t\t\t<h2 class=\"elementor-heading-title elementor-size-default\">CLEARING<\/h2>\t\t\t\t<\/div>\n\t\t\t\t<\/div>\n\t\t\t\t\t<\/div>\n\t\t\t\t<\/div>\n\t\t<div data-particle_enable=\"false\" data-particle-mobile-disabled=\"false\" class=\"elementor-element elementor-element-737a3d7 elementor-hidden-widescreen elementor-hidden-desktop elementor-hidden-laptop elementor-hidden-tablet_extra elementor-hidden-tablet elementor-hidden-mobile_extra elementor-hidden-mobile e-flex e-con-boxed e-con e-parent\" data-id=\"737a3d7\" data-element_type=\"container\">\n\t\t\t\t\t<div class=\"e-con-inner\">\n\t\t\t\t<div class=\"elementor-element elementor-element-55c36fb elementor-widget elementor-widget-text-editor\" data-id=\"55c36fb\" data-element_type=\"widget\" data-widget_type=\"text-editor.default\">\n\t\t\t\t<div class=\"elementor-widget-container\">\n\t\t\t\t\t\t\t\t\t<h4>Green Jobs sind nachhaltige Jobs mit Zukunft<\/h4><p>Green Jobs bezeichnet Berufe, die sich positiv auf unsere Umwelt auswirken. Sie sind in vielen Branchen zu finden, aber eines haben sie gemeinsam: Alle Green Jobs besch\u00e4ftigen sich mit klimarelevanten T\u00e4tigkeiten. Wer Karriere machen will und zugleich zum gr\u00fcnen Wandel beitragen m\u00f6chte, w\u00e4hlt einen Zukunftsberuf mit Sinn. F\u00fcr die dringliche Energiewende und den vermehrten Umstieg auf alternative Energieformen werden viele Mitarbeiter*innen in diesen Bereichen gesucht. Mit den Aus- und Weiterbildung rund um Green Jobs sind Sie zukunftsfit und klimaaktiv.<\/p><h4>Green Jobs f\u00fcr nachhaltige Karrieren sind im SZF Fohnsdorf kofinanziert von der Europ\u00e4ischen Union<\/h4><p>Green Jobs bezeichnet Berufe, die sich positiv auf unsere Umwelt auswirken. Sie sind in vielen Branchen zu finden, aber eines haben sie gemeinsam: Alle Green Jobs besch\u00e4ftigen sich mit klimarelevanten T\u00e4tigkeiten. Wer Karriere machen will und zugleich zum gr\u00fcnen Wandel beitragen m\u00f6chte, w\u00e4hlt einen Zukunftsberuf mit Sinn. F\u00fcr die dringliche Energiewende und den vermehrten Umstieg auf alternative Energieformen werden viele Mitarbeiter*innen in diesen Bereichen gesucht. Mit den Aus- und Weiterbildung rund um Green Jobs sind Sie zukunftsfit und klimaaktiv.<\/p><h4>Green Skills als Teil der Qualifizierung<\/h4><p>In allen SZF-Qualifizierungen wird das Teilthema Green Skills Basic angeboten. Es umfasst 20 Wochenstunden und behandelt Kompetenzen und F\u00e4higkeiten im Bereich Umwelt und Nachhaltigkeit. Teilnehmende werden damit vertraut gemacht, Umweltthemen selbstst\u00e4ndig zu analysieren und konkrete Ma\u00dfnahmen zum Klima- und Umweltschutz zu identifizieren. Weiterf\u00fchrende Informationen zu Green Skills finden Sie\u00a0hier.<\/p>\t\t\t\t\t\t\t\t<\/div>\n\t\t\t\t<\/div>\n\t\t\t\t\t<\/div>\n\t\t\t\t<\/div>\n\t\t<div data-particle_enable=\"false\" data-particle-mobile-disabled=\"false\" class=\"elementor-element elementor-element-80de49d e-flex e-con-boxed e-con e-parent\" data-id=\"80de49d\" data-element_type=\"container\" data-settings=\"{&quot;background_background&quot;:&quot;classic&quot;}\">\n\t\t\t\t\t<div class=\"e-con-inner\">\n\t\t\t\t<div class=\"elementor-element elementor-element-807f227 elementor-widget__width-auto titlelayer elementor-widget elementor-widget-heading\" data-id=\"807f227\" data-element_type=\"widget\" data-widget_type=\"heading.default\">\n\t\t\t\t<div class=\"elementor-widget-container\">\n\t\t\t\t\t<h2 class=\"elementor-heading-title elementor-size-default\">QUALIFIZIERUNG MIT DEUTSCH<\/h2>\t\t\t\t<\/div>\n\t\t\t\t<\/div>\n\t\t\t\t<div class=\"elementor-element elementor-element-a8104d1 elementor-widget elementor-widget-text-editor\" data-id=\"a8104d1\" data-element_type=\"widget\" data-widget_type=\"text-editor.default\">\n\t\t\t\t<div class=\"elementor-widget-container\">\n\t\t\t\t\t\t\t\t\t<p>In den unten angef\u00fchrten Qualifizierungen bekommen Sie eine Deutschunterst\u00fctzung. So k\u00f6nnen Sie Ihre sprachlichen und fachlichen F\u00e4higkeiten gleichzeitig verbessern. Die unten stehenden Qualifizierungen bieten wir mit Deutsch an.<\/p>\t\t\t\t\t\t\t\t<\/div>\n\t\t\t\t<\/div>\n\t\t\t\t\t<\/div>\n\t\t\t\t<\/div>\n\t\t<div data-particle_enable=\"false\" data-particle-mobile-disabled=\"false\" class=\"elementor-element elementor-element-90474e5 e-grid e-con-boxed e-con e-parent\" data-id=\"90474e5\" data-element_type=\"container\">\n\t\t\t\t\t<div class=\"e-con-inner\">\n\t\t\t\t<div class=\"elementor-element elementor-element-67450b2 qualiimage elementor-widget elementor-widget-image\" data-id=\"67450b2\" data-element_type=\"widget\" data-widget_type=\"image.default\">\n\t\t\t\t<div class=\"elementor-widget-container\">\n\t\t\t\t\t\t\t\t\t\t\t\t<figure class=\"wp-caption\">\n\t\t\t\t\t\t\t\t\t\t\t<a href=\"https:\/\/szf.at\/index.php\/mitarbeierin-kueche\">\n\t\t\t\t\t\t\t<img fetchpriority=\"high\" decoding=\"async\" width=\"800\" height=\"532\" src=\"data:image\/gif;base64,R0lGODlhAQABAAAAACH5BAEKAAEALAAAAAABAAEAAAICTAEAOw==\" class=\"attachment-large size-large wp-image-3742 lazyload\" alt=\"\" sizes=\"(max-width: 800px) 100vw, 800px\" data-src=\"https:\/\/szf.at\/wp-content\/uploads\/2025\/01\/SPECKNER-186-von-400-1024x681.jpg\" data-srcset=\"https:\/\/szf.at\/wp-content\/uploads\/2025\/01\/SPECKNER-186-von-400-1024x681.jpg 1024w, https:\/\/szf.at\/wp-content\/uploads\/2025\/01\/SPECKNER-186-von-400-300x200.jpg 300w, https:\/\/szf.at\/wp-content\/uploads\/2025\/01\/SPECKNER-186-von-400-768x511.jpg 768w, https:\/\/szf.at\/wp-content\/uploads\/2025\/01\/SPECKNER-186-von-400.jpg 1240w\">\t\t\t\t\t\t\t\t<\/a>\n\t\t\t\t\t\t\t\t\t\t\t<figcaption class=\"widget-image-caption wp-caption-text\">MITARBEITER*IN K\u00dcCHE<\/figcaption>\n\t\t\t\t\t\t\t\t\t\t<\/figure>\n\t\t\t\t\t\t\t\t\t<\/div>\n\t\t\t\t<\/div>\n\t\t\t\t<div class=\"elementor-element elementor-element-fa192c1 qualiimage elementor-widget elementor-widget-image\" data-id=\"fa192c1\" data-element_type=\"widget\" data-widget_type=\"image.default\">\n\t\t\t\t<div class=\"elementor-widget-container\">\n\t\t\t\t\t\t\t\t\t\t\t\t<figure class=\"wp-caption\">\n\t\t\t\t\t\t\t\t\t\t\t<a href=\"https:\/\/szf.at\/index.php\/mitarbeierin-service\">\n\t\t\t\t\t\t\t<img decoding=\"async\" width=\"800\" height=\"534\" src=\"data:image\/gif;base64,R0lGODlhAQABAAAAACH5BAEKAAEALAAAAAABAAEAAAICTAEAOw==\" class=\"attachment-large size-large wp-image-1267 lazyload\" alt=\"\" sizes=\"(max-width: 800px) 100vw, 800px\" data-src=\"https:\/\/szf.at\/wp-content\/uploads\/2024\/11\/TOURISMUS_2021-5226-1024x683.jpg\" data-srcset=\"https:\/\/szf.at\/wp-content\/uploads\/2024\/11\/TOURISMUS_2021-5226-1024x683.jpg 1024w, https:\/\/szf.at\/wp-content\/uploads\/2024\/11\/TOURISMUS_2021-5226-300x200.jpg 300w, https:\/\/szf.at\/wp-content\/uploads\/2024\/11\/TOURISMUS_2021-5226-768x512.jpg 768w, https:\/\/szf.at\/wp-content\/uploads\/2024\/11\/TOURISMUS_2021-5226.jpg 1240w\">\t\t\t\t\t\t\t\t<\/a>\n\t\t\t\t\t\t\t\t\t\t\t<figcaption class=\"widget-image-caption wp-caption-text\">MITARBEITER*IN SERVICE<\/figcaption>\n\t\t\t\t\t\t\t\t\t\t<\/figure>\n\t\t\t\t\t\t\t\t\t<\/div>\n\t\t\t\t<\/div>\n\t\t\t\t\t<\/div>\n\t\t\t\t<\/div>\n\t\t<div data-particle_enable=\"false\" data-particle-mobile-disabled=\"false\" class=\"elementor-element elementor-element-8268980 e-flex e-con-boxed e-con e-parent\" data-id=\"8268980\" data-element_type=\"container\" data-settings=\"{&quot;background_background&quot;:&quot;classic&quot;}\">\n\t\t\t\t\t<div class=\"e-con-inner\">\n\t\t\t\t<div class=\"elementor-element elementor-element-9750c23 elementor-widget__width-auto titlelayer elementor-widget elementor-widget-heading\" data-id=\"9750c23\" data-element_type=\"widget\" data-widget_type=\"heading.default\">\n\t\t\t\t<div class=\"elementor-widget-container\">\n\t\t\t\t\t<h2 class=\"elementor-heading-title elementor-size-default\">INTEGRIERTE DEUTSCHUNTERST\u00dcTZUNG<\/h2>\t\t\t\t<\/div>\n\t\t\t\t<\/div>\n\t\t\t\t<div class=\"elementor-element elementor-element-1c41a41 elementor-widget elementor-widget-text-editor\" data-id=\"1c41a41\" data-element_type=\"widget\" data-widget_type=\"text-editor.default\">\n\t\t\t\t<div class=\"elementor-widget-container\">\n\t\t\t\t\t\t\t\t\t<h4>Deutsch-Trainer*innen begleiten Ihre Qualifizierung<\/h4><p>In fast allen Bereichen k\u00f6nnen Sie von der integrierten Deutschunterst\u00fctzung profitieren. Ein Deutsch-Trainer oder eine Deutsch-Trainerin begleitet Sie bei Ihrer Qualifizierung. Sie steigern Ihr K\u00f6nnen in diesem Bereich und lernen gleichzeitig Deutsch.<\/p>\t\t\t\t\t\t\t\t<\/div>\n\t\t\t\t<\/div>\n\t\t\t\t\t<\/div>\n\t\t\t\t<\/div>\n\t\t<div data-particle_enable=\"false\" data-particle-mobile-disabled=\"false\" class=\"elementor-element elementor-element-6d2f316 e-flex e-con-boxed e-con e-parent\" data-id=\"6d2f316\" data-element_type=\"container\" data-settings=\"{&quot;background_background&quot;:&quot;classic&quot;}\">\n\t\t\t\t\t<div class=\"e-con-inner\">\n\t\t\t\t<div class=\"elementor-element elementor-element-7fb4c65 elementor-widget__width-auto titlelayer elementor-widget elementor-widget-heading\" data-id=\"7fb4c65\" data-element_type=\"widget\" data-widget_type=\"heading.default\">\n\t\t\t\t<div class=\"elementor-widget-container\">\n\t\t\t\t\t<h2 class=\"elementor-heading-title elementor-size-default\">\u00d6IF INTEGRATIONSPR\u00dcFUNGEN<\/h2>\t\t\t\t<\/div>\n\t\t\t\t<\/div>\n\t\t\t\t<div class=\"elementor-element elementor-element-45d004a elementor-widget elementor-widget-text-editor\" data-id=\"45d004a\" data-element_type=\"widget\" data-widget_type=\"text-editor.default\">\n\t\t\t\t<div class=\"elementor-widget-container\">\n\t\t\t\t\t\t\t\t\t<h4>Wir sind ein zertifiziertes \u00d6IF-Testcenter<\/h4>\n<p>Sie k\u00f6nnen bei uns Pr\u00fcfungen ablegen. Danach erhalten Sie ein \u00d6IF-Zertifikat mit Ihrem aktuellen Deutschniveau.<\/p>\n<p><span style=\"text-decoration: underline;\">Pr\u00fcfungstermine:<\/span><\/p>\n<ul>\n<li>13.04.2026 \u2013 Integrationspr\u00fcfung B1&nbsp;<\/li>\n<\/ul>\t\t\t\t\t\t\t\t<\/div>\n\t\t\t\t<\/div>\n\t\t\t\t\t<\/div>\n\t\t\t\t<\/div>\n\t\t<div data-particle_enable=\"false\" data-particle-mobile-disabled=\"false\" class=\"elementor-element elementor-element-4256fc26 e-flex e-con-boxed e-con e-parent\" data-id=\"4256fc26\" data-element_type=\"container\" data-settings=\"{&quot;background_background&quot;:&quot;classic&quot;}\">\n\t\t\t\t\t<div class=\"e-con-inner\">\n\t\t\t\t<div class=\"elementor-element elementor-element-78f8a10 elementor-widget__width-auto titlelayer elementor-widget elementor-widget-heading\" data-id=\"78f8a10\" data-element_type=\"widget\" data-widget_type=\"heading.default\">\n\t\t\t\t<div class=\"elementor-widget-container\">\n\t\t\t\t\t<h2 class=\"elementor-heading-title elementor-size-default\">Ansprechpersonen<\/h2>\t\t\t\t<\/div>\n\t\t\t\t<\/div>\n\t\t\t\t<div class=\"elementor-element elementor-element-6604f0e7 elementor-widget elementor-widget-text-editor\" data-id=\"6604f0e7\" data-element_type=\"widget\" data-widget_type=\"text-editor.default\">\n\t\t\t\t<div class=\"elementor-widget-container\">\n\t\t\t\t\t\t\t\t\t<h4><span style=\"background-color: var( --e-global-color-accent ); text-align: var(--text-align); color: inherit;\">Sie haben noch Fragen?<\/span><\/h4><p>Wir freuen uns \u00fcber Ihren Anruf oder Ihr E-Mail!<\/p>\t\t\t\t\t\t\t\t<\/div>\n\t\t\t\t<\/div>\n\t\t\t\t<div class=\"elementor-element elementor-element-594c9d7e team elementor-widget elementor-widget-rttm-team-list\" data-id=\"594c9d7e\" data-element_type=\"widget\" data-widget_type=\"rttm-team-list.default\">\n\t\t\t\t<div class=\"elementor-widget-container\">\n\t\t\t\t\t<div class=\"rt-team-container rt-elementor-container rt-pos-r rt-team-container-elementor rt-hover-zoom_in\" id=\"rt-team-container-2568447740\" data-layout=\"layout2\" data-desktop-col=\"2\" data-tab-col=\"2\" data-mobile-col=\"1\" data-sc-id=\"elementor\" data-rttm-pagination='{\"layout\":\"layout2\",\"dCols\":2,\"tCols\":2,\"mCols\":1,\"postIn\":[],\"postNotIn\":[],\"limit\":12,\"pagination\":false,\"postsPerPage\":\"\",\"order_by\":\"date\",\"order\":\"DESC\",\"department_ids\":[],\"designation_ids\":[\"77\"],\"link\":false,\"fImg\":false,\"fImgSize\":\"team-thumb\",\"customImgSize\":{\"crop\":\"\"},\"character_limit\":0,\"after_short_desc\":\"\",\"read_more_btn_text\":\"\",\"my_resume_text\":\"\",\"hire_me_text\":\"\",\"visibility\":[\"name\",\"designation\",\"short_bio\",\"email\",\"telephone\",\"mobile\",\"social\"],\"social_profiles\":[],\"posts_loading_type\":\"pagination\",\"load_more_text\":\"Load More\",\"relation\":\"OR\",\"iCol\":4,\"gridType\":\"even\",\"linkType\":\"external_link\",\"popupType\":\"single\",\"target\":\"_self\",\"grayscale\":false,\"stripedRow\":false,\"defaultImgId\":null,\"filter_buttons\":false,\"filters\":[],\"taxFilter\":\"team_department\",\"action_term\":0,\"isoFilterTaxonomy\":\"team_department\",\"filterType\":null,\"hide_all_button\":true,\"tItem\":0,\"fShowAll\":false,\"animation\":\"zoom_in\"}'><div data-title=\"Loading ...\" class=\"rt-row rt-content-loader element-loading layout2 ttp-even ttp-pre-loader\"><div class=\"rt-col-md-6 rt-col-sm-6 rt-col-xs-12   even-grid-item rt-grid-item rt-ready-animation animated fadeIn\" data-id=\"11361\"><div class=\"single-team-area\"><div class=\"img-area rt-col-sm-4 rt-col-xs-4\"><figure><img decoding=\"async\" width=\"400\" height=\"400\" src=\"data:image\/gif;base64,R0lGODlhAQABAAAAACH5BAEKAAEALAAAAAABAAEAAAICTAEAOw==\" class=\"img-responsive rt-team-img lazyload\" alt=\"Sabine Puber\" data-src=\"https:\/\/szf.at\/wp-content\/uploads\/2026\/02\/Puber-Sabine-Profilbild-Google-und-EDU_2021.04.07-400x400.jpg\"><\/figure><\/div><div class=\"rttm-content-area rt-col-sm-8 rt-col-xs-8\"><h3><span class=\"team-name\">Sabine Puber<\/span><\/h3><div class=\"tlp-position\">Individuelles Deutsch<\/div><div class=\"contact-info\"><ul><li class=\"tlp-email\"><i class=\"far fa-envelope\"><\/i><a href=\"mailto:deutsch@szf.at\"><span class=\"tlp-email\">deutsch@szf.at<\/span><\/a><\/li><li class=\"tlp-phone\"><i class=\"fa fa-phone-alt\"><\/i><a href=\"tel: 43 3573 6060 6016\" class=\"tlp-phone\">+43 3573 6060 6016<\/a><\/li><\/ul><\/div><\/div><\/div><\/div><div class=\"rt-loading-overlay full-op\"><\/div><div class=\"rt-loading rt-ball-clip-rotate\"><div><\/div><\/div><\/div><\/div>\t\t\t\t<\/div>\n\t\t\t\t<\/div>\n\t\t\t\t\t<\/div>\n\t\t\t\t<\/div>\n\t\t\t\t<\/div>","protected":false},"excerpt":{"rendered":"<p>DEUTSCHUNTERST\u00dcTZUNG CLEARING Green Jobs sind nachhaltige Jobs mit Zukunft Green Jobs bezeichnet Berufe, die sich positiv auf unsere Umwelt auswirken. Sie sind in vielen Branchen zu finden, aber eines haben sie gemeinsam: Alle Green Jobs besch\u00e4ftigen sich mit klimarelevanten T\u00e4tigkeiten. Wer Karriere machen will und zugleich zum gr\u00fcnen Wandel beitragen m\u00f6chte, w\u00e4hlt einen Zukunftsberuf mit [&hellip;]<\/p>","protected":false},"author":1,"featured_media":0,"parent":263,"menu_order":0,"comment_status":"closed","ping_status":"closed","template":"","meta":{"footnotes":""},"class_list":["post-1494","page","type-page","status-publish","hentry"],"_links":{"self":[{"href":"https:\/\/szf.at\/en\/wp-json\/wp\/v2\/pages\/1494","targetHints":{"allow":["GET"]}}],"collection":[{"href":"https:\/\/szf.at\/en\/wp-json\/wp\/v2\/pages"}],"about":[{"href":"https:\/\/szf.at\/en\/wp-json\/wp\/v2\/types\/page"}],"author":[{"embeddable":true,"href":"https:\/\/szf.at\/en\/wp-json\/wp\/v2\/users\/1"}],"replies":[{"embeddable":true,"href":"https:\/\/szf.at\/en\/wp-json\/wp\/v2\/comments?post=1494"}],"version-history":[{"count":49,"href":"https:\/\/szf.at\/en\/wp-json\/wp\/v2\/pages\/1494\/revisions"}],"predecessor-version":[{"id":11561,"href":"https:\/\/szf.at\/en\/wp-json\/wp\/v2\/pages\/1494\/revisions\/11561"}],"up":[{"embeddable":true,"href":"https:\/\/szf.at\/en\/wp-json\/wp\/v2\/pages\/263"}],"wp:attachment":[{"href":"https:\/\/szf.at\/en\/wp-json\/wp\/v2\/media?parent=1494"}],"curies":[{"name":"wp","href":"https:\/\/api.w.org\/{rel}","templated":true}]}}