{"id":1505,"date":"2024-12-19T13:23:02","date_gmt":"2024-12-19T13:23:02","guid":{"rendered":"https:\/\/dev.mediadome.at\/szf\/?page_id=1505"},"modified":"2026-01-20T12:06:59","modified_gmt":"2026-01-20T12:06:59","slug":"faq","status":"publish","type":"page","link":"https:\/\/szf.at\/en\/faq\/","title":{"rendered":"FAQ"},"content":{"rendered":"<div data-elementor-type=\"wp-page\" data-elementor-id=\"1505\" class=\"elementor elementor-1505\" data-elementor-post-type=\"page\">\n\t\t\t\t<div data-particle_enable=\"false\" data-particle-mobile-disabled=\"false\" class=\"elementor-element elementor-element-4b16850 e-con-full e-flex e-con e-parent\" data-id=\"4b16850\" data-element_type=\"container\" data-settings=\"{&quot;background_background&quot;:&quot;classic&quot;}\">\n\t\t<div data-particle_enable=\"false\" data-particle-mobile-disabled=\"false\" class=\"elementor-element elementor-element-d98aded e-con-full e-flex e-con e-child\" data-id=\"d98aded\" data-element_type=\"container\">\n\t\t<div data-particle_enable=\"false\" data-particle-mobile-disabled=\"false\" class=\"elementor-element elementor-element-ac7e9c7 e-con-full e-flex e-con e-child\" data-id=\"ac7e9c7\" data-element_type=\"container\" data-settings=\"{&quot;position&quot;:&quot;absolute&quot;}\">\n\t\t\t\t<\/div>\n\t\t\t\t<div class=\"elementor-element elementor-element-610de62 elementor-widget__width-initial elementor-widget elementor-widget-heading\" data-id=\"610de62\" data-element_type=\"widget\" data-widget_type=\"heading.default\">\n\t\t\t\t<div class=\"elementor-widget-container\">\n\t\t\t\t\t<h1 class=\"elementor-heading-title elementor-size-default\">FAQ<\/h1>\t\t\t\t<\/div>\n\t\t\t\t<\/div>\n\t\t\t\t<\/div>\n\t\t\t\t<\/div>\n\t\t<div data-particle_enable=\"false\" data-particle-mobile-disabled=\"false\" class=\"elementor-element elementor-element-ffa6756 e-flex e-con-boxed e-con e-parent\" data-id=\"ffa6756\" data-element_type=\"container\" data-settings=\"{&quot;background_background&quot;:&quot;classic&quot;}\">\n\t\t\t\t\t<div class=\"e-con-inner\">\n\t\t\t\t<div class=\"elementor-element elementor-element-7c17535 elementor-widget__width-auto titlelayer elementor-widget elementor-widget-heading\" data-id=\"7c17535\" data-element_type=\"widget\" data-widget_type=\"heading.default\">\n\t\t\t\t<div class=\"elementor-widget-container\">\n\t\t\t\t\t<h2 class=\"elementor-heading-title elementor-size-default\">Antworten auf ihre fragen<\/h2>\t\t\t\t<\/div>\n\t\t\t\t<\/div>\n\t\t\t\t<div class=\"elementor-element elementor-element-c254cb3 elementor-widget elementor-widget-eael-adv-accordion\" data-id=\"c254cb3\" data-element_type=\"widget\" data-widget_type=\"eael-adv-accordion.default\">\n\t\t\t\t<div class=\"elementor-widget-container\">\n\t\t\t\t\t        <div class=\"eael-adv-accordion\" id=\"eael-adv-accordion-c254cb3\" data-scroll-on-click=\"no\" data-scroll-speed=\"300\" data-accordion-id=\"c254cb3\" data-accordion-type=\"toggle\" data-toogle-speed=\"300\">\n    <div class=\"eael-accordion-list\">\n                <div id=\"an-welchen-tagen-finden-qualifizierungen-statt\" class=\"elementor-tab-title eael-accordion-header\" tabindex=\"0\" data-tab=\"1\" aria-controls=\"elementor-tab-content-2031\"><p class=\"eael-accordion-tab-title\">An welchen Tagen finden Qualifizierungen statt?<\/p><span class=\"eael-advanced-accordion-icon-closed\"><svg aria-hidden=\"true\" class=\"fa-accordion-icon e-font-icon-svg e-fas-plus\" viewbox=\"0 0 448 512\" xmlns=\"http:\/\/www.w3.org\/2000\/svg\"><path d=\"M416 208H272V64c0-17.67-14.33-32-32-32h-32c-17.67 0-32 14.33-32 32v144H32c-17.67 0-32 14.33-32 32v32c0 17.67 14.33 32 32 32h144v144c0 17.67 14.33 32 32 32h32c17.67 0 32-14.33 32-32V304h144c17.67 0 32-14.33 32-32v-32c0-17.67-14.33-32-32-32z\"><\/path><\/svg><\/span><span class=\"eael-advanced-accordion-icon-opened\"><svg aria-hidden=\"true\" class=\"fa-accordion-icon e-font-icon-svg e-fas-minus\" viewbox=\"0 0 448 512\" xmlns=\"http:\/\/www.w3.org\/2000\/svg\"><path d=\"M416 208H32c-17.67 0-32 14.33-32 32v32c0 17.67 14.33 32 32 32h384c17.67 0 32-14.33 32-32v-32c0-17.67-14.33-32-32-32z\"><\/path><\/svg><\/span><\/div><div id=\"elementor-tab-content-2031\" class=\"eael-accordion-content clearfix\" data-tab=\"1\" aria-labelledby=\"an-welchen-tagen-finden-qualifizierungen-statt\"><p>Die Qualifizierung findet in der Regel von Montag bis Freitag statt. Zu beachten sind jedoch die ausbildungsfreien Tage (Feiertage und Fenstertage).<\/p><\/div>\n                <\/div><div class=\"eael-accordion-list\">\n                <div id=\"wann-sind-die-ausbildungsfreien-tage\" class=\"elementor-tab-title eael-accordion-header\" tabindex=\"0\" data-tab=\"2\" aria-controls=\"elementor-tab-content-2032\"><p class=\"eael-accordion-tab-title\">Wann sind die ausbildungsfreien Tage?<\/p><span class=\"eael-advanced-accordion-icon-closed\"><svg aria-hidden=\"true\" class=\"fa-accordion-icon e-font-icon-svg e-fas-plus\" viewbox=\"0 0 448 512\" xmlns=\"http:\/\/www.w3.org\/2000\/svg\"><path d=\"M416 208H272V64c0-17.67-14.33-32-32-32h-32c-17.67 0-32 14.33-32 32v144H32c-17.67 0-32 14.33-32 32v32c0 17.67 14.33 32 32 32h144v144c0 17.67 14.33 32 32 32h32c17.67 0 32-14.33 32-32V304h144c17.67 0 32-14.33 32-32v-32c0-17.67-14.33-32-32-32z\"><\/path><\/svg><\/span><span class=\"eael-advanced-accordion-icon-opened\"><svg aria-hidden=\"true\" class=\"fa-accordion-icon e-font-icon-svg e-fas-minus\" viewbox=\"0 0 448 512\" xmlns=\"http:\/\/www.w3.org\/2000\/svg\"><path d=\"M416 208H32c-17.67 0-32 14.33-32 32v32c0 17.67 14.33 32 32 32h384c17.67 0 32-14.33 32-32v-32c0-17.67-14.33-32-32-32z\"><\/path><\/svg><\/span><\/div><div id=\"elementor-tab-content-2032\" class=\"eael-accordion-content clearfix\" data-tab=\"2\" aria-labelledby=\"wann-sind-die-ausbildungsfreien-tage\"><p>Ausbildungsfreie Tage sind gesetzliche Feiertage sowie div. Fenstertage. Alle ausbildungsfreien Tage f\u00fcr Ihren Standort finden Sie in der <a href=\"https:\/\/web.edu.szf.at\/\">EDU4ME<\/a>. Darauf haben Sie Zugriff, sobald Sie eine Qualifizierung im SZF gestartet haben.<\/p><\/div>\n                <\/div><div class=\"eael-accordion-list\">\n                <div id=\"was-mache-ich-wenn-ich-noch-nicht-genau-wei-was-ich-beruflich-machen-mchte\" class=\"elementor-tab-title eael-accordion-header\" tabindex=\"0\" data-tab=\"3\" aria-controls=\"elementor-tab-content-2033\"><p class=\"eael-accordion-tab-title\">Was mache ich, wenn ich noch nicht genau wei\u00df, was ich beruflich machen m\u00f6chte?<\/p><span class=\"eael-advanced-accordion-icon-closed\"><svg aria-hidden=\"true\" class=\"fa-accordion-icon e-font-icon-svg e-fas-plus\" viewbox=\"0 0 448 512\" xmlns=\"http:\/\/www.w3.org\/2000\/svg\"><path d=\"M416 208H272V64c0-17.67-14.33-32-32-32h-32c-17.67 0-32 14.33-32 32v144H32c-17.67 0-32 14.33-32 32v32c0 17.67 14.33 32 32 32h144v144c0 17.67 14.33 32 32 32h32c17.67 0 32-14.33 32-32V304h144c17.67 0 32-14.33 32-32v-32c0-17.67-14.33-32-32-32z\"><\/path><\/svg><\/span><span class=\"eael-advanced-accordion-icon-opened\"><svg aria-hidden=\"true\" class=\"fa-accordion-icon e-font-icon-svg e-fas-minus\" viewbox=\"0 0 448 512\" xmlns=\"http:\/\/www.w3.org\/2000\/svg\"><path d=\"M416 208H32c-17.67 0-32 14.33-32 32v32c0 17.67 14.33 32 32 32h384c17.67 0 32-14.33 32-32v-32c0-17.67-14.33-32-32-32z\"><\/path><\/svg><\/span><\/div><div id=\"elementor-tab-content-2033\" class=\"eael-accordion-content clearfix\" data-tab=\"3\" aria-labelledby=\"was-mache-ich-wenn-ich-noch-nicht-genau-wei-was-ich-beruflich-machen-mchte\"><p>Sie k\u00f6nnen sich hierzu entweder mit Ihrem\/Ihrer AMS-Berater*in in Verbindung setzen oder sich innerhalb unseres Recruitingprozesses \u00fcber Ihre beruflichen Chancen informieren.<\/p><\/div>\n                <\/div><div class=\"eael-accordion-list\">\n                <div id=\"wen-kann-ich-kontaktieren-wenn-ich-fragen-habe\" class=\"elementor-tab-title eael-accordion-header\" tabindex=\"0\" data-tab=\"4\" aria-controls=\"elementor-tab-content-2034\"><p class=\"eael-accordion-tab-title\">Wen kann ich kontaktieren, wenn ich Fragen habe?<\/p><span class=\"eael-advanced-accordion-icon-closed\"><svg aria-hidden=\"true\" class=\"fa-accordion-icon e-font-icon-svg e-fas-plus\" viewbox=\"0 0 448 512\" xmlns=\"http:\/\/www.w3.org\/2000\/svg\"><path d=\"M416 208H272V64c0-17.67-14.33-32-32-32h-32c-17.67 0-32 14.33-32 32v144H32c-17.67 0-32 14.33-32 32v32c0 17.67 14.33 32 32 32h144v144c0 17.67 14.33 32 32 32h32c17.67 0 32-14.33 32-32V304h144c17.67 0 32-14.33 32-32v-32c0-17.67-14.33-32-32-32z\"><\/path><\/svg><\/span><span class=\"eael-advanced-accordion-icon-opened\"><svg aria-hidden=\"true\" class=\"fa-accordion-icon e-font-icon-svg e-fas-minus\" viewbox=\"0 0 448 512\" xmlns=\"http:\/\/www.w3.org\/2000\/svg\"><path d=\"M416 208H32c-17.67 0-32 14.33-32 32v32c0 17.67 14.33 32 32 32h384c17.67 0 32-14.33 32-32v-32c0-17.67-14.33-32-32-32z\"><\/path><\/svg><\/span><\/div><div id=\"elementor-tab-content-2034\" class=\"eael-accordion-content clearfix\" data-tab=\"4\" aria-labelledby=\"wen-kann-ich-kontaktieren-wenn-ich-fragen-habe\"><p>Kontaktieren Sie gerne das Team des Kund*innenservice. Die Mitarbeiter*innen des Teams leiten Sie gerne zur passenden Ansprechperson weiter. Nutzen Sie hierf\u00fcr die Kontaktdaten oder das Kontaktformular.<\/p><\/div>\n                <\/div><div class=\"eael-accordion-list\">\n                <div id=\"wann-habe-ich-anspruch-auf-ein-zimmer\" class=\"elementor-tab-title eael-accordion-header\" tabindex=\"0\" data-tab=\"5\" aria-controls=\"elementor-tab-content-2035\"><p class=\"eael-accordion-tab-title\">Wann habe ich Anspruch auf ein Zimmer?<\/p><span class=\"eael-advanced-accordion-icon-closed\"><svg aria-hidden=\"true\" class=\"fa-accordion-icon e-font-icon-svg e-fas-plus\" viewbox=\"0 0 448 512\" xmlns=\"http:\/\/www.w3.org\/2000\/svg\"><path d=\"M416 208H272V64c0-17.67-14.33-32-32-32h-32c-17.67 0-32 14.33-32 32v144H32c-17.67 0-32 14.33-32 32v32c0 17.67 14.33 32 32 32h144v144c0 17.67 14.33 32 32 32h32c17.67 0 32-14.33 32-32V304h144c17.67 0 32-14.33 32-32v-32c0-17.67-14.33-32-32-32z\"><\/path><\/svg><\/span><span class=\"eael-advanced-accordion-icon-opened\"><svg aria-hidden=\"true\" class=\"fa-accordion-icon e-font-icon-svg e-fas-minus\" viewbox=\"0 0 448 512\" xmlns=\"http:\/\/www.w3.org\/2000\/svg\"><path d=\"M416 208H32c-17.67 0-32 14.33-32 32v32c0 17.67 14.33 32 32 32h384c17.67 0 32-14.33 32-32v-32c0-17.67-14.33-32-32-32z\"><\/path><\/svg><\/span><\/div><div id=\"elementor-tab-content-2035\" class=\"eael-accordion-content clearfix\" data-tab=\"5\" aria-labelledby=\"wann-habe-ich-anspruch-auf-ein-zimmer\"><p>Das Schulungszentrum bietet am Standort Fohnsdorf f\u00fcr Teilnehmende, die au\u00dferhalb des Bezirkes Murtal wohnen, Unterkunft und Verpflegung an. Die Kosten daf\u00fcr \u00fcbernimmt das AMS.\u00a0<\/p><\/div>\n                <\/div><div class=\"eael-accordion-list\">\n                <div id=\"wann-und-was-kann-ich-im-szf-essen\" class=\"elementor-tab-title eael-accordion-header\" tabindex=\"0\" data-tab=\"6\" aria-controls=\"elementor-tab-content-2036\"><p class=\"eael-accordion-tab-title\">Wann und was kann ich im SZF essen?<\/p><span class=\"eael-advanced-accordion-icon-closed\"><svg aria-hidden=\"true\" class=\"fa-accordion-icon e-font-icon-svg e-fas-plus\" viewbox=\"0 0 448 512\" xmlns=\"http:\/\/www.w3.org\/2000\/svg\"><path d=\"M416 208H272V64c0-17.67-14.33-32-32-32h-32c-17.67 0-32 14.33-32 32v144H32c-17.67 0-32 14.33-32 32v32c0 17.67 14.33 32 32 32h144v144c0 17.67 14.33 32 32 32h32c17.67 0 32-14.33 32-32V304h144c17.67 0 32-14.33 32-32v-32c0-17.67-14.33-32-32-32z\"><\/path><\/svg><\/span><span class=\"eael-advanced-accordion-icon-opened\"><svg aria-hidden=\"true\" class=\"fa-accordion-icon e-font-icon-svg e-fas-minus\" viewbox=\"0 0 448 512\" xmlns=\"http:\/\/www.w3.org\/2000\/svg\"><path d=\"M416 208H32c-17.67 0-32 14.33-32 32v32c0 17.67 14.33 32 32 32h384c17.67 0 32-14.33 32-32v-32c0-17.67-14.33-32-32-32z\"><\/path><\/svg><\/span><\/div><div id=\"elementor-tab-content-2036\" class=\"eael-accordion-content clearfix\" data-tab=\"6\" aria-labelledby=\"wann-und-was-kann-ich-im-szf-essen\"><p>Wenn Sie ein Zimmer in Anspruch nehmen, erhalten Sie auch noch Fr\u00fchst\u00fcck und Abendessen, das Sie kostenlos bei uns einnehmen k\u00f6nnen. F\u00fcr alle Teilnehmenden gibt es die M\u00f6glichkeit zu Mittag im SZF zu essen. Sie k\u00f6nnen von Montag bis Donnerstag zwischen einem vegetarischen und einem Fleischgericht w\u00e4hlen. Dieser Service ist ausschlie\u00dflich am Standort Fohnsdorf m\u00f6glich. Weitere Informationen finden Sie <a href=\"https:\/\/szf.at\/en\/ueber-das-szf\/aufenthalt\/verpflegung\/\">hier<\/a>.<\/p><\/div>\n                <\/div><div class=\"eael-accordion-list\">\n                <div id=\"wann-soll-ich-bekannt-geben-dass-ich-gerne-ein-zimmer-htte\" class=\"elementor-tab-title eael-accordion-header\" tabindex=\"0\" data-tab=\"7\" aria-controls=\"elementor-tab-content-2037\"><p class=\"eael-accordion-tab-title\">Wann soll ich bekannt geben, dass ich gerne ein Zimmer h\u00e4tte?<\/p><span class=\"eael-advanced-accordion-icon-closed\"><svg aria-hidden=\"true\" class=\"fa-accordion-icon e-font-icon-svg e-fas-plus\" viewbox=\"0 0 448 512\" xmlns=\"http:\/\/www.w3.org\/2000\/svg\"><path d=\"M416 208H272V64c0-17.67-14.33-32-32-32h-32c-17.67 0-32 14.33-32 32v144H32c-17.67 0-32 14.33-32 32v32c0 17.67 14.33 32 32 32h144v144c0 17.67 14.33 32 32 32h32c17.67 0 32-14.33 32-32V304h144c17.67 0 32-14.33 32-32v-32c0-17.67-14.33-32-32-32z\"><\/path><\/svg><\/span><span class=\"eael-advanced-accordion-icon-opened\"><svg aria-hidden=\"true\" class=\"fa-accordion-icon e-font-icon-svg e-fas-minus\" viewbox=\"0 0 448 512\" xmlns=\"http:\/\/www.w3.org\/2000\/svg\"><path d=\"M416 208H32c-17.67 0-32 14.33-32 32v32c0 17.67 14.33 32 32 32h384c17.67 0 32-14.33 32-32v-32c0-17.67-14.33-32-32-32z\"><\/path><\/svg><\/span><\/div><div id=\"elementor-tab-content-2037\" class=\"eael-accordion-content clearfix\" data-tab=\"7\" aria-labelledby=\"wann-soll-ich-bekannt-geben-dass-ich-gerne-ein-zimmer-htte\"><p>Vor Ihrem ersten Qualifizierungstag reservieren wir automatisch ein Zimmer f\u00fcr Sie. Falls Sie nach einer l\u00e4ngeren Home-Office-Phase wieder ins SZF kommen und ein Zimmer ben\u00f6tigen, bitten wir Sie das mindestens 3 Tage im Voraus bekanntzugeben.\u00a0<\/p><\/div>\n                <\/div><div class=\"eael-accordion-list\">\n                <div id=\"was-muss-ich-beim-bezug-eines-zimmers-beachten\" class=\"elementor-tab-title eael-accordion-header\" tabindex=\"0\" data-tab=\"8\" aria-controls=\"elementor-tab-content-2038\"><p class=\"eael-accordion-tab-title\">Was muss ich beim Bezug eines Zimmers beachten?<\/p><span class=\"eael-advanced-accordion-icon-closed\"><svg aria-hidden=\"true\" class=\"fa-accordion-icon e-font-icon-svg e-fas-plus\" viewbox=\"0 0 448 512\" xmlns=\"http:\/\/www.w3.org\/2000\/svg\"><path d=\"M416 208H272V64c0-17.67-14.33-32-32-32h-32c-17.67 0-32 14.33-32 32v144H32c-17.67 0-32 14.33-32 32v32c0 17.67 14.33 32 32 32h144v144c0 17.67 14.33 32 32 32h32c17.67 0 32-14.33 32-32V304h144c17.67 0 32-14.33 32-32v-32c0-17.67-14.33-32-32-32z\"><\/path><\/svg><\/span><span class=\"eael-advanced-accordion-icon-opened\"><svg aria-hidden=\"true\" class=\"fa-accordion-icon e-font-icon-svg e-fas-minus\" viewbox=\"0 0 448 512\" xmlns=\"http:\/\/www.w3.org\/2000\/svg\"><path d=\"M416 208H32c-17.67 0-32 14.33-32 32v32c0 17.67 14.33 32 32 32h384c17.67 0 32-14.33 32-32v-32c0-17.67-14.33-32-32-32z\"><\/path><\/svg><\/span><\/div><div id=\"elementor-tab-content-2038\" class=\"eael-accordion-content clearfix\" data-tab=\"8\" aria-labelledby=\"was-muss-ich-beim-bezug-eines-zimmers-beachten\"><p>In den ersten 14 Tagen stellt das Schulungszentrum Fohnsdorf Bettw\u00e4sche sowie Hand- und Badet\u00fccher zur Verf\u00fcgung. Anschlie\u00dfend m\u00fcssen Sie Bettw\u00e4sche sowie Hand- und Badet\u00fccher selbst mitbringen und beziehen.<\/p><\/div>\n                <\/div><\/div>\t\t\t\t<\/div>\n\t\t\t\t<\/div>\n\t\t\t\t\t<\/div>\n\t\t\t\t<\/div>\n\t\t<div data-particle_enable=\"false\" data-particle-mobile-disabled=\"false\" class=\"elementor-element elementor-element-f3342d4 e-flex e-con-boxed e-con e-parent\" data-id=\"f3342d4\" data-element_type=\"container\">\n\t\t\t\t\t<div class=\"e-con-inner\">\n\t\t\t\t<div class=\"elementor-element elementor-element-082dbae elementor-widget elementor-widget-spacer\" data-id=\"082dbae\" data-element_type=\"widget\" data-widget_type=\"spacer.default\">\n\t\t\t\t<div class=\"elementor-widget-container\">\n\t\t\t\t\t\t\t<div class=\"elementor-spacer\">\n\t\t\t<div class=\"elementor-spacer-inner\"><\/div>\n\t\t<\/div>\n\t\t\t\t\t\t<\/div>\n\t\t\t\t<\/div>\n\t\t\t\t\t<\/div>\n\t\t\t\t<\/div>\n\t\t<div data-particle_enable=\"false\" data-particle-mobile-disabled=\"false\" class=\"elementor-element elementor-element-2082b989 elementor-hidden-widescreen elementor-hidden-desktop elementor-hidden-laptop elementor-hidden-tablet_extra elementor-hidden-tablet elementor-hidden-mobile_extra elementor-hidden-mobile e-flex e-con-boxed e-con e-parent\" data-id=\"2082b989\" data-element_type=\"container\" data-settings=\"{&quot;background_background&quot;:&quot;classic&quot;}\">\n\t\t\t\t\t<div class=\"e-con-inner\">\n\t\t\t\t<div class=\"elementor-element elementor-element-33a4ebe6 elementor-widget__width-auto titlelayer elementor-widget elementor-widget-heading\" data-id=\"33a4ebe6\" data-element_type=\"widget\" data-widget_type=\"heading.default\">\n\t\t\t\t<div class=\"elementor-widget-container\">\n\t\t\t\t\t<h2 class=\"elementor-heading-title elementor-size-default\">Ansprechpersonen<\/h2>\t\t\t\t<\/div>\n\t\t\t\t<\/div>\n\t\t\t\t<div class=\"elementor-element elementor-element-16a24ee1 elementor-widget elementor-widget-text-editor\" data-id=\"16a24ee1\" data-element_type=\"widget\" data-widget_type=\"text-editor.default\">\n\t\t\t\t<div class=\"elementor-widget-container\">\n\t\t\t\t\t\t\t\t\t<h4><span style=\"background-color: var( --e-global-color-accent ); text-align: var(--text-align); color: inherit;\">Sie haben noch Fragen?<\/span><\/h4><p>Wir freuen uns \u00fcber Ihren Anruf oder Ihr E-Mail!<\/p>\t\t\t\t\t\t\t\t<\/div>\n\t\t\t\t<\/div>\n\t\t\t\t<div class=\"elementor-element elementor-element-e011935 team elementor-widget elementor-widget-rttm-team-list\" data-id=\"e011935\" data-element_type=\"widget\" data-widget_type=\"rttm-team-list.default\">\n\t\t\t\t<div class=\"elementor-widget-container\">\n\t\t\t\t\t<div class=\"rt-team-container rt-elementor-container rt-pos-r rt-team-container-elementor rt-hover-zoom_in\" id=\"rt-team-container-2399592328\" data-layout=\"layout2\" data-desktop-col=\"2\" data-tab-col=\"2\" data-mobile-col=\"1\" data-sc-id=\"elementor\" data-rttm-pagination='{\"layout\":\"layout2\",\"dCols\":2,\"tCols\":2,\"mCols\":1,\"postIn\":[\"1548\"],\"postNotIn\":[],\"limit\":12,\"pagination\":false,\"postsPerPage\":\"\",\"order_by\":\"date\",\"order\":\"DESC\",\"department_ids\":[],\"designation_ids\":[],\"link\":false,\"fImg\":false,\"fImgSize\":\"team-thumb\",\"customImgSize\":{\"crop\":\"\"},\"character_limit\":0,\"after_short_desc\":\"\",\"read_more_btn_text\":\"\",\"my_resume_text\":\"\",\"hire_me_text\":\"\",\"visibility\":[\"name\",\"designation\",\"short_bio\",\"email\",\"telephone\",\"mobile\",\"social\"],\"social_profiles\":[],\"posts_loading_type\":\"pagination\",\"load_more_text\":\"Load More\",\"relation\":\"OR\",\"iCol\":4,\"gridType\":\"even\",\"linkType\":\"external_link\",\"popupType\":\"single\",\"target\":\"_self\",\"grayscale\":false,\"stripedRow\":false,\"defaultImgId\":null,\"filter_buttons\":false,\"filters\":[],\"taxFilter\":\"team_department\",\"action_term\":0,\"isoFilterTaxonomy\":\"team_department\",\"filterType\":null,\"hide_all_button\":true,\"tItem\":0,\"fShowAll\":false,\"animation\":\"zoom_in\"}'><div data-title=\"Loading ...\" class=\"rt-row rt-content-loader element-loading layout2 ttp-even ttp-pre-loader\"><div class=\"rt-col-md-6 rt-col-sm-6 rt-col-xs-12   even-grid-item rt-grid-item rt-ready-animation animated fadeIn\" data-id=\"1548\"><div class=\"single-team-area\"><div class=\"img-area rt-col-sm-4 rt-col-xs-4\"><figure><img fetchpriority=\"high\" decoding=\"async\" width=\"400\" height=\"400\" src=\"data:image\/gif;base64,R0lGODlhAQABAAAAACH5BAEKAAEALAAAAAABAAEAAAICTAEAOw==\" class=\"img-responsive rt-team-img lazyload\" alt=\"Angelo Riegler\" data-src=\"https:\/\/szf.at\/wp-content\/uploads\/2024\/12\/MA-Profilbild-Google-und-EDU_Riegler-Angelo_2024-12-05-400x400.jpg\"><\/figure><\/div><div class=\"rttm-content-area rt-col-sm-8 rt-col-xs-8\"><h3><span class=\"team-name\">Angelo Riegler<\/span><\/h3><div class=\"tlp-position\">Teamleitung IT &amp; Elektrotechnik<\/div><div class=\"contact-info\"><ul><li class=\"tlp-email\"><i class=\"far fa-envelope\"><\/i><a href=\"mailto:a.riegler@szf.at\"><span class=\"tlp-email\">a.riegler@szf.at<\/span><\/a><\/li><li class=\"tlp-phone\"><i class=\"fa fa-phone-alt\"><\/i><a href=\"tel: 43 3573 6060 3507\" class=\"tlp-phone\">+43 3573 6060 3507<\/a><\/li><\/ul><\/div><\/div><\/div><\/div><div class=\"rt-loading-overlay full-op\"><\/div><div class=\"rt-loading rt-ball-clip-rotate\"><div><\/div><\/div><\/div><\/div>\t\t\t\t<\/div>\n\t\t\t\t<\/div>\n\t\t\t\t\t<\/div>\n\t\t\t\t<\/div>\n\t\t\t\t<\/div>","protected":false},"excerpt":{"rendered":"<p>FAQ Antworten auf ihre fragen An welchen Tagen finden Qualifizierungen statt? Die Qualifizierung findet in der Regel von Montag bis Freitag statt. Zu beachten sind jedoch die ausbildungsfreien Tage (Feiertage und Fenstertage). Wann sind die ausbildungsfreien Tage? Ausbildungsfreie Tage sind gesetzliche Feiertage sowie div. Fenstertage. Alle ausbildungsfreien Tage f\u00fcr Ihren Standort finden Sie in der [&hellip;]<\/p>","protected":false},"author":1,"featured_media":0,"parent":0,"menu_order":0,"comment_status":"closed","ping_status":"closed","template":"","meta":{"footnotes":""},"class_list":["post-1505","page","type-page","status-publish","hentry"],"_links":{"self":[{"href":"https:\/\/szf.at\/en\/wp-json\/wp\/v2\/pages\/1505","targetHints":{"allow":["GET"]}}],"collection":[{"href":"https:\/\/szf.at\/en\/wp-json\/wp\/v2\/pages"}],"about":[{"href":"https:\/\/szf.at\/en\/wp-json\/wp\/v2\/types\/page"}],"author":[{"embeddable":true,"href":"https:\/\/szf.at\/en\/wp-json\/wp\/v2\/users\/1"}],"replies":[{"embeddable":true,"href":"https:\/\/szf.at\/en\/wp-json\/wp\/v2\/comments?post=1505"}],"version-history":[{"count":25,"href":"https:\/\/szf.at\/en\/wp-json\/wp\/v2\/pages\/1505\/revisions"}],"predecessor-version":[{"id":11132,"href":"https:\/\/szf.at\/en\/wp-json\/wp\/v2\/pages\/1505\/revisions\/11132"}],"wp:attachment":[{"href":"https:\/\/szf.at\/en\/wp-json\/wp\/v2\/media?parent=1505"}],"curies":[{"name":"wp","href":"https:\/\/api.w.org\/{rel}","templated":true}]}}