{"id":1507,"date":"2024-12-17T07:01:23","date_gmt":"2024-12-17T07:01:23","guid":{"rendered":"https:\/\/dev.mediadome.at\/szf\/?page_id=1507"},"modified":"2025-01-23T15:45:57","modified_gmt":"2025-01-23T15:45:57","slug":"gender-diversity","status":"publish","type":"page","link":"https:\/\/szf.at\/en\/gender-diversity\/","title":{"rendered":"Gender &#038; Diversity"},"content":{"rendered":"<div data-elementor-type=\"wp-page\" data-elementor-id=\"1507\" class=\"elementor elementor-1507\" data-elementor-post-type=\"page\">\n\t\t\t\t<div data-particle_enable=\"false\" data-particle-mobile-disabled=\"false\" class=\"elementor-element elementor-element-4b16850 e-con-full e-flex e-con e-parent\" data-id=\"4b16850\" data-element_type=\"container\" data-settings=\"{&quot;background_background&quot;:&quot;classic&quot;}\">\n\t\t<div data-particle_enable=\"false\" data-particle-mobile-disabled=\"false\" class=\"elementor-element elementor-element-d98aded e-con-full e-flex e-con e-child\" data-id=\"d98aded\" data-element_type=\"container\">\n\t\t\t\t<div class=\"elementor-element elementor-element-610de62 elementor-widget__width-initial elementor-widget elementor-widget-heading\" data-id=\"610de62\" data-element_type=\"widget\" data-widget_type=\"heading.default\">\n\t\t\t\t<div class=\"elementor-widget-container\">\n\t\t\t\t\t<h1 class=\"elementor-heading-title elementor-size-default\">GENDER &amp; DIVERSITY<\/h1>\t\t\t\t<\/div>\n\t\t\t\t<\/div>\n\t\t\t\t<\/div>\n\t\t\t\t<\/div>\n\t\t<div data-particle_enable=\"false\" data-particle-mobile-disabled=\"false\" class=\"elementor-element elementor-element-ffa6756 e-flex e-con-boxed e-con e-parent\" data-id=\"ffa6756\" data-element_type=\"container\" data-settings=\"{&quot;background_background&quot;:&quot;classic&quot;}\">\n\t\t\t\t\t<div class=\"e-con-inner\">\n\t\t\t\t<div class=\"elementor-element elementor-element-7c17535 elementor-widget__width-auto titlelayer elementor-widget elementor-widget-heading\" data-id=\"7c17535\" data-element_type=\"widget\" data-widget_type=\"heading.default\">\n\t\t\t\t<div class=\"elementor-widget-container\">\n\t\t\t\t\t<h2 class=\"elementor-heading-title elementor-size-default\">INKLUSION INKLUSIVE<\/h2>\t\t\t\t<\/div>\n\t\t\t\t<\/div>\n\t\t\t\t<div class=\"elementor-element elementor-element-55756f0 elementor-widget elementor-widget-text-editor\" data-id=\"55756f0\" data-element_type=\"widget\" data-widget_type=\"text-editor.default\">\n\t\t\t\t<div class=\"elementor-widget-container\">\n\t\t\t\t\t\t\t\t\t<h4>Gender &amp; Diversity im SZF<\/h4><p>Das Schulungszentrum Fohnsdorf setzt sich f\u00fcr ein respektvolles und inklusives Miteinander f\u00fcr alle ein. Die F\u00f6rderung von Chancengleichheit, Gleichstellung der Geschlechter und die Anerkennung individueller Hintergr\u00fcnde und Lebensweisen stehen im Fokus.<\/p><p><br \/>Durch gezielte Ma\u00dfnahmen und Angebote wird eine Kultur der Offenheit und Akzeptanz geschaffen, die den pers\u00f6nlichen und beruflichen Werdegang aller unterst\u00fctzt. Gender- und Diversity-Themen flie\u00dfen dabei aktiv in die Gestaltung der Bildungsangebote und Arbeitsprozesse ein, um eine inklusive und gerechte Teilhabe zu erm\u00f6glichen.<\/p>\t\t\t\t\t\t\t\t<\/div>\n\t\t\t\t<\/div>\n\t\t\t\t\t<\/div>\n\t\t\t\t<\/div>\n\t\t<div data-particle_enable=\"false\" data-particle-mobile-disabled=\"false\" class=\"elementor-element elementor-element-32e91ab e-flex e-con-boxed e-con e-parent\" data-id=\"32e91ab\" data-element_type=\"container\">\n\t\t\t\t\t<div class=\"e-con-inner\">\n\t\t\t\t<div class=\"elementor-element elementor-element-aa4da5b elementor-widget elementor-widget-spacer\" data-id=\"aa4da5b\" data-element_type=\"widget\" data-widget_type=\"spacer.default\">\n\t\t\t\t<div class=\"elementor-widget-container\">\n\t\t\t\t\t\t\t<div class=\"elementor-spacer\">\n\t\t\t<div class=\"elementor-spacer-inner\"><\/div>\n\t\t<\/div>\n\t\t\t\t\t\t<\/div>\n\t\t\t\t<\/div>\n\t\t\t\t\t<\/div>\n\t\t\t\t<\/div>\n\t\t\t\t<\/div>","protected":false},"excerpt":{"rendered":"<p>GENDER &amp; DIVERSITY INKLUSION INKLUSIVE Gender &amp; Diversity im SZF Das Schulungszentrum Fohnsdorf setzt sich f\u00fcr ein respektvolles und inklusives Miteinander f\u00fcr alle ein. Die F\u00f6rderung von Chancengleichheit, Gleichstellung der Geschlechter und die Anerkennung individueller Hintergr\u00fcnde und Lebensweisen stehen im Fokus. Durch gezielte Ma\u00dfnahmen und Angebote wird eine Kultur der Offenheit und Akzeptanz geschaffen, die [&hellip;]<\/p>","protected":false},"author":1,"featured_media":0,"parent":0,"menu_order":0,"comment_status":"closed","ping_status":"closed","template":"","meta":{"footnotes":""},"class_list":["post-1507","page","type-page","status-publish","hentry"],"_links":{"self":[{"href":"https:\/\/szf.at\/en\/wp-json\/wp\/v2\/pages\/1507","targetHints":{"allow":["GET"]}}],"collection":[{"href":"https:\/\/szf.at\/en\/wp-json\/wp\/v2\/pages"}],"about":[{"href":"https:\/\/szf.at\/en\/wp-json\/wp\/v2\/types\/page"}],"author":[{"embeddable":true,"href":"https:\/\/szf.at\/en\/wp-json\/wp\/v2\/users\/1"}],"replies":[{"embeddable":true,"href":"https:\/\/szf.at\/en\/wp-json\/wp\/v2\/comments?post=1507"}],"version-history":[{"count":14,"href":"https:\/\/szf.at\/en\/wp-json\/wp\/v2\/pages\/1507\/revisions"}],"predecessor-version":[{"id":7525,"href":"https:\/\/szf.at\/en\/wp-json\/wp\/v2\/pages\/1507\/revisions\/7525"}],"wp:attachment":[{"href":"https:\/\/szf.at\/en\/wp-json\/wp\/v2\/media?parent=1507"}],"curies":[{"name":"wp","href":"https:\/\/api.w.org\/{rel}","templated":true}]}}