{"id":1720,"date":"2024-12-19T13:56:56","date_gmt":"2024-12-19T13:56:56","guid":{"rendered":"https:\/\/dev.mediadome.at\/szf\/?page_id=1720"},"modified":"2025-11-27T09:27:04","modified_gmt":"2025-11-27T09:27:04","slug":"ausbildungsfreie-tage","status":"publish","type":"page","link":"https:\/\/szf.at\/en\/informationen\/fuer-arbeitssuchende\/ausbildungsfreie-tage\/","title":{"rendered":"Ausbildungsfreie Tage"},"content":{"rendered":"<div data-elementor-type=\"wp-page\" data-elementor-id=\"1720\" class=\"elementor elementor-1720\" data-elementor-post-type=\"page\">\n\t\t\t\t<div data-particle_enable=\"false\" data-particle-mobile-disabled=\"false\" class=\"elementor-element elementor-element-f2256e5 e-con-full e-flex e-con e-parent\" data-id=\"f2256e5\" data-element_type=\"container\" data-settings=\"{&quot;background_background&quot;:&quot;classic&quot;}\">\n\t\t<div data-particle_enable=\"false\" data-particle-mobile-disabled=\"false\" class=\"elementor-element elementor-element-46e1397 e-con-full e-flex e-con e-child\" data-id=\"46e1397\" data-element_type=\"container\">\n\t\t\t\t<div class=\"elementor-element elementor-element-c0abc5e elementor-widget__width-initial elementor-widget elementor-widget-heading\" data-id=\"c0abc5e\" data-element_type=\"widget\" data-widget_type=\"heading.default\">\n\t\t\t\t<div class=\"elementor-widget-container\">\n\t\t\t\t\t<h1 class=\"elementor-heading-title elementor-size-default\">AUSBILDUNGSFREIE TAGE<\/h1>\t\t\t\t<\/div>\n\t\t\t\t<\/div>\n\t\t\t\t<\/div>\n\t\t\t\t<\/div>\n\t\t<div data-particle_enable=\"false\" data-particle-mobile-disabled=\"false\" class=\"elementor-element elementor-element-84011e8 e-flex e-con-boxed e-con e-parent\" data-id=\"84011e8\" data-element_type=\"container\" data-settings=\"{&quot;background_background&quot;:&quot;classic&quot;}\">\n\t\t\t\t\t<div class=\"e-con-inner\">\n\t\t\t\t<div class=\"elementor-element elementor-element-951455b elementor-widget__width-auto titlelayer elementor-widget elementor-widget-heading\" data-id=\"951455b\" data-element_type=\"widget\" data-widget_type=\"heading.default\">\n\t\t\t\t<div class=\"elementor-widget-container\">\n\t\t\t\t\t<h2 class=\"elementor-heading-title elementor-size-default\">BILDUNGSPAUSEN<\/h2>\t\t\t\t<\/div>\n\t\t\t\t<\/div>\n\t\t\t\t<div class=\"elementor-element elementor-element-bf47e4e elementor-widget elementor-widget-text-editor\" data-id=\"bf47e4e\" data-element_type=\"widget\" data-widget_type=\"text-editor.default\">\n\t\t\t\t<div class=\"elementor-widget-container\">\n\t\t\t\t\t\t\t\t\t<p>An allen Standorten des Schulungszentrum Fohnsdorf gibt es ausbildungsfreie Tage. Dazu z\u00e4hlen gesetzliche Feiertage, Fenstertage und der Betriebsurlaub. An welchen Tagen Sie genau eine Bildungspause machen k\u00f6nnen finden Sie auf der <a href=\"https:\/\/edu.szf.at\/\">EDU4ME<\/a>.<\/p>\t\t\t\t\t\t\t\t<\/div>\n\t\t\t\t<\/div>\n\t\t\t\t\t<\/div>\n\t\t\t\t<\/div>\n\t\t<div data-particle_enable=\"false\" data-particle-mobile-disabled=\"false\" class=\"elementor-element elementor-element-490916b e-flex e-con-boxed e-con e-parent\" data-id=\"490916b\" data-element_type=\"container\" data-settings=\"{&quot;background_background&quot;:&quot;classic&quot;}\">\n\t\t\t\t\t<div class=\"e-con-inner\">\n\t\t\t\t<div class=\"elementor-element elementor-element-f38860c elementor-widget__width-auto titlelayer elementor-widget elementor-widget-heading\" data-id=\"f38860c\" data-element_type=\"widget\" data-widget_type=\"heading.default\">\n\t\t\t\t<div class=\"elementor-widget-container\">\n\t\t\t\t\t<h2 class=\"elementor-heading-title elementor-size-default\">nACHSICHTANSUCHEN<\/h2>\t\t\t\t<\/div>\n\t\t\t\t<\/div>\n\t\t\t\t<div class=\"elementor-element elementor-element-10da0bc elementor-widget elementor-widget-text-editor\" data-id=\"10da0bc\" data-element_type=\"widget\" data-widget_type=\"text-editor.default\">\n\t\t\t\t<div class=\"elementor-widget-container\">\n\t\t\t\t\t\t\t\t\t<p>An den festgelegten ausbildungsfreien Tagen haben Sie die M\u00f6glichkeit auf einen Auslandsaufenthalt.<\/p>\n<p>Falls Sie einen Auslandsaufenthalt anstreben ist es erforderlich, vorab ein Nachsichtsansuchen bei Ihrer zust\u00e4ndigen AMS-Regionalstelle zu beantragen. Dabei ist folgendes zu beachten:<\/p>\n<p>Sie stellen f\u00fcr den geplanten Zeitraum des Auslandsaufenthaltes ein <span style=\"text-decoration: underline;\">Nachsichtsansuchen \u00fcber ihr eAMS-Konto bzw. \u00fcber MeinAMS<\/span> mit folgendem Wortlaut:<\/p>\n<p>&#8222;Ich werde mich vom <em>TT.MM.JJJ<\/em> bis <em>TT.MM.JJJ<\/em> im Ausland aufhalten. Das Schulungszentrum Fohnsdorf, wo ich zurzeit eine vom AMS finanzierte Schulungsma\u00dfnahme besuche, hat in der Zeit vom 24. Dezember 2025 bis 06. J\u00e4nner 2026 Betriebsurlaub. Ich bitte daher das AMS (<em>Ort)<\/em>, mir w\u00e4hrend meines Auslandsaufenthaltes meine AMS-Bez\u00fcge weiterzubezahlen.&#8220;<\/p>\n<p><strong>ACHTUNG:<\/strong> Sie m\u00fcssen sich am Tag Ihrer R\u00fcckkehr aus dem Ausland entweder \u00fcber Ihr eAMS-Konto oder telefonisch bei Ihrem Heimatarbeitsmarktservice zur\u00fcckmelden.<\/p>\n<p>Bei Fragen setzen Sie sich bitte mit Ihrem\/Ihrer AMS-Berater*in in Verbindung.<\/p>\t\t\t\t\t\t\t\t<\/div>\n\t\t\t\t<\/div>\n\t\t\t\t\t<\/div>\n\t\t\t\t<\/div>\n\t\t<div data-particle_enable=\"false\" data-particle-mobile-disabled=\"false\" class=\"elementor-element elementor-element-e531d05 elementor-hidden-widescreen elementor-hidden-desktop elementor-hidden-laptop elementor-hidden-tablet_extra elementor-hidden-tablet elementor-hidden-mobile_extra elementor-hidden-mobile e-flex e-con-boxed e-con e-parent\" data-id=\"e531d05\" data-element_type=\"container\">\n\t\t\t\t\t<div class=\"e-con-inner\">\n\t\t\t\t<div class=\"elementor-element elementor-element-6e32173 elementor-align-left seminaranmeldung elementor-widget elementor-widget-button\" data-id=\"6e32173\" data-element_type=\"widget\" data-widget_type=\"button.default\">\n\t\t\t\t<div class=\"elementor-widget-container\">\n\t\t\t\t\t\t\t\t\t<div class=\"elementor-button-wrapper\">\n\t\t\t\t\t<a class=\"elementor-button elementor-button-link elementor-size-sm\" href=\"#elementor-action:action=popup:open&settings=eyJpZCI6IjYyNTEiLCJ0b2dnbGUiOmZhbHNlfQ==\">\n\t\t\t\t\t\t<span class=\"elementor-button-content-wrapper\">\n\t\t\t\t\t\t\t\t\t<span class=\"elementor-button-text\">Nachsichtsansuchen stellen<\/span>\n\t\t\t\t\t<\/span>\n\t\t\t\t\t<\/a>\n\t\t\t\t<\/div>\n\t\t\t\t\t\t\t\t<\/div>\n\t\t\t\t<\/div>\n\t\t\t\t\t<\/div>\n\t\t\t\t<\/div>\n\t\t<div data-particle_enable=\"false\" data-particle-mobile-disabled=\"false\" class=\"elementor-element elementor-element-3bea1ce e-flex e-con-boxed e-con e-parent\" data-id=\"3bea1ce\" data-element_type=\"container\" data-settings=\"{&quot;background_background&quot;:&quot;classic&quot;}\">\n\t\t\t\t\t<div class=\"e-con-inner\">\n\t\t\t\t<div class=\"elementor-element elementor-element-cad31dd elementor-widget__width-auto titlelayer elementor-widget elementor-widget-heading\" data-id=\"cad31dd\" data-element_type=\"widget\" data-widget_type=\"heading.default\">\n\t\t\t\t<div class=\"elementor-widget-container\">\n\t\t\t\t\t<h2 class=\"elementor-heading-title elementor-size-default\">FAQ<\/h2>\t\t\t\t<\/div>\n\t\t\t\t<\/div>\n\t\t\t\t\t<\/div>\n\t\t\t\t<\/div>\n\t\t<div data-particle_enable=\"false\" data-particle-mobile-disabled=\"false\" class=\"elementor-element elementor-element-a8752d0 e-flex e-con-boxed e-con e-parent\" data-id=\"a8752d0\" data-element_type=\"container\">\n\t\t\t\t\t<div class=\"e-con-inner\">\n\t\t<div data-particle_enable=\"false\" data-particle-mobile-disabled=\"false\" class=\"elementor-element elementor-element-16db30c e-con-full e-flex e-con e-child\" data-id=\"16db30c\" data-element_type=\"container\">\n\t\t\t\t<div class=\"elementor-element elementor-element-9404e69 elementor-widget elementor-widget-eael-adv-accordion\" data-id=\"9404e69\" data-element_type=\"widget\" data-widget_type=\"eael-adv-accordion.default\">\n\t\t\t\t<div class=\"elementor-widget-container\">\n\t\t\t\t\t        <div class=\"eael-adv-accordion\" id=\"eael-adv-accordion-9404e69\" data-scroll-on-click=\"no\" data-scroll-speed=\"300\" data-accordion-id=\"9404e69\" data-accordion-type=\"toggle\" data-toogle-speed=\"300\">\n    <div class=\"eael-accordion-list\">\n                <div id=\"an-welchen-tagen-finden-qualifizierungen-statt\" class=\"elementor-tab-title eael-accordion-header\" tabindex=\"0\" data-tab=\"1\" aria-controls=\"elementor-tab-content-1551\"><p class=\"eael-accordion-tab-title\">An welchen Tagen finden Qualifizierungen statt?<\/p><span class=\"eael-advanced-accordion-icon-closed\"><svg aria-hidden=\"true\" class=\"fa-accordion-icon e-font-icon-svg e-fas-plus\" viewbox=\"0 0 448 512\" xmlns=\"http:\/\/www.w3.org\/2000\/svg\"><path d=\"M416 208H272V64c0-17.67-14.33-32-32-32h-32c-17.67 0-32 14.33-32 32v144H32c-17.67 0-32 14.33-32 32v32c0 17.67 14.33 32 32 32h144v144c0 17.67 14.33 32 32 32h32c17.67 0 32-14.33 32-32V304h144c17.67 0 32-14.33 32-32v-32c0-17.67-14.33-32-32-32z\"><\/path><\/svg><\/span><span class=\"eael-advanced-accordion-icon-opened\"><svg aria-hidden=\"true\" class=\"fa-accordion-icon e-font-icon-svg e-fas-minus\" viewbox=\"0 0 448 512\" xmlns=\"http:\/\/www.w3.org\/2000\/svg\"><path d=\"M416 208H32c-17.67 0-32 14.33-32 32v32c0 17.67 14.33 32 32 32h384c17.67 0 32-14.33 32-32v-32c0-17.67-14.33-32-32-32z\"><\/path><\/svg><\/span><\/div><div id=\"elementor-tab-content-1551\" class=\"eael-accordion-content clearfix\" data-tab=\"1\" aria-labelledby=\"an-welchen-tagen-finden-qualifizierungen-statt\"><p>Die Qualifizierung findet in der Regel von Montag bis Freitag statt. Zu beachten sind jedoch die ausbildungsfreien Tage (Feiertage und Fenstertage).<\/p><\/div>\n                <\/div><div class=\"eael-accordion-list\">\n                <div id=\"wann-sind-die-ausbildungsfreien-tage\" class=\"elementor-tab-title eael-accordion-header\" tabindex=\"0\" data-tab=\"2\" aria-controls=\"elementor-tab-content-1552\"><p class=\"eael-accordion-tab-title\">Wann sind die ausbildungsfreien Tage?<\/p><span class=\"eael-advanced-accordion-icon-closed\"><svg aria-hidden=\"true\" class=\"fa-accordion-icon e-font-icon-svg e-fas-plus\" viewbox=\"0 0 448 512\" xmlns=\"http:\/\/www.w3.org\/2000\/svg\"><path d=\"M416 208H272V64c0-17.67-14.33-32-32-32h-32c-17.67 0-32 14.33-32 32v144H32c-17.67 0-32 14.33-32 32v32c0 17.67 14.33 32 32 32h144v144c0 17.67 14.33 32 32 32h32c17.67 0 32-14.33 32-32V304h144c17.67 0 32-14.33 32-32v-32c0-17.67-14.33-32-32-32z\"><\/path><\/svg><\/span><span class=\"eael-advanced-accordion-icon-opened\"><svg aria-hidden=\"true\" class=\"fa-accordion-icon e-font-icon-svg e-fas-minus\" viewbox=\"0 0 448 512\" xmlns=\"http:\/\/www.w3.org\/2000\/svg\"><path d=\"M416 208H32c-17.67 0-32 14.33-32 32v32c0 17.67 14.33 32 32 32h384c17.67 0 32-14.33 32-32v-32c0-17.67-14.33-32-32-32z\"><\/path><\/svg><\/span><\/div><div id=\"elementor-tab-content-1552\" class=\"eael-accordion-content clearfix\" data-tab=\"2\" aria-labelledby=\"wann-sind-die-ausbildungsfreien-tage\"><p>Ausbildungsfreie Tage sind gesetzliche Feiertage sowie div. Fenstertage. Alle ausbildungsfreien Tage f\u00fcr Ihren Standort finden Sie in der <a href=\"https:\/\/edu.szf.at\/\">EDU4ME<\/a>. Sobald Sie eine Qualifizierung im SZF gestartet haben, haben Sie darauf Zugriff.<\/p><\/div>\n                <\/div><\/div>\t\t\t\t<\/div>\n\t\t\t\t<\/div>\n\t\t\t\t<\/div>\n\t\t\t\t\t<\/div>\n\t\t\t\t<\/div>\n\t\t<div data-particle_enable=\"false\" data-particle-mobile-disabled=\"false\" class=\"elementor-element elementor-element-6bb81fc e-flex e-con-boxed e-con e-parent\" data-id=\"6bb81fc\" data-element_type=\"container\" data-settings=\"{&quot;background_background&quot;:&quot;classic&quot;}\">\n\t\t\t\t\t<div class=\"e-con-inner\">\n\t\t\t\t<div class=\"elementor-element elementor-element-4b01423 elementor-widget__width-auto titlelayer elementor-widget elementor-widget-heading\" data-id=\"4b01423\" data-element_type=\"widget\" data-widget_type=\"heading.default\">\n\t\t\t\t<div class=\"elementor-widget-container\">\n\t\t\t\t\t<h2 class=\"elementor-heading-title elementor-size-default\">Ansprechpersonen<\/h2>\t\t\t\t<\/div>\n\t\t\t\t<\/div>\n\t\t\t\t<div class=\"elementor-element elementor-element-29f49c1 elementor-widget elementor-widget-text-editor\" data-id=\"29f49c1\" data-element_type=\"widget\" data-widget_type=\"text-editor.default\">\n\t\t\t\t<div class=\"elementor-widget-container\">\n\t\t\t\t\t\t\t\t\t<h4><span style=\"background-color: var( --e-global-color-accent ); text-align: var(--text-align); color: inherit;\">Sie haben noch Fragen?<\/span><\/h4><p>Wir freuen uns \u00fcber Ihren Anruf oder Ihr E-Mail!<\/p>\t\t\t\t\t\t\t\t<\/div>\n\t\t\t\t<\/div>\n\t\t\t\t<div class=\"elementor-element elementor-element-cfafd15 team elementor-widget elementor-widget-rttm-team-list\" data-id=\"cfafd15\" data-element_type=\"widget\" data-widget_type=\"rttm-team-list.default\">\n\t\t\t\t<div class=\"elementor-widget-container\">\n\t\t\t\t\t<div class=\"rt-team-container rt-elementor-container rt-pos-r rt-team-container-elementor rt-hover-zoom_in\" id=\"rt-team-container-2172806214\" data-layout=\"layout2\" data-desktop-col=\"2\" data-tab-col=\"2\" data-mobile-col=\"1\" data-sc-id=\"elementor\" data-rttm-pagination='{\"layout\":\"layout2\",\"dCols\":2,\"tCols\":2,\"mCols\":1,\"postIn\":[],\"postNotIn\":[],\"limit\":12,\"pagination\":false,\"postsPerPage\":\"\",\"order_by\":\"date\",\"order\":\"DESC\",\"department_ids\":[],\"designation_ids\":[\"48\"],\"link\":false,\"fImg\":false,\"fImgSize\":\"team-thumb\",\"customImgSize\":{\"crop\":\"\"},\"character_limit\":0,\"after_short_desc\":\"\",\"read_more_btn_text\":\"\",\"my_resume_text\":\"\",\"hire_me_text\":\"\",\"visibility\":[\"name\",\"designation\",\"short_bio\",\"email\",\"telephone\",\"mobile\",\"social\"],\"social_profiles\":[],\"posts_loading_type\":\"pagination\",\"load_more_text\":\"Load More\",\"relation\":\"OR\",\"iCol\":4,\"gridType\":\"even\",\"linkType\":\"external_link\",\"popupType\":\"single\",\"target\":\"_self\",\"grayscale\":false,\"stripedRow\":false,\"defaultImgId\":null,\"filter_buttons\":false,\"filters\":[],\"taxFilter\":\"team_department\",\"action_term\":0,\"isoFilterTaxonomy\":\"team_department\",\"filterType\":null,\"hide_all_button\":true,\"tItem\":0,\"fShowAll\":false,\"animation\":\"zoom_in\"}'><div data-title=\"Loading ...\" class=\"rt-row rt-content-loader element-loading layout2 ttp-even ttp-pre-loader\"><div class=\"rt-col-md-6 rt-col-sm-6 rt-col-xs-12   even-grid-item rt-grid-item rt-ready-animation animated fadeIn\" data-id=\"2022\"><div class=\"single-team-area\"><div class=\"img-area rt-col-sm-4 rt-col-xs-4\"><figure><img fetchpriority=\"high\" decoding=\"async\" width=\"400\" height=\"400\" src=\"data:image\/gif;base64,R0lGODlhAQABAAAAACH5BAEKAAEALAAAAAABAAEAAAICTAEAOw==\" class=\"img-responsive rt-team-img lazyload\" alt=\"Dagmar Reiter\" data-src=\"https:\/\/szf.at\/wp-content\/uploads\/2025\/01\/Reiter-Dagmar-Profilbild-Google-und-EDU_2021.04.15-400x400.jpg\"><\/figure><\/div><div class=\"rttm-content-area rt-col-sm-8 rt-col-xs-8\"><h3><span class=\"team-name\">Dagmar Reiter<\/span><\/h3><div class=\"tlp-position\">AMS, Kursbetreuung<\/div><div class=\"contact-info\"><ul><li class=\"tlp-email\"><i class=\"far fa-envelope\"><\/i><a href=\"mailto:d.reiter@szf.at\"><span class=\"tlp-email\">d.reiter@szf.at<\/span><\/a><\/li><li class=\"tlp-phone\"><i class=\"fa fa-phone-alt\"><\/i><a href=\"tel: 43 3573 6060 8204\" class=\"tlp-phone\">+43 3573 6060 8204<\/a><\/li><\/ul><\/div><\/div><\/div><\/div><div class=\"rt-col-md-6 rt-col-sm-6 rt-col-xs-12   even-grid-item rt-grid-item rt-ready-animation animated fadeIn\" data-id=\"2020\"><div class=\"single-team-area\"><div class=\"img-area rt-col-sm-4 rt-col-xs-4\"><figure><img decoding=\"async\" width=\"400\" height=\"400\" src=\"data:image\/gif;base64,R0lGODlhAQABAAAAACH5BAEKAAEALAAAAAABAAEAAAICTAEAOw==\" class=\"img-responsive rt-team-img lazyload\" alt=\"Mag.a Sonja Kropf-Tatschl\" data-src=\"https:\/\/szf.at\/wp-content\/uploads\/2025\/01\/Kropf-Tatschl-Sonja-Profilbild-Google-und-EDU_2021.04.14-400x400.jpg\"><\/figure><\/div><div class=\"rttm-content-area rt-col-sm-8 rt-col-xs-8\"><h3><span class=\"team-name\">Mag.&lt;sup&gt;a&lt;\/sup&gt; Sonja Kropf-Tatschl<\/span><\/h3><div class=\"tlp-position\">AMS, Kursbetreuung<\/div><div class=\"contact-info\"><ul><li class=\"tlp-email\"><i class=\"far fa-envelope\"><\/i><a href=\"mailto:s.kropf-tatschl@szf.at\"><span class=\"tlp-email\">s.kropf-tatschl@szf.at<\/span><\/a><\/li><li class=\"tlp-phone\"><i class=\"fa fa-phone-alt\"><\/i><a href=\"tel: 43 3573 6060 8201\" class=\"tlp-phone\">+43 3573 6060 8201<\/a><\/li><\/ul><\/div><\/div><\/div><\/div><div class=\"rt-loading-overlay full-op\"><\/div><div class=\"rt-loading rt-ball-clip-rotate\"><div><\/div><\/div><\/div><\/div>\t\t\t\t<\/div>\n\t\t\t\t<\/div>\n\t\t\t\t\t<\/div>\n\t\t\t\t<\/div>\n\t\t\t\t<\/div>","protected":false},"excerpt":{"rendered":"<p>AUSBILDUNGSFREIE TAGE BILDUNGSPAUSEN An allen Standorten des Schulungszentrum Fohnsdorf gibt es ausbildungsfreie Tage. Dazu z\u00e4hlen gesetzliche Feiertage, Fenstertage und der Betriebsurlaub. An welchen Tagen Sie genau eine Bildungspause machen k\u00f6nnen finden Sie auf der EDU4ME. nACHSICHTANSUCHEN An den festgelegten ausbildungsfreien Tagen haben Sie die M\u00f6glichkeit auf einen Auslandsaufenthalt. Falls Sie einen Auslandsaufenthalt anstreben ist es [&hellip;]<\/p>","protected":false},"author":1,"featured_media":0,"parent":273,"menu_order":0,"comment_status":"closed","ping_status":"closed","template":"","meta":{"footnotes":""},"class_list":["post-1720","page","type-page","status-publish","hentry"],"_links":{"self":[{"href":"https:\/\/szf.at\/en\/wp-json\/wp\/v2\/pages\/1720","targetHints":{"allow":["GET"]}}],"collection":[{"href":"https:\/\/szf.at\/en\/wp-json\/wp\/v2\/pages"}],"about":[{"href":"https:\/\/szf.at\/en\/wp-json\/wp\/v2\/types\/page"}],"author":[{"embeddable":true,"href":"https:\/\/szf.at\/en\/wp-json\/wp\/v2\/users\/1"}],"replies":[{"embeddable":true,"href":"https:\/\/szf.at\/en\/wp-json\/wp\/v2\/comments?post=1720"}],"version-history":[{"count":31,"href":"https:\/\/szf.at\/en\/wp-json\/wp\/v2\/pages\/1720\/revisions"}],"predecessor-version":[{"id":10845,"href":"https:\/\/szf.at\/en\/wp-json\/wp\/v2\/pages\/1720\/revisions\/10845"}],"up":[{"embeddable":true,"href":"https:\/\/szf.at\/en\/wp-json\/wp\/v2\/pages\/273"}],"wp:attachment":[{"href":"https:\/\/szf.at\/en\/wp-json\/wp\/v2\/media?parent=1720"}],"curies":[{"name":"wp","href":"https:\/\/api.w.org\/{rel}","templated":true}]}}