{"id":1727,"date":"2024-12-19T16:01:38","date_gmt":"2024-12-19T16:01:38","guid":{"rendered":"https:\/\/dev.mediadome.at\/szf\/?page_id=1727"},"modified":"2025-01-16T10:23:15","modified_gmt":"2025-01-16T10:23:15","slug":"foerderungen","status":"publish","type":"page","link":"https:\/\/szf.at\/en\/informationen\/fuer-arbeitssuchende\/foerderungen\/","title":{"rendered":"F\u00f6rderungen"},"content":{"rendered":"<div data-elementor-type=\"wp-page\" data-elementor-id=\"1727\" class=\"elementor elementor-1727\" data-elementor-post-type=\"page\">\n\t\t\t\t<div data-particle_enable=\"false\" data-particle-mobile-disabled=\"false\" class=\"elementor-element elementor-element-05bf582 e-con-full e-flex e-con e-parent\" data-id=\"05bf582\" data-element_type=\"container\" data-settings=\"{&quot;background_background&quot;:&quot;classic&quot;}\">\n\t\t<div data-particle_enable=\"false\" data-particle-mobile-disabled=\"false\" class=\"elementor-element elementor-element-b2925c8 e-con-full e-flex e-con e-child\" data-id=\"b2925c8\" data-element_type=\"container\">\n\t\t<div data-particle_enable=\"false\" data-particle-mobile-disabled=\"false\" class=\"elementor-element elementor-element-30f95f0 e-con-full e-flex e-con e-child\" data-id=\"30f95f0\" data-element_type=\"container\" data-settings=\"{&quot;position&quot;:&quot;absolute&quot;}\">\n\t\t\t\t<\/div>\n\t\t\t\t<div class=\"elementor-element elementor-element-8d33b41 elementor-widget__width-initial elementor-widget elementor-widget-heading\" data-id=\"8d33b41\" data-element_type=\"widget\" data-widget_type=\"heading.default\">\n\t\t\t\t<div class=\"elementor-widget-container\">\n\t\t\t\t\t<h1 class=\"elementor-heading-title elementor-size-default\">F\u00d6RDERUNGEN<\/h1>\t\t\t\t<\/div>\n\t\t\t\t<\/div>\n\t\t\t\t<\/div>\n\t\t\t\t<\/div>\n\t\t<div data-particle_enable=\"false\" data-particle-mobile-disabled=\"false\" class=\"elementor-element elementor-element-84011e8 e-flex e-con-boxed e-con e-parent\" data-id=\"84011e8\" data-element_type=\"container\" data-settings=\"{&quot;background_background&quot;:&quot;classic&quot;}\">\n\t\t\t\t\t<div class=\"e-con-inner\">\n\t\t\t\t<div class=\"elementor-element elementor-element-951455b elementor-widget__width-auto titlelayer elementor-widget elementor-widget-heading\" data-id=\"951455b\" data-element_type=\"widget\" data-widget_type=\"heading.default\">\n\t\t\t\t<div class=\"elementor-widget-container\">\n\t\t\t\t\t<h2 class=\"elementor-heading-title elementor-size-default\">F\u00dcR EINZELPERSONEN<\/h2>\t\t\t\t<\/div>\n\t\t\t\t<\/div>\n\t\t\t\t<div class=\"elementor-element elementor-element-5cb6153 elementor-widget elementor-widget-text-editor\" data-id=\"5cb6153\" data-element_type=\"widget\" data-widget_type=\"text-editor.default\">\n\t\t\t\t<div class=\"elementor-widget-container\">\n\t\t\t\t\t\t\t\t\t<h4>F\u00f6rderungen im Rahmen einer beruflichen Qualifizierung bei AMS &#8211; Service f\u00fcr Arbeitsuchende<\/h4><p>Wenn Sie beim AMS arbeitsuchend vorgemerkt sind, dann besteht die M\u00f6glichkeit, dass die Kosten vom AMS \u00fcbernommen werden. Bitte kontaktieren Sie dazu die f\u00fcr Sie zust\u00e4ndige regionale Gesch\u00e4ftsstelle des AMS.<\/p><p><a href=\"https:\/\/www.ams.at\/\" target=\"_blank\" rel=\"noopener\">Weitere Informationen<\/a><\/p><p>\u00a0<\/p><h4>F\u00f6rderungen im Rahmen einer beruflichen Rehabilitation bei Versicherungstr\u00e4gern<\/h4><p>Wenn Sie im Zuge einer beruflichen Rehabilitation eine Qualifizierung im SZF besuchen, dann k\u00f6nnen bis zu 100% der Kosten dazu von einem Versicherungstr\u00e4ger wie beispielsweise AUVA, PVA oder andere \u00fcbernommen werden. Bitte kontaktieren Sie dazu die f\u00fcr Sie zust\u00e4ndige Stelle bei AUVA oder PVA.<\/p><p><a href=\"https:\/\/auva.at\/\" target=\"_blank\" rel=\"noopener\">Weitere Informationen zur AUVA<\/a><\/p><p><a href=\"https:\/\/www.pv.at\/web\/startseite\" target=\"_blank\" rel=\"noopener\">Weitere Informationen zur PVA<\/a><\/p><p>\u00a0<\/p><h4>F\u00f6rderungen im Rahmen der Lehrausbildung bei der Wirtschaftskammer<\/h4><p>Wenn Sie sich f\u00fcr Ihre Lehrabschlusspr\u00fcfung vorbereiten, dann werden die Pr\u00fcfungsvorbereitungskosten von der Wirtschaftskammer gef\u00f6rdert. Lesen Sie mehr zur F\u00f6rderung von Lehrlingen.<\/p><p><a href=\"https:\/\/www.wko.at\/lehre\/foerderungen-lehre\" target=\"_blank\" rel=\"noopener\">Weitere Informationen<\/a><\/p><p>\u00a0<\/p><h4>F\u00f6rderungen im Rahmen einer beruflichen Weiterbildung bei der Stadt Graz<\/h4><p>Wenn Sie berufst\u00e4tige*r Grazer*in mit niedrigem Haushaltseinkommen sind, unterst\u00fctzt Sie das Referat Arbeit und Besch\u00e4ftigung des Sozialamtes der Stadt Graz mit einer F\u00f6rderung f\u00fcr Ihre Weiterbildung bzw. Umschulung. Weitere Informationen entnehmen Sie dem Grazer Fonds f\u00fcr Aufstieg und Entwicklung.<\/p><p><a href=\"https:\/\/www.graz.at\/cms\/beitrag\/10255147\/7762114?fbclid=IwAR3nNbLqEITGxXnQGVJdnxOekTcumjifj8NqeXJ8seKPrdKIN2MfJ9WHmYo\" target=\"_blank\" rel=\"noopener\">Weitere Informationen<\/a><\/p><p>\u00a0<\/p><h4>F\u00f6rderungen im Rahmen einer Aus- &amp; Weiterbildung beim Sozial- und Weiterbildungsfonds (SWF)<\/h4><p>Wenn Sie Zeitarbeitnehmer*in sind und Ihre Qualifikation am Arbeitsmarkt verbessern m\u00f6chten, \u00fcbernimmt der SWF die Ausbildungskosten zur G\u00e4nze. Mehr Informationen finden Sie bei SWF.<\/p><p><a href=\"https:\/\/www.swf-akue.at\/index.php\" target=\"_blank\" rel=\"noopener\">Weitere Informationen<\/a><\/p>\t\t\t\t\t\t\t\t<\/div>\n\t\t\t\t<\/div>\n\t\t\t\t\t<\/div>\n\t\t\t\t<\/div>\n\t\t<div data-particle_enable=\"false\" data-particle-mobile-disabled=\"false\" class=\"elementor-element elementor-element-c4efd48 e-flex e-con-boxed e-con e-parent\" data-id=\"c4efd48\" data-element_type=\"container\" data-settings=\"{&quot;background_background&quot;:&quot;classic&quot;}\">\n\t\t\t\t\t<div class=\"e-con-inner\">\n\t\t\t\t<div class=\"elementor-element elementor-element-17f2d4f elementor-widget__width-auto titlelayer elementor-widget elementor-widget-heading\" data-id=\"17f2d4f\" data-element_type=\"widget\" data-widget_type=\"heading.default\">\n\t\t\t\t<div class=\"elementor-widget-container\">\n\t\t\t\t\t<h2 class=\"elementor-heading-title elementor-size-default\">f\u00fcr unternehmen<\/h2>\t\t\t\t<\/div>\n\t\t\t\t<\/div>\n\t\t\t\t<div class=\"elementor-element elementor-element-4ae701f elementor-widget elementor-widget-text-editor\" data-id=\"4ae701f\" data-element_type=\"widget\" data-widget_type=\"text-editor.default\">\n\t\t\t\t<div class=\"elementor-widget-container\">\n\t\t\t\t\t\t\t\t\t<h4>F\u00f6rderungen im Rahmen der betrieblichen Weiterbildung bei AMS \u2013 Service f\u00fcr Unternehmen<\/h4><p>Das AMS stellt ein vielseitiges F\u00f6rderungsprogramm f\u00fcr Unternehmen bereit. Bei Interesse kontaktieren Sie bitte die entsprechende Servicestelle f\u00fcr Unternehmen \u2013 kurz SFU \u2013 in der jeweiligen regionalen Gesch\u00e4ftsstelle des AMS.<\/p><p><a href=\"https:\/\/www.ams.at\/unternehmen\" target=\"_blank\" rel=\"noopener\">Weitere Informationen<\/a><\/p><p>\u00a0<\/p><h4>F\u00f6rderungen im Rahmen der Lehrlingsausbildung<\/h4><p>\u00a0<\/p><h4>F\u00f6rderungsaktion Weiter!Bilden \u2013 SFG<\/h4><p>Die F\u00f6rderungsaktion Weiter!Bilden unterst\u00fctzt steirische KMU dabei, sich weiterzuentwickeln und Nachhaltigkeit zu verankern. Die F\u00f6rderung richtet sich an Unternehmer*innen gleicherma\u00dfen wie an Mitarbeiter*innen sowie Lehrlinge und unterst\u00fctzt Weiterbildungen, die ma\u00dfgeblich zur nachhaltigen Unternehmensentwicklung beitragen.<\/p><p><a href=\"https:\/\/www.sfg.at\/f\/weiterbildung-mit-weitblick\/\" target=\"_blank\" rel=\"noopener\">Weitere Informationen<\/a><\/p><p>\u00a0<\/p><h4>Wirtschaftskammer<\/h4><p>Wenn Sie Lehrlinge in Ihrem Betrieb ausbilden, dann haben Sie die M\u00f6glichkeit, die vielseitigen Lehrbetriebsf\u00f6rderungen in Anspruch zu nehmen. Lesen Sie mehr dazu unter Lehre.F\u00f6rdern der WKO.<\/p><p><a href=\"https:\/\/www.wko.at\/lehre\/foerderungen-lehre\" target=\"_blank\" rel=\"noopener\">Weitere Informationen<\/a><\/p>\t\t\t\t\t\t\t\t<\/div>\n\t\t\t\t<\/div>\n\t\t\t\t\t<\/div>\n\t\t\t\t<\/div>\n\t\t<div data-particle_enable=\"false\" data-particle-mobile-disabled=\"false\" class=\"elementor-element elementor-element-719427e e-flex e-con-boxed e-con e-parent\" data-id=\"719427e\" data-element_type=\"container\">\n\t\t\t\t\t<div class=\"e-con-inner\">\n\t\t\t\t<div class=\"elementor-element elementor-element-281d89e elementor-widget elementor-widget-spacer\" data-id=\"281d89e\" data-element_type=\"widget\" data-widget_type=\"spacer.default\">\n\t\t\t\t<div class=\"elementor-widget-container\">\n\t\t\t\t\t\t\t<div class=\"elementor-spacer\">\n\t\t\t<div class=\"elementor-spacer-inner\"><\/div>\n\t\t<\/div>\n\t\t\t\t\t\t<\/div>\n\t\t\t\t<\/div>\n\t\t\t\t\t<\/div>\n\t\t\t\t<\/div>\n\t\t\t\t<\/div>","protected":false},"excerpt":{"rendered":"<p>F\u00d6RDERUNGEN F\u00dcR EINZELPERSONEN F\u00f6rderungen im Rahmen einer beruflichen Qualifizierung bei AMS &#8211; Service f\u00fcr Arbeitsuchende Wenn Sie beim AMS arbeitsuchend vorgemerkt sind, dann besteht die M\u00f6glichkeit, dass die Kosten vom AMS \u00fcbernommen werden. Bitte kontaktieren Sie dazu die f\u00fcr Sie zust\u00e4ndige regionale Gesch\u00e4ftsstelle des AMS. Weitere Informationen \u00a0 F\u00f6rderungen im Rahmen einer beruflichen Rehabilitation bei [&hellip;]<\/p>","protected":false},"author":1,"featured_media":0,"parent":273,"menu_order":0,"comment_status":"closed","ping_status":"closed","template":"","meta":{"footnotes":""},"class_list":["post-1727","page","type-page","status-publish","hentry"],"_links":{"self":[{"href":"https:\/\/szf.at\/en\/wp-json\/wp\/v2\/pages\/1727","targetHints":{"allow":["GET"]}}],"collection":[{"href":"https:\/\/szf.at\/en\/wp-json\/wp\/v2\/pages"}],"about":[{"href":"https:\/\/szf.at\/en\/wp-json\/wp\/v2\/types\/page"}],"author":[{"embeddable":true,"href":"https:\/\/szf.at\/en\/wp-json\/wp\/v2\/users\/1"}],"replies":[{"embeddable":true,"href":"https:\/\/szf.at\/en\/wp-json\/wp\/v2\/comments?post=1727"}],"version-history":[{"count":22,"href":"https:\/\/szf.at\/en\/wp-json\/wp\/v2\/pages\/1727\/revisions"}],"predecessor-version":[{"id":4712,"href":"https:\/\/szf.at\/en\/wp-json\/wp\/v2\/pages\/1727\/revisions\/4712"}],"up":[{"embeddable":true,"href":"https:\/\/szf.at\/en\/wp-json\/wp\/v2\/pages\/273"}],"wp:attachment":[{"href":"https:\/\/szf.at\/en\/wp-json\/wp\/v2\/media?parent=1727"}],"curies":[{"name":"wp","href":"https:\/\/api.w.org\/{rel}","templated":true}]}}