{"id":1735,"date":"2024-12-19T17:36:28","date_gmt":"2024-12-19T17:36:28","guid":{"rendered":"https:\/\/dev.mediadome.at\/szf\/?page_id=1735"},"modified":"2025-01-16T08:22:44","modified_gmt":"2025-01-16T08:22:44","slug":"mitarbeiterinnen-finden","status":"publish","type":"page","link":"https:\/\/szf.at\/en\/informationen\/fuer-unternehmen\/mitarbeiterinnen-finden\/","title":{"rendered":"Mitarbeiter*innen finden"},"content":{"rendered":"<div data-elementor-type=\"wp-page\" data-elementor-id=\"1735\" class=\"elementor elementor-1735\" data-elementor-post-type=\"page\">\n\t\t\t\t<div data-particle_enable=\"false\" data-particle-mobile-disabled=\"false\" class=\"elementor-element elementor-element-651e694 e-con-full e-flex e-con e-parent\" data-id=\"651e694\" data-element_type=\"container\" data-settings=\"{&quot;background_background&quot;:&quot;classic&quot;}\">\n\t\t<div data-particle_enable=\"false\" data-particle-mobile-disabled=\"false\" class=\"elementor-element elementor-element-f772ac5 e-con-full e-flex e-con e-child\" data-id=\"f772ac5\" data-element_type=\"container\">\n\t\t\t\t<div class=\"elementor-element elementor-element-3eccdd4 elementor-widget__width-initial elementor-widget elementor-widget-heading\" data-id=\"3eccdd4\" data-element_type=\"widget\" data-widget_type=\"heading.default\">\n\t\t\t\t<div class=\"elementor-widget-container\">\n\t\t\t\t\t<h1 class=\"elementor-heading-title elementor-size-default\">MITARBEITER*INNEN FINDEN<\/h1>\t\t\t\t<\/div>\n\t\t\t\t<\/div>\n\t\t\t\t<\/div>\n\t\t\t\t<\/div>\n\t\t<div data-particle_enable=\"false\" data-particle-mobile-disabled=\"false\" class=\"elementor-element elementor-element-b6e4337 e-flex e-con-boxed e-con e-parent\" data-id=\"b6e4337\" data-element_type=\"container\" data-settings=\"{&quot;background_background&quot;:&quot;classic&quot;}\">\n\t\t\t\t\t<div class=\"e-con-inner\">\n\t\t\t\t<div class=\"elementor-element elementor-element-ad062f8 elementor-widget__width-auto titlelayer elementor-widget elementor-widget-heading\" data-id=\"ad062f8\" data-element_type=\"widget\" data-widget_type=\"heading.default\">\n\t\t\t\t<div class=\"elementor-widget-container\">\n\t\t\t\t\t<h2 class=\"elementor-heading-title elementor-size-default\">DIE ROLLE DES SZF<\/h2>\t\t\t\t<\/div>\n\t\t\t\t<\/div>\n\t\t\t\t<div class=\"elementor-element elementor-element-dc1bc38 elementor-widget elementor-widget-text-editor\" data-id=\"dc1bc38\" data-element_type=\"widget\" data-widget_type=\"text-editor.default\">\n\t\t\t\t<div class=\"elementor-widget-container\">\n\t\t\t\t\t\t\t\t\t<h4>Wir unterst\u00fctzen Sie bei der Personalrekrutierung<\/h4><p><strong>Praktikum<\/strong><br \/>Ein Praktikum ist die Chance f\u00fcr Unternehmen, sich vom K\u00f6nnen der Teilnehmenden zu \u00fcberzeugen. Gleichzeitig k\u00f6nnen potenzielle Mitarbeiter*innen Sie und Ihr Unternehmen besser kennenlernen. Eine Win-Win Situation f\u00fcr arbeitssuchende Personen und Unternehmen, die auf der Suche nach neuen Mitarbeiter*innen sind. Wenn Sie der Praktikant bzw. die Praktikantin \u00fcberzeugt und Sie ihn\/sie einstellen m\u00f6chten, dann k\u00f6nnen noch zus\u00e4tzliche Kompetenzen, die der Arbeitsplatz erfordert, \u00fcber das AMS trainiert werden.<\/p><p><strong>Jobmessen im SZF<\/strong><br \/>Treten Sie mit potenziellen Mitarbeiter*innen in Kontakt. Pr\u00e4sentieren Sie den SZF-Teilnehmenden und Besucher*innen Ihr Unternehmen und Ihre offenen Stellen.<\/p><p><strong>Stelleninserate<\/strong><br \/>Senden Sie uns Ihre Stelleninserate und erh\u00f6hen Sie die Reichweite f\u00fcr potenzielle Mitarbeiter*innen &#8211; wir machen sie f\u00fcr unsere Teilnehmenden sichtbar.<\/p><p>Die genannten Leistungen k\u00f6nnen Sie zum Teil kostenlos in Anspruch nehmen. Profitieren Sie von unserem Netzwerk und unserer Erfahrung! Wir freuen uns \u00fcber Ihre Kontaktaufnahme.<\/p>\t\t\t\t\t\t\t\t<\/div>\n\t\t\t\t<\/div>\n\t\t\t\t\t<\/div>\n\t\t\t\t<\/div>\n\t\t<div data-particle_enable=\"false\" data-particle-mobile-disabled=\"false\" class=\"elementor-element elementor-element-3bea1ce elementor-hidden-widescreen elementor-hidden-desktop elementor-hidden-laptop elementor-hidden-tablet_extra elementor-hidden-tablet elementor-hidden-mobile_extra elementor-hidden-mobile e-flex e-con-boxed e-con e-parent\" data-id=\"3bea1ce\" data-element_type=\"container\" data-settings=\"{&quot;background_background&quot;:&quot;classic&quot;}\">\n\t\t\t\t\t<div class=\"e-con-inner\">\n\t\t\t\t<div class=\"elementor-element elementor-element-cad31dd elementor-widget__width-auto titlelayer elementor-widget elementor-widget-heading\" data-id=\"cad31dd\" data-element_type=\"widget\" data-widget_type=\"heading.default\">\n\t\t\t\t<div class=\"elementor-widget-container\">\n\t\t\t\t\t<h2 class=\"elementor-heading-title elementor-size-default\">FAQ<\/h2>\t\t\t\t<\/div>\n\t\t\t\t<\/div>\n\t\t\t\t\t<\/div>\n\t\t\t\t<\/div>\n\t\t<div data-particle_enable=\"false\" data-particle-mobile-disabled=\"false\" class=\"elementor-element elementor-element-e79edc5 e-flex e-con-boxed e-con e-parent\" data-id=\"e79edc5\" data-element_type=\"container\">\n\t\t\t\t\t<div class=\"e-con-inner\">\n\t\t\t\t<div class=\"elementor-element elementor-element-88ad754 elementor-widget elementor-widget-eael-adv-accordion\" data-id=\"88ad754\" data-element_type=\"widget\" data-widget_type=\"eael-adv-accordion.default\">\n\t\t\t\t<div class=\"elementor-widget-container\">\n\t\t\t\t\t        <div class=\"eael-adv-accordion\" id=\"eael-adv-accordion-88ad754\" data-scroll-on-click=\"no\" data-scroll-speed=\"300\" data-accordion-id=\"88ad754\" data-accordion-type=\"toggle\" data-toogle-speed=\"300\">\n    <div class=\"eael-accordion-list\">\n                <div id=\"wie-kann-ich-szf-teilnehmenden-ein-praktikum-in-meinem-betrieb-ermglichen\" class=\"elementor-tab-title eael-accordion-header\" tabindex=\"0\" data-tab=\"1\" aria-controls=\"elementor-tab-content-1431\"><p class=\"eael-accordion-tab-title\">Wie kann ich SZF-Teilnehmenden ein Praktikum in meinem Betrieb erm\u00f6glichen?<\/p><span class=\"eael-advanced-accordion-icon-closed\"><svg aria-hidden=\"true\" class=\"fa-accordion-icon e-font-icon-svg e-fas-plus\" viewbox=\"0 0 448 512\" xmlns=\"http:\/\/www.w3.org\/2000\/svg\"><path d=\"M416 208H272V64c0-17.67-14.33-32-32-32h-32c-17.67 0-32 14.33-32 32v144H32c-17.67 0-32 14.33-32 32v32c0 17.67 14.33 32 32 32h144v144c0 17.67 14.33 32 32 32h32c17.67 0 32-14.33 32-32V304h144c17.67 0 32-14.33 32-32v-32c0-17.67-14.33-32-32-32z\"><\/path><\/svg><\/span><span class=\"eael-advanced-accordion-icon-opened\"><svg aria-hidden=\"true\" class=\"fa-accordion-icon e-font-icon-svg e-fas-minus\" viewbox=\"0 0 448 512\" xmlns=\"http:\/\/www.w3.org\/2000\/svg\"><path d=\"M416 208H32c-17.67 0-32 14.33-32 32v32c0 17.67 14.33 32 32 32h384c17.67 0 32-14.33 32-32v-32c0-17.67-14.33-32-32-32z\"><\/path><\/svg><\/span><\/div><div id=\"elementor-tab-content-1431\" class=\"eael-accordion-content clearfix\" data-tab=\"1\" aria-labelledby=\"wie-kann-ich-szf-teilnehmenden-ein-praktikum-in-meinem-betrieb-ermglichen\"><p>Unsere Teilnehmenden schreiben laufend Bewerbungen um Praktikumsstellen. Sollten Sie noch keine Bewerbung erhalten haben nehmen Sie gerne mit dem Betriebsmanagement des SZF Kontakt auf. Die Kontaktdaten finden Sie ganz unten auf der Seite. Wir unterst\u00fctzen unsere Teilnehmenden n\u00e4mlich aktiv bei der Suche nach einem Praktikumsplatz.<\/p><\/div>\n                <\/div><div class=\"eael-accordion-list\">\n                <div id=\"wann-findet-die-nchste-jobmesse-statt\" class=\"elementor-tab-title eael-accordion-header\" tabindex=\"0\" data-tab=\"2\" aria-controls=\"elementor-tab-content-1432\"><p class=\"eael-accordion-tab-title\">Wann findet die n\u00e4chste Jobmesse statt?<\/p><span class=\"eael-advanced-accordion-icon-closed\"><svg aria-hidden=\"true\" class=\"fa-accordion-icon e-font-icon-svg e-fas-plus\" viewbox=\"0 0 448 512\" xmlns=\"http:\/\/www.w3.org\/2000\/svg\"><path d=\"M416 208H272V64c0-17.67-14.33-32-32-32h-32c-17.67 0-32 14.33-32 32v144H32c-17.67 0-32 14.33-32 32v32c0 17.67 14.33 32 32 32h144v144c0 17.67 14.33 32 32 32h32c17.67 0 32-14.33 32-32V304h144c17.67 0 32-14.33 32-32v-32c0-17.67-14.33-32-32-32z\"><\/path><\/svg><\/span><span class=\"eael-advanced-accordion-icon-opened\"><svg aria-hidden=\"true\" class=\"fa-accordion-icon e-font-icon-svg e-fas-minus\" viewbox=\"0 0 448 512\" xmlns=\"http:\/\/www.w3.org\/2000\/svg\"><path d=\"M416 208H32c-17.67 0-32 14.33-32 32v32c0 17.67 14.33 32 32 32h384c17.67 0 32-14.33 32-32v-32c0-17.67-14.33-32-32-32z\"><\/path><\/svg><\/span><\/div><div id=\"elementor-tab-content-1432\" class=\"eael-accordion-content clearfix\" data-tab=\"2\" aria-labelledby=\"wann-findet-die-nchste-jobmesse-statt\"><p>Alle Informationen zu unseren Veranstaltungen, unter anderem auch zur Jobmesse, finden Sie auf der Seite <a href=\"https:\/\/szf.at\/index.php\/ueber-das-szf\/veranstaltungen\/\">Veranstaltungen<\/a>.<\/p><\/div>\n                <\/div><\/div>\t\t\t\t<\/div>\n\t\t\t\t<\/div>\n\t\t\t\t\t<\/div>\n\t\t\t\t<\/div>\n\t\t<div data-particle_enable=\"false\" data-particle-mobile-disabled=\"false\" class=\"elementor-element elementor-element-98b7f52 e-flex e-con-boxed e-con e-parent\" data-id=\"98b7f52\" data-element_type=\"container\" data-settings=\"{&quot;background_background&quot;:&quot;classic&quot;}\">\n\t\t\t\t\t<div class=\"e-con-inner\">\n\t\t\t\t<div class=\"elementor-element elementor-element-4d72c3b elementor-widget__width-auto titlelayer elementor-widget elementor-widget-heading\" data-id=\"4d72c3b\" data-element_type=\"widget\" data-widget_type=\"heading.default\">\n\t\t\t\t<div class=\"elementor-widget-container\">\n\t\t\t\t\t<h2 class=\"elementor-heading-title elementor-size-default\">Ansprechperson<\/h2>\t\t\t\t<\/div>\n\t\t\t\t<\/div>\n\t\t\t\t<div class=\"elementor-element elementor-element-d67f040 elementor-widget elementor-widget-text-editor\" data-id=\"d67f040\" data-element_type=\"widget\" data-widget_type=\"text-editor.default\">\n\t\t\t\t<div class=\"elementor-widget-container\">\n\t\t\t\t\t\t\t\t\t<h4><span style=\"background-color: var( --e-global-color-accent ); text-align: var(--text-align); color: inherit;\">Sie haben noch Fragen?<\/span><\/h4><p>Wir freuen uns \u00fcber Ihren Anruf oder Ihr E-Mail!<\/p>\t\t\t\t\t\t\t\t<\/div>\n\t\t\t\t<\/div>\n\t\t\t\t<div class=\"elementor-element elementor-element-b6739c5 team elementor-widget elementor-widget-rttm-team-list\" data-id=\"b6739c5\" data-element_type=\"widget\" data-widget_type=\"rttm-team-list.default\">\n\t\t\t\t<div class=\"elementor-widget-container\">\n\t\t\t\t\t<div class=\"rt-team-container rt-elementor-container rt-pos-r rt-team-container-elementor rt-hover-zoom_in\" id=\"rt-team-container-787410471\" data-layout=\"layout2\" data-desktop-col=\"2\" data-tab-col=\"2\" data-mobile-col=\"1\" data-sc-id=\"elementor\" data-rttm-pagination='{\"layout\":\"layout2\",\"dCols\":2,\"tCols\":2,\"mCols\":1,\"postIn\":[],\"postNotIn\":[],\"limit\":12,\"pagination\":false,\"postsPerPage\":\"\",\"order_by\":\"date\",\"order\":\"DESC\",\"department_ids\":[],\"designation_ids\":[\"24\"],\"link\":false,\"fImg\":false,\"fImgSize\":\"team-thumb\",\"customImgSize\":{\"crop\":\"\"},\"character_limit\":0,\"after_short_desc\":\"\",\"read_more_btn_text\":\"\",\"my_resume_text\":\"\",\"hire_me_text\":\"\",\"visibility\":[\"name\",\"designation\",\"short_bio\",\"email\",\"telephone\",\"mobile\",\"social\"],\"social_profiles\":[],\"posts_loading_type\":\"pagination\",\"load_more_text\":\"Load More\",\"relation\":\"OR\",\"iCol\":4,\"gridType\":\"even\",\"linkType\":\"external_link\",\"popupType\":\"single\",\"target\":\"_self\",\"grayscale\":false,\"stripedRow\":false,\"defaultImgId\":null,\"filter_buttons\":false,\"filters\":[],\"taxFilter\":\"team_department\",\"action_term\":0,\"isoFilterTaxonomy\":\"team_department\",\"filterType\":null,\"hide_all_button\":true,\"tItem\":0,\"fShowAll\":false,\"animation\":\"zoom_in\"}'><div data-title=\"Loading ...\" class=\"rt-row rt-content-loader element-loading layout2 ttp-even ttp-pre-loader\"><div class=\"rt-col-md-6 rt-col-sm-6 rt-col-xs-12   even-grid-item rt-grid-item rt-ready-animation animated fadeIn\" data-id=\"1966\"><div class=\"single-team-area\"><div class=\"img-area rt-col-sm-4 rt-col-xs-4\"><figure><img fetchpriority=\"high\" decoding=\"async\" width=\"400\" height=\"400\" src=\"data:image\/gif;base64,R0lGODlhAQABAAAAACH5BAEKAAEALAAAAAABAAEAAAICTAEAOw==\" class=\"img-responsive rt-team-img lazyload\" alt=\"Mike Raith\" data-src=\"https:\/\/szf.at\/wp-content\/uploads\/2025\/01\/MA-Profilbildervorlage-Google_Raith-Mike_Profilbild-Google-und-EDU_2021.08.17-400x400.jpg\"><\/figure><\/div><div class=\"rttm-content-area rt-col-sm-8 rt-col-xs-8\"><h3><span class=\"team-name\">Mike Raith<\/span><\/h3><div class=\"tlp-position\">Betriebsmanagement, Leitung<\/div><div class=\"contact-info\"><ul><li class=\"tlp-email\"><i class=\"far fa-envelope\"><\/i><a href=\"mailto:m.raith@szf.at\"><span class=\"tlp-email\">m.raith@szf.at<\/span><\/a><\/li><li class=\"tlp-phone\"><i class=\"fa fa-phone-alt\"><\/i><a href=\"tel: 43 3573 6060 3501\" class=\"tlp-phone\">+43 3573 6060 3501<\/a><\/li><\/ul><\/div><\/div><\/div><\/div><div class=\"rt-loading-overlay full-op\"><\/div><div class=\"rt-loading rt-ball-clip-rotate\"><div><\/div><\/div><\/div><\/div>\t\t\t\t<\/div>\n\t\t\t\t<\/div>\n\t\t\t\t\t<\/div>\n\t\t\t\t<\/div>\n\t\t\t\t<\/div>","protected":false},"excerpt":{"rendered":"<p>MITARBEITER*INNEN FINDEN DIE ROLLE DES SZF Wir unterst\u00fctzen Sie bei der Personalrekrutierung PraktikumEin Praktikum ist die Chance f\u00fcr Unternehmen, sich vom K\u00f6nnen der Teilnehmenden zu \u00fcberzeugen. Gleichzeitig k\u00f6nnen potenzielle Mitarbeiter*innen Sie und Ihr Unternehmen besser kennenlernen. Eine Win-Win Situation f\u00fcr arbeitssuchende Personen und Unternehmen, die auf der Suche nach neuen Mitarbeiter*innen sind. Wenn Sie der [&hellip;]<\/p>","protected":false},"author":1,"featured_media":0,"parent":597,"menu_order":0,"comment_status":"closed","ping_status":"closed","template":"","meta":{"footnotes":""},"class_list":["post-1735","page","type-page","status-publish","hentry"],"_links":{"self":[{"href":"https:\/\/szf.at\/en\/wp-json\/wp\/v2\/pages\/1735","targetHints":{"allow":["GET"]}}],"collection":[{"href":"https:\/\/szf.at\/en\/wp-json\/wp\/v2\/pages"}],"about":[{"href":"https:\/\/szf.at\/en\/wp-json\/wp\/v2\/types\/page"}],"author":[{"embeddable":true,"href":"https:\/\/szf.at\/en\/wp-json\/wp\/v2\/users\/1"}],"replies":[{"embeddable":true,"href":"https:\/\/szf.at\/en\/wp-json\/wp\/v2\/comments?post=1735"}],"version-history":[{"count":19,"href":"https:\/\/szf.at\/en\/wp-json\/wp\/v2\/pages\/1735\/revisions"}],"predecessor-version":[{"id":4595,"href":"https:\/\/szf.at\/en\/wp-json\/wp\/v2\/pages\/1735\/revisions\/4595"}],"up":[{"embeddable":true,"href":"https:\/\/szf.at\/en\/wp-json\/wp\/v2\/pages\/597"}],"wp:attachment":[{"href":"https:\/\/szf.at\/en\/wp-json\/wp\/v2\/media?parent=1735"}],"curies":[{"name":"wp","href":"https:\/\/api.w.org\/{rel}","templated":true}]}}