{"id":1740,"date":"2024-12-19T17:37:56","date_gmt":"2024-12-19T17:37:56","guid":{"rendered":"https:\/\/dev.mediadome.at\/szf\/?page_id=1740"},"modified":"2025-06-05T12:39:35","modified_gmt":"2025-06-05T12:39:35","slug":"mitarbeiterinnen-foerdern","status":"publish","type":"page","link":"https:\/\/szf.at\/en\/informationen\/fuer-unternehmen\/mitarbeiterinnen-foerdern\/","title":{"rendered":"Mitarbeiter*innen f\u00f6rdern"},"content":{"rendered":"<div data-elementor-type=\"wp-page\" data-elementor-id=\"1740\" class=\"elementor elementor-1740\" data-elementor-post-type=\"page\">\n\t\t\t\t<div data-particle_enable=\"false\" data-particle-mobile-disabled=\"false\" class=\"elementor-element elementor-element-651e694 e-con-full e-flex e-con e-parent\" data-id=\"651e694\" data-element_type=\"container\" data-settings=\"{&quot;background_background&quot;:&quot;classic&quot;}\">\n\t\t<div data-particle_enable=\"false\" data-particle-mobile-disabled=\"false\" class=\"elementor-element elementor-element-f772ac5 e-con-full e-flex e-con e-child\" data-id=\"f772ac5\" data-element_type=\"container\">\n\t\t<div data-particle_enable=\"false\" data-particle-mobile-disabled=\"false\" class=\"elementor-element elementor-element-6b9f3ff e-con-full e-flex e-con e-child\" data-id=\"6b9f3ff\" data-element_type=\"container\" data-settings=\"{&quot;position&quot;:&quot;absolute&quot;}\">\n\t\t\t\t<\/div>\n\t\t\t\t<div class=\"elementor-element elementor-element-3eccdd4 elementor-widget__width-initial elementor-widget elementor-widget-heading\" data-id=\"3eccdd4\" data-element_type=\"widget\" data-widget_type=\"heading.default\">\n\t\t\t\t<div class=\"elementor-widget-container\">\n\t\t\t\t\t<h1 class=\"elementor-heading-title elementor-size-default\">MITARBEITER*INNEN F\u00d6RDERN<\/h1>\t\t\t\t<\/div>\n\t\t\t\t<\/div>\n\t\t\t\t<\/div>\n\t\t\t\t<\/div>\n\t\t<div data-particle_enable=\"false\" data-particle-mobile-disabled=\"false\" class=\"elementor-element elementor-element-10e8f79 e-flex e-con-boxed e-con e-parent\" data-id=\"10e8f79\" data-element_type=\"container\" data-settings=\"{&quot;background_background&quot;:&quot;classic&quot;}\">\n\t\t\t\t\t<div class=\"e-con-inner\">\n\t\t\t\t<div class=\"elementor-element elementor-element-b5e1d13 elementor-widget__width-auto titlelayer elementor-widget elementor-widget-heading\" data-id=\"b5e1d13\" data-element_type=\"widget\" data-widget_type=\"heading.default\">\n\t\t\t\t<div class=\"elementor-widget-container\">\n\t\t\t\t\t<h2 class=\"elementor-heading-title elementor-size-default\">DIE ROLLE DES SZF<\/h2>\t\t\t\t<\/div>\n\t\t\t\t<\/div>\n\t\t\t\t<div class=\"elementor-element elementor-element-f08cb6a elementor-widget elementor-widget-text-editor\" data-id=\"f08cb6a\" data-element_type=\"widget\" data-widget_type=\"text-editor.default\">\n\t\t\t\t<div class=\"elementor-widget-container\">\n\t\t\t\t\t\t\t\t\t<h4><span style=\"text-align: var(--text-align); background-color: var( --e-global-color-accent );\">In die Zukunft Ihrer Lehrlinge investieren<\/span><\/h4><p>Wir sind \u00fcberzeugt davon, dass Ihre Lehrlinge in Ihrem Betrieb bereits viele F\u00e4higkeiten erlernen konnten. Kurz vor der Lehrabschlusspr\u00fcfung kann eine Auffrischung aller relevanten Pr\u00fcfungsthemen jedoch sehr hilfreich sein. Hierf\u00fcr bietet sich ein Seminar im SZF an, welches Ihre zuk\u00fcnftigen Fachkr\u00e4fte bestm\u00f6glich auf die LAP vorbereitet.<\/p><h4>Potenzial Ihrer Mitarbeiter*innen f\u00f6rdern<\/h4><p>Auch nach der bestandenen LAP gibt es viele M\u00f6glichkeiten in Zusammenarbeit mit dem SZF in Ihre Mitarbeiter*innen zu investieren. Wir unterbreiten Ihnen gerne ein individuelles Angebot.<\/p>\t\t\t\t\t\t\t\t<\/div>\n\t\t\t\t<\/div>\n\t\t\t\t\t<\/div>\n\t\t\t\t<\/div>\n\t\t<div data-particle_enable=\"false\" data-particle-mobile-disabled=\"false\" class=\"elementor-element elementor-element-3bea1ce e-flex e-con-boxed e-con e-parent\" data-id=\"3bea1ce\" data-element_type=\"container\" data-settings=\"{&quot;background_background&quot;:&quot;classic&quot;}\">\n\t\t\t\t\t<div class=\"e-con-inner\">\n\t\t\t\t<div class=\"elementor-element elementor-element-cad31dd elementor-widget__width-auto titlelayer elementor-widget elementor-widget-heading\" data-id=\"cad31dd\" data-element_type=\"widget\" data-widget_type=\"heading.default\">\n\t\t\t\t<div class=\"elementor-widget-container\">\n\t\t\t\t\t<h2 class=\"elementor-heading-title elementor-size-default\">FAQ<\/h2>\t\t\t\t<\/div>\n\t\t\t\t<\/div>\n\t\t\t\t\t<\/div>\n\t\t\t\t<\/div>\n\t\t<div data-particle_enable=\"false\" data-particle-mobile-disabled=\"false\" class=\"elementor-element elementor-element-e79edc5 e-flex e-con-boxed e-con e-parent\" data-id=\"e79edc5\" data-element_type=\"container\">\n\t\t\t\t\t<div class=\"e-con-inner\">\n\t\t\t\t<div class=\"elementor-element elementor-element-88ad754 elementor-widget elementor-widget-eael-adv-accordion\" data-id=\"88ad754\" data-element_type=\"widget\" data-widget_type=\"eael-adv-accordion.default\">\n\t\t\t\t<div class=\"elementor-widget-container\">\n\t\t\t\t\t        <div class=\"eael-adv-accordion\" id=\"eael-adv-accordion-88ad754\" data-scroll-on-click=\"no\" data-scroll-speed=\"300\" data-accordion-id=\"88ad754\" data-accordion-type=\"toggle\" data-toogle-speed=\"300\">\n    <div class=\"eael-accordion-list\">\n                <div id=\"wo-finde-ich-die-angebote-bzw-seminare-die-ich-fr-meine-mitarbeiterinnen-buchen-kann\" class=\"elementor-tab-title eael-accordion-header\" tabindex=\"0\" data-tab=\"1\" aria-controls=\"elementor-tab-content-1431\"><p class=\"eael-accordion-tab-title\">Wo finde ich die Angebote bzw. Seminare, die ich f\u00fcr meine Mitarbeiter*innen buchen kann?<\/p><span class=\"eael-advanced-accordion-icon-closed\"><svg aria-hidden=\"true\" class=\"fa-accordion-icon e-font-icon-svg e-fas-plus\" viewbox=\"0 0 448 512\" xmlns=\"http:\/\/www.w3.org\/2000\/svg\"><path d=\"M416 208H272V64c0-17.67-14.33-32-32-32h-32c-17.67 0-32 14.33-32 32v144H32c-17.67 0-32 14.33-32 32v32c0 17.67 14.33 32 32 32h144v144c0 17.67 14.33 32 32 32h32c17.67 0 32-14.33 32-32V304h144c17.67 0 32-14.33 32-32v-32c0-17.67-14.33-32-32-32z\"><\/path><\/svg><\/span><span class=\"eael-advanced-accordion-icon-opened\"><svg aria-hidden=\"true\" class=\"fa-accordion-icon e-font-icon-svg e-fas-minus\" viewbox=\"0 0 448 512\" xmlns=\"http:\/\/www.w3.org\/2000\/svg\"><path d=\"M416 208H32c-17.67 0-32 14.33-32 32v32c0 17.67 14.33 32 32 32h384c17.67 0 32-14.33 32-32v-32c0-17.67-14.33-32-32-32z\"><\/path><\/svg><\/span><\/div><div id=\"elementor-tab-content-1431\" class=\"eael-accordion-content clearfix\" data-tab=\"1\" aria-labelledby=\"wo-finde-ich-die-angebote-bzw-seminare-die-ich-fr-meine-mitarbeiterinnen-buchen-kann\"><p>Alle Seminare und die Details dazu finden Sie auf der Website der Bildungs- und Management-Service GmbH: <a href=\"http:\/\/www.bms.at\" target=\"_blank\" rel=\"noopener\">www.bms.at<\/a><\/p><\/div>\n                <\/div><\/div>\t\t\t\t<\/div>\n\t\t\t\t<\/div>\n\t\t\t\t\t<\/div>\n\t\t\t\t<\/div>\n\t\t<div data-particle_enable=\"false\" data-particle-mobile-disabled=\"false\" class=\"elementor-element elementor-element-b5984eb e-flex e-con-boxed e-con e-parent\" data-id=\"b5984eb\" data-element_type=\"container\" data-settings=\"{&quot;background_background&quot;:&quot;classic&quot;}\">\n\t\t\t\t\t<div class=\"e-con-inner\">\n\t\t\t\t<div class=\"elementor-element elementor-element-e306503 elementor-widget__width-auto titlelayer elementor-widget elementor-widget-heading\" data-id=\"e306503\" data-element_type=\"widget\" data-widget_type=\"heading.default\">\n\t\t\t\t<div class=\"elementor-widget-container\">\n\t\t\t\t\t<h2 class=\"elementor-heading-title elementor-size-default\">Ansprechperson<\/h2>\t\t\t\t<\/div>\n\t\t\t\t<\/div>\n\t\t\t\t<div class=\"elementor-element elementor-element-96d49f8 elementor-widget elementor-widget-text-editor\" data-id=\"96d49f8\" data-element_type=\"widget\" data-widget_type=\"text-editor.default\">\n\t\t\t\t<div class=\"elementor-widget-container\">\n\t\t\t\t\t\t\t\t\t<h4><span style=\"background-color: var( --e-global-color-accent ); text-align: var(--text-align); color: inherit;\">Sie haben noch Fragen?<\/span><\/h4><p>Wir freuen uns \u00fcber Ihren Anruf oder Ihr E-Mail!<\/p>\t\t\t\t\t\t\t\t<\/div>\n\t\t\t\t<\/div>\n\t\t\t\t<div class=\"elementor-element elementor-element-c8c2f17 team elementor-widget elementor-widget-rttm-team-list\" data-id=\"c8c2f17\" data-element_type=\"widget\" data-widget_type=\"rttm-team-list.default\">\n\t\t\t\t<div class=\"elementor-widget-container\">\n\t\t\t\t\t<div class=\"rt-team-container rt-elementor-container rt-pos-r rt-team-container-elementor rt-hover-zoom_in\" id=\"rt-team-container-4196119852\" data-layout=\"layout2\" data-desktop-col=\"2\" data-tab-col=\"2\" data-mobile-col=\"1\" data-sc-id=\"elementor\" data-rttm-pagination='{\"layout\":\"layout2\",\"dCols\":2,\"tCols\":2,\"mCols\":1,\"postIn\":[],\"postNotIn\":[],\"limit\":12,\"pagination\":false,\"postsPerPage\":\"\",\"order_by\":\"date\",\"order\":\"DESC\",\"department_ids\":[],\"designation_ids\":[\"24\"],\"link\":false,\"fImg\":false,\"fImgSize\":\"team-thumb\",\"customImgSize\":{\"crop\":\"\"},\"character_limit\":0,\"after_short_desc\":\"\",\"read_more_btn_text\":\"\",\"my_resume_text\":\"\",\"hire_me_text\":\"\",\"visibility\":[\"name\",\"designation\",\"short_bio\",\"email\",\"telephone\",\"mobile\",\"social\"],\"social_profiles\":[],\"posts_loading_type\":\"pagination\",\"load_more_text\":\"Load More\",\"relation\":\"OR\",\"iCol\":4,\"gridType\":\"even\",\"linkType\":\"external_link\",\"popupType\":\"single\",\"target\":\"_self\",\"grayscale\":false,\"stripedRow\":false,\"defaultImgId\":null,\"filter_buttons\":false,\"filters\":[],\"taxFilter\":\"team_department\",\"action_term\":0,\"isoFilterTaxonomy\":\"team_department\",\"filterType\":null,\"hide_all_button\":true,\"tItem\":0,\"fShowAll\":false,\"animation\":\"zoom_in\"}'><div data-title=\"Loading ...\" class=\"rt-row rt-content-loader element-loading layout2 ttp-even ttp-pre-loader\"><div class=\"rt-col-md-6 rt-col-sm-6 rt-col-xs-12   even-grid-item rt-grid-item rt-ready-animation animated fadeIn\" data-id=\"1966\"><div class=\"single-team-area\"><div class=\"img-area rt-col-sm-4 rt-col-xs-4\"><figure><img fetchpriority=\"high\" decoding=\"async\" width=\"400\" height=\"400\" src=\"data:image\/gif;base64,R0lGODlhAQABAAAAACH5BAEKAAEALAAAAAABAAEAAAICTAEAOw==\" class=\"img-responsive rt-team-img lazyload\" alt=\"Mike Raith\" data-src=\"https:\/\/szf.at\/wp-content\/uploads\/2025\/01\/MA-Profilbildervorlage-Google_Raith-Mike_Profilbild-Google-und-EDU_2021.08.17-400x400.jpg\"><\/figure><\/div><div class=\"rttm-content-area rt-col-sm-8 rt-col-xs-8\"><h3><span class=\"team-name\">Mike Raith<\/span><\/h3><div class=\"tlp-position\">Betriebsmanagement, Leitung<\/div><div class=\"contact-info\"><ul><li class=\"tlp-email\"><i class=\"far fa-envelope\"><\/i><a href=\"mailto:m.raith@szf.at\"><span class=\"tlp-email\">m.raith@szf.at<\/span><\/a><\/li><li class=\"tlp-phone\"><i class=\"fa fa-phone-alt\"><\/i><a href=\"tel: 43 3573 6060 3501\" class=\"tlp-phone\">+43 3573 6060 3501<\/a><\/li><\/ul><\/div><\/div><\/div><\/div><div class=\"rt-loading-overlay full-op\"><\/div><div class=\"rt-loading rt-ball-clip-rotate\"><div><\/div><\/div><\/div><\/div>\t\t\t\t<\/div>\n\t\t\t\t<\/div>\n\t\t\t\t\t<\/div>\n\t\t\t\t<\/div>\n\t\t\t\t<\/div>","protected":false},"excerpt":{"rendered":"<p>MITARBEITER*INNEN F\u00d6RDERN DIE ROLLE DES SZF In die Zukunft Ihrer Lehrlinge investieren Wir sind \u00fcberzeugt davon, dass Ihre Lehrlinge in Ihrem Betrieb bereits viele F\u00e4higkeiten erlernen konnten. Kurz vor der Lehrabschlusspr\u00fcfung kann eine Auffrischung aller relevanten Pr\u00fcfungsthemen jedoch sehr hilfreich sein. Hierf\u00fcr bietet sich ein Seminar im SZF an, welches Ihre zuk\u00fcnftigen Fachkr\u00e4fte bestm\u00f6glich auf [&hellip;]<\/p>","protected":false},"author":1,"featured_media":0,"parent":597,"menu_order":0,"comment_status":"closed","ping_status":"closed","template":"","meta":{"footnotes":""},"class_list":["post-1740","page","type-page","status-publish","hentry"],"_links":{"self":[{"href":"https:\/\/szf.at\/en\/wp-json\/wp\/v2\/pages\/1740","targetHints":{"allow":["GET"]}}],"collection":[{"href":"https:\/\/szf.at\/en\/wp-json\/wp\/v2\/pages"}],"about":[{"href":"https:\/\/szf.at\/en\/wp-json\/wp\/v2\/types\/page"}],"author":[{"embeddable":true,"href":"https:\/\/szf.at\/en\/wp-json\/wp\/v2\/users\/1"}],"replies":[{"embeddable":true,"href":"https:\/\/szf.at\/en\/wp-json\/wp\/v2\/comments?post=1740"}],"version-history":[{"count":16,"href":"https:\/\/szf.at\/en\/wp-json\/wp\/v2\/pages\/1740\/revisions"}],"predecessor-version":[{"id":8729,"href":"https:\/\/szf.at\/en\/wp-json\/wp\/v2\/pages\/1740\/revisions\/8729"}],"up":[{"embeddable":true,"href":"https:\/\/szf.at\/en\/wp-json\/wp\/v2\/pages\/597"}],"wp:attachment":[{"href":"https:\/\/szf.at\/en\/wp-json\/wp\/v2\/media?parent=1740"}],"curies":[{"name":"wp","href":"https:\/\/api.w.org\/{rel}","templated":true}]}}