{"id":263,"date":"2024-08-21T07:41:15","date_gmt":"2024-08-21T07:41:15","guid":{"rendered":"https:\/\/dev.mediadome.at\/szf\/?page_id=263"},"modified":"2025-01-17T09:52:07","modified_gmt":"2025-01-17T09:52:07","slug":"uebersicht-zusatzleistungen","status":"publish","type":"page","link":"https:\/\/szf.at\/en\/qualifizierungen\/uebersicht-zusatzleistungen\/","title":{"rendered":"Zusatzleistungen"},"content":{"rendered":"<div data-elementor-type=\"wp-page\" data-elementor-id=\"263\" class=\"elementor elementor-263\" data-elementor-post-type=\"page\">\n\t\t\t\t<div data-particle_enable=\"false\" data-particle-mobile-disabled=\"false\" class=\"elementor-element elementor-element-b02c6b0 e-con-full e-flex e-con e-parent\" data-id=\"b02c6b0\" data-element_type=\"container\" data-settings=\"{&quot;background_background&quot;:&quot;classic&quot;}\">\n\t\t<div data-particle_enable=\"false\" data-particle-mobile-disabled=\"false\" class=\"elementor-element elementor-element-2e76fda e-con-full e-flex e-con e-child\" data-id=\"2e76fda\" data-element_type=\"container\">\n\t\t<div data-particle_enable=\"false\" data-particle-mobile-disabled=\"false\" class=\"elementor-element elementor-element-60bae1f e-con-full e-flex e-con e-child\" data-id=\"60bae1f\" data-element_type=\"container\" data-settings=\"{&quot;position&quot;:&quot;absolute&quot;}\">\n\t\t\t\t<\/div>\n\t\t\t\t<div class=\"elementor-element elementor-element-133370b elementor-widget__width-initial elementor-widget elementor-widget-heading\" data-id=\"133370b\" data-element_type=\"widget\" data-widget_type=\"heading.default\">\n\t\t\t\t<div class=\"elementor-widget-container\">\n\t\t\t\t\t<h1 class=\"elementor-heading-title elementor-size-default\">ZUSATZLEISTUNGEN<\/h1>\t\t\t\t<\/div>\n\t\t\t\t<\/div>\n\t\t\t\t<\/div>\n\t\t\t\t<\/div>\n\t\t<div data-particle_enable=\"false\" data-particle-mobile-disabled=\"false\" class=\"elementor-element elementor-element-f6471de e-flex e-con-boxed e-con e-parent\" data-id=\"f6471de\" data-element_type=\"container\" data-settings=\"{&quot;background_background&quot;:&quot;classic&quot;}\">\n\t\t\t\t\t<div class=\"e-con-inner\">\n\t\t\t\t<div class=\"elementor-element elementor-element-277aa44 elementor-widget__width-auto titlelayer elementor-widget elementor-widget-heading\" data-id=\"277aa44\" data-element_type=\"widget\" data-widget_type=\"heading.default\">\n\t\t\t\t<div class=\"elementor-widget-container\">\n\t\t\t\t\t<h2 class=\"elementor-heading-title elementor-size-default\">\u00dcbersicht Zusatzleistungen<\/h2>\t\t\t\t<\/div>\n\t\t\t\t<\/div>\n\t\t\t\t<div class=\"elementor-element elementor-element-a7fcfeb elementor-widget elementor-widget-text-editor\" data-id=\"a7fcfeb\" data-element_type=\"widget\" data-widget_type=\"text-editor.default\">\n\t\t\t\t<div class=\"elementor-widget-container\">\n\t\t\t\t\t\t\t\t\t<p>Zus\u00e4tzlich zu unseren Qualifizierungen in den verschiedenen Bereichen bieten wir noch weitere Leistungen an.<\/p>\t\t\t\t\t\t\t\t<\/div>\n\t\t\t\t<\/div>\n\t\t\t\t\t<\/div>\n\t\t\t\t<\/div>\n\t\t<div data-particle_enable=\"false\" data-particle-mobile-disabled=\"false\" class=\"elementor-element elementor-element-d6db44b e-flex e-con-boxed e-con e-parent\" data-id=\"d6db44b\" data-element_type=\"container\">\n\t\t\t\t\t<div class=\"e-con-inner\">\n\t\t<div data-particle_enable=\"false\" data-particle-mobile-disabled=\"false\" class=\"elementor-element elementor-element-c46d9af e-con-full e-flex e-con e-child\" data-id=\"c46d9af\" data-element_type=\"container\">\n\t\t\t\t<div class=\"elementor-element elementor-element-2cc0adc qualiimage elementor-widget elementor-widget-image\" data-id=\"2cc0adc\" data-element_type=\"widget\" data-widget_type=\"image.default\">\n\t\t\t\t<div class=\"elementor-widget-container\">\n\t\t\t\t\t\t\t\t\t\t\t\t<figure class=\"wp-caption\">\n\t\t\t\t\t\t\t\t\t\t\t<a href=\"https:\/\/szf.at\/index.php\/ams-driver\">\n\t\t\t\t\t\t\t<img fetchpriority=\"high\" decoding=\"async\" width=\"800\" height=\"534\" src=\"data:image\/gif;base64,R0lGODlhAQABAAAAACH5BAEKAAEALAAAAAABAAEAAAICTAEAOw==\" class=\"attachment-large size-large wp-image-3991 lazyload\" alt=\"\" sizes=\"(max-width: 800px) 100vw, 800px\" data-src=\"https:\/\/szf.at\/wp-content\/uploads\/2025\/01\/AdobeStock_430427298-1-1024x683.jpg\" data-srcset=\"https:\/\/szf.at\/wp-content\/uploads\/2025\/01\/AdobeStock_430427298-1-1024x683.jpg 1024w, https:\/\/szf.at\/wp-content\/uploads\/2025\/01\/AdobeStock_430427298-1-300x200.jpg 300w, https:\/\/szf.at\/wp-content\/uploads\/2025\/01\/AdobeStock_430427298-1-768x512.jpg 768w, https:\/\/szf.at\/wp-content\/uploads\/2025\/01\/AdobeStock_430427298-1-1536x1024.jpg 1536w, https:\/\/szf.at\/wp-content\/uploads\/2025\/01\/AdobeStock_430427298-1-2048x1365.jpg 2048w\">\t\t\t\t\t\t\t\t<\/a>\n\t\t\t\t\t\t\t\t\t\t\t<figcaption class=\"widget-image-caption wp-caption-text\">AMS DRIVER<\/figcaption>\n\t\t\t\t\t\t\t\t\t\t<\/figure>\n\t\t\t\t\t\t\t\t\t<\/div>\n\t\t\t\t<\/div>\n\t\t\t\t<div class=\"elementor-element elementor-element-c8334cc elementor-widget elementor-widget-text-editor\" data-id=\"c8334cc\" data-element_type=\"widget\" data-widget_type=\"text-editor.default\">\n\t\t\t\t<div class=\"elementor-widget-container\">\n\t\t\t\t\t\t\t\t\t<p>AMS Driver ist ein Projekt des Arbeitsmarktservice Steiermark mit dem Ziel, interessierte Personen mit passenden Betrieben zusammenzuf\u00fchren und somit dem aktuellen Arbeitskr\u00e4ftemangel an <strong>LKW- und Busfahrer*innen<\/strong> entgegenzuwirken. Das AMS stellt hierf\u00fcr ein Koordinierungsb\u00fcro f\u00fcr alle AMS-Berater*innen zur Verf\u00fcgung.<\/p>\t\t\t\t\t\t\t\t<\/div>\n\t\t\t\t<\/div>\n\t\t\t\t<\/div>\n\t\t<div data-particle_enable=\"false\" data-particle-mobile-disabled=\"false\" class=\"elementor-element elementor-element-2b42931 e-con-full e-flex e-con e-child\" data-id=\"2b42931\" data-element_type=\"container\">\n\t\t\t\t<div class=\"elementor-element elementor-element-7e0512c qualiimage elementor-widget elementor-widget-image\" data-id=\"7e0512c\" data-element_type=\"widget\" data-widget_type=\"image.default\">\n\t\t\t\t<div class=\"elementor-widget-container\">\n\t\t\t\t\t\t\t\t\t\t\t\t<figure class=\"wp-caption\">\n\t\t\t\t\t\t\t\t\t\t\t<a href=\"https:\/\/szf.at\/index.php\/qualifizierungsrampe\">\n\t\t\t\t\t\t\t<img decoding=\"async\" width=\"800\" height=\"534\" src=\"data:image\/gif;base64,R0lGODlhAQABAAAAACH5BAEKAAEALAAAAAABAAEAAAICTAEAOw==\" class=\"attachment-large size-large wp-image-4268 lazyload\" alt=\"\" sizes=\"(max-width: 800px) 100vw, 800px\" data-src=\"https:\/\/szf.at\/wp-content\/uploads\/2025\/01\/AdobeStock_281404136_1-1024x683.jpg\" data-srcset=\"https:\/\/szf.at\/wp-content\/uploads\/2025\/01\/AdobeStock_281404136_1-1024x683.jpg 1024w, https:\/\/szf.at\/wp-content\/uploads\/2025\/01\/AdobeStock_281404136_1-300x200.jpg 300w, https:\/\/szf.at\/wp-content\/uploads\/2025\/01\/AdobeStock_281404136_1-768x512.jpg 768w, https:\/\/szf.at\/wp-content\/uploads\/2025\/01\/AdobeStock_281404136_1.jpg 1240w\">\t\t\t\t\t\t\t\t<\/a>\n\t\t\t\t\t\t\t\t\t\t\t<figcaption class=\"widget-image-caption wp-caption-text\">QUALIFIZIERUNGS-RAMPE<\/figcaption>\n\t\t\t\t\t\t\t\t\t\t<\/figure>\n\t\t\t\t\t\t\t\t\t<\/div>\n\t\t\t\t<\/div>\n\t\t\t\t<div class=\"elementor-element elementor-element-9fc50f4 elementor-widget elementor-widget-text-editor\" data-id=\"9fc50f4\" data-element_type=\"widget\" data-widget_type=\"text-editor.default\">\n\t\t\t\t<div class=\"elementor-widget-container\">\n\t\t\t\t\t\t\t\t\t<p>Wenn Sie sich f\u00fcr eine Qualifizierung entschieden haben, aber noch nicht ganz sicher sind, ob Sie die fachlichen Voraussetzungen erf\u00fcllen, dann haben Sie die M\u00f6glichkeit, die \u201cRampe\u201d als Vorfeldma\u00dfnahme zur Qualifizierung zu absolvieren.<\/p><p>In der Rampe haben Sie bis zu <strong>12 Wochen Zeit, Ihre Kompetenzen, die Sie f\u00fcr einen Einstieg in eine Qualifizierung ben\u00f6tigen, aufzubauen<\/strong>.\u00a0<\/p>\t\t\t\t\t\t\t\t<\/div>\n\t\t\t\t<\/div>\n\t\t\t\t<\/div>\n\t\t<div data-particle_enable=\"false\" data-particle-mobile-disabled=\"false\" class=\"elementor-element elementor-element-4d1525a e-con-full e-flex e-con e-child\" data-id=\"4d1525a\" data-element_type=\"container\">\n\t\t\t\t<div class=\"elementor-element elementor-element-4879713 qualiimage elementor-widget elementor-widget-image\" data-id=\"4879713\" data-element_type=\"widget\" data-widget_type=\"image.default\">\n\t\t\t\t<div class=\"elementor-widget-container\">\n\t\t\t\t\t\t\t\t\t\t\t\t<figure class=\"wp-caption\">\n\t\t\t\t\t\t\t\t\t\t\t<a href=\"https:\/\/szf.at\/index.php\/bewerbungscoaching\">\n\t\t\t\t\t\t\t<img decoding=\"async\" width=\"800\" height=\"534\" src=\"data:image\/gif;base64,R0lGODlhAQABAAAAACH5BAEKAAEALAAAAAABAAEAAAICTAEAOw==\" class=\"attachment-large size-large wp-image-4088 lazyload\" alt=\"\" sizes=\"(max-width: 800px) 100vw, 800px\" data-src=\"https:\/\/szf.at\/wp-content\/uploads\/2025\/01\/AdobeStock_349884460-1024x683.jpeg\" data-srcset=\"https:\/\/szf.at\/wp-content\/uploads\/2025\/01\/AdobeStock_349884460-1024x683.jpeg 1024w, https:\/\/szf.at\/wp-content\/uploads\/2025\/01\/AdobeStock_349884460-300x200.jpeg 300w, https:\/\/szf.at\/wp-content\/uploads\/2025\/01\/AdobeStock_349884460-768x512.jpeg 768w, https:\/\/szf.at\/wp-content\/uploads\/2025\/01\/AdobeStock_349884460-1536x1024.jpeg 1536w, https:\/\/szf.at\/wp-content\/uploads\/2025\/01\/AdobeStock_349884460-2048x1365.jpeg 2048w, https:\/\/szf.at\/wp-content\/uploads\/2025\/01\/AdobeStock_349884460-scaled-e1736930377617.jpeg 1240w\">\t\t\t\t\t\t\t\t<\/a>\n\t\t\t\t\t\t\t\t\t\t\t<figcaption class=\"widget-image-caption wp-caption-text\">INDIVIDUELLES BEWERBUNGS-COACHING<\/figcaption>\n\t\t\t\t\t\t\t\t\t\t<\/figure>\n\t\t\t\t\t\t\t\t\t<\/div>\n\t\t\t\t<\/div>\n\t\t\t\t<div class=\"elementor-element elementor-element-604b754 elementor-widget elementor-widget-text-editor\" data-id=\"604b754\" data-element_type=\"widget\" data-widget_type=\"text-editor.default\">\n\t\t\t\t<div class=\"elementor-widget-container\">\n\t\t\t\t\t\t\t\t\t<p>Mit dem Individuellen Bewerbungscoaching <strong>begleiten wir Sie in Ihrem Bewerbungsprozess und unterst\u00fctzen Sie bei der Arbeitssuche<\/strong>. Sie erstellen Ihre Bewerbungsunterlagen, analysieren den Arbeitsmarkt, bereiten sich auf Bewerbungsgespr\u00e4che vor und organisieren Ihre Bewerbungsaktivit\u00e4ten.\u00a0<\/p><p>\u00a0<\/p>\t\t\t\t\t\t\t\t<\/div>\n\t\t\t\t<\/div>\n\t\t\t\t<\/div>\n\t\t<div data-particle_enable=\"false\" data-particle-mobile-disabled=\"false\" class=\"elementor-element elementor-element-1e9c751 e-con-full e-flex e-con e-child\" data-id=\"1e9c751\" data-element_type=\"container\">\n\t\t\t\t<div class=\"elementor-element elementor-element-1a110fd qualiimage elementor-widget elementor-widget-image\" data-id=\"1a110fd\" data-element_type=\"widget\" data-widget_type=\"image.default\">\n\t\t\t\t<div class=\"elementor-widget-container\">\n\t\t\t\t\t\t\t\t\t\t\t\t<figure class=\"wp-caption\">\n\t\t\t\t\t\t\t\t\t\t\t<a href=\"https:\/\/szf.at\/index.php\/jobexpress\">\n\t\t\t\t\t\t\t<img loading=\"lazy\" decoding=\"async\" width=\"800\" height=\"534\" src=\"data:image\/gif;base64,R0lGODlhAQABAAAAACH5BAEKAAEALAAAAAABAAEAAAICTAEAOw==\" class=\"attachment-large size-large wp-image-4176 lazyload\" alt=\"\" sizes=\"(max-width: 800px) 100vw, 800px\" data-src=\"https:\/\/szf.at\/wp-content\/uploads\/2025\/01\/AdobeStock_579150712-1-1024x683.jpg\" data-srcset=\"https:\/\/szf.at\/wp-content\/uploads\/2025\/01\/AdobeStock_579150712-1-1024x683.jpg 1024w, https:\/\/szf.at\/wp-content\/uploads\/2025\/01\/AdobeStock_579150712-1-300x200.jpg 300w, https:\/\/szf.at\/wp-content\/uploads\/2025\/01\/AdobeStock_579150712-1-768x512.jpg 768w, https:\/\/szf.at\/wp-content\/uploads\/2025\/01\/AdobeStock_579150712-1-1536x1024.jpg 1536w, https:\/\/szf.at\/wp-content\/uploads\/2025\/01\/AdobeStock_579150712-1-2048x1365.jpg 2048w\">\t\t\t\t\t\t\t\t<\/a>\n\t\t\t\t\t\t\t\t\t\t\t<figcaption class=\"widget-image-caption wp-caption-text\">JOBexpress<\/figcaption>\n\t\t\t\t\t\t\t\t\t\t<\/figure>\n\t\t\t\t\t\t\t\t\t<\/div>\n\t\t\t\t<\/div>\n\t\t\t\t<div class=\"elementor-element elementor-element-8717e3d elementor-widget elementor-widget-text-editor\" data-id=\"8717e3d\" data-element_type=\"widget\" data-widget_type=\"text-editor.default\">\n\t\t\t\t<div class=\"elementor-widget-container\">\n\t\t\t\t\t\t\t\t\t<p>Das Ziel des JOBexpress ist die Arbeitsaufnahme \u2013 mit individueller Unterst\u00fctzung und AMS-Betreuung vor Ort! <strong>Gemeinsam mit Ihrem Jobcoach entwickeln Sie Ihren ganz eigenen Plan, um Ihr pers\u00f6nliches Ziel, die Arbeitsaufnahme, zu erreichen.<\/strong> Sie besprechen die einzelnen Schritte und arbeiten an L\u00f6sungswegen. Parallel dazu bieten wir Ihnen die M\u00f6glichkeit, sich mit Betrieben zu vernetzen.<\/p>\t\t\t\t\t\t\t\t<\/div>\n\t\t\t\t<\/div>\n\t\t\t\t<\/div>\n\t\t<div data-particle_enable=\"false\" data-particle-mobile-disabled=\"false\" class=\"elementor-element elementor-element-e577544 e-con-full e-flex e-con e-child\" data-id=\"e577544\" data-element_type=\"container\">\n\t\t\t\t<div class=\"elementor-element elementor-element-a249925 qualiimage elementor-widget elementor-widget-image\" data-id=\"a249925\" data-element_type=\"widget\" data-widget_type=\"image.default\">\n\t\t\t\t<div class=\"elementor-widget-container\">\n\t\t\t\t\t\t\t\t\t\t\t\t<figure class=\"wp-caption\">\n\t\t\t\t\t\t\t\t\t\t\t<a href=\"https:\/\/szf.at\/index.php\/deutschunterstuetzung\">\n\t\t\t\t\t\t\t<img loading=\"lazy\" decoding=\"async\" width=\"800\" height=\"534\" src=\"data:image\/gif;base64,R0lGODlhAQABAAAAACH5BAEKAAEALAAAAAABAAEAAAICTAEAOw==\" class=\"attachment-large size-large wp-image-4105 lazyload\" alt=\"\" sizes=\"(max-width: 800px) 100vw, 800px\" data-src=\"https:\/\/szf.at\/wp-content\/uploads\/2025\/01\/2024-01-31-ADOBE-STOCK_Deutsch_bearbeitet-1-1024x683.jpg\" data-srcset=\"https:\/\/szf.at\/wp-content\/uploads\/2025\/01\/2024-01-31-ADOBE-STOCK_Deutsch_bearbeitet-1-1024x683.jpg 1024w, https:\/\/szf.at\/wp-content\/uploads\/2025\/01\/2024-01-31-ADOBE-STOCK_Deutsch_bearbeitet-1-300x200.jpg 300w, https:\/\/szf.at\/wp-content\/uploads\/2025\/01\/2024-01-31-ADOBE-STOCK_Deutsch_bearbeitet-1-768x512.jpg 768w, https:\/\/szf.at\/wp-content\/uploads\/2025\/01\/2024-01-31-ADOBE-STOCK_Deutsch_bearbeitet-1-1536x1024.jpg 1536w, https:\/\/szf.at\/wp-content\/uploads\/2025\/01\/2024-01-31-ADOBE-STOCK_Deutsch_bearbeitet-1-2048x1365.jpg 2048w\">\t\t\t\t\t\t\t\t<\/a>\n\t\t\t\t\t\t\t\t\t\t\t<figcaption class=\"widget-image-caption wp-caption-text\">DEUTSCH-UNTERST\u00dcTZUNG<\/figcaption>\n\t\t\t\t\t\t\t\t\t\t<\/figure>\n\t\t\t\t\t\t\t\t\t<\/div>\n\t\t\t\t<\/div>\n\t\t\t\t<div class=\"elementor-element elementor-element-4f64ade elementor-widget elementor-widget-text-editor\" data-id=\"4f64ade\" data-element_type=\"widget\" data-widget_type=\"text-editor.default\">\n\t\t\t\t<div class=\"elementor-widget-container\">\n\t\t\t\t\t\t\t\t\t<p>In allen Qualifizierungen bekommen Sie eine Deutschunterst\u00fctzung. So k\u00f6nnen Sie Ihre sprachlichen und fachlichen F\u00e4higkeiten gleichzeitig verbessern. F\u00fcr Personen ab dem Deutschniveau A1, gibt es ein spezielles Angebot im Bereich Tourismus.<\/p><p>Au\u00dferdem sind wir <strong>zertifiziertes \u00d6IF-Testcenter<\/strong>. Sie k\u00f6nnen bei uns Pr\u00fcfungen ablegen. Danach erhalten Sie ein \u00d6IF-Zertifikat mit Ihrem aktuellen Deutschniveau.<\/p>\t\t\t\t\t\t\t\t<\/div>\n\t\t\t\t<\/div>\n\t\t\t\t<\/div>\n\t\t<div data-particle_enable=\"false\" data-particle-mobile-disabled=\"false\" class=\"elementor-element elementor-element-d5e5ea3 e-con-full e-flex e-con e-child\" data-id=\"d5e5ea3\" data-element_type=\"container\">\n\t\t\t\t<div class=\"elementor-element elementor-element-9d50587 qualiimage elementor-widget elementor-widget-image\" data-id=\"9d50587\" data-element_type=\"widget\" data-widget_type=\"image.default\">\n\t\t\t\t<div class=\"elementor-widget-container\">\n\t\t\t\t\t\t\t\t\t\t\t\t<figure class=\"wp-caption\">\n\t\t\t\t\t\t\t\t\t\t\t<a href=\"https:\/\/szf.at\/index.php\/green-jobs\">\n\t\t\t\t\t\t\t<img loading=\"lazy\" decoding=\"async\" width=\"800\" height=\"534\" src=\"data:image\/gif;base64,R0lGODlhAQABAAAAACH5BAEKAAEALAAAAAABAAEAAAICTAEAOw==\" class=\"attachment-large size-large wp-image-4040 lazyload\" alt=\"\" sizes=\"(max-width: 800px) 100vw, 800px\" data-src=\"https:\/\/szf.at\/wp-content\/uploads\/2025\/01\/2024-03-26-ADOBE-STOCK-Portal-EU-Website-1-1024x683.jpg\" data-srcset=\"https:\/\/szf.at\/wp-content\/uploads\/2025\/01\/2024-03-26-ADOBE-STOCK-Portal-EU-Website-1-1024x683.jpg 1024w, https:\/\/szf.at\/wp-content\/uploads\/2025\/01\/2024-03-26-ADOBE-STOCK-Portal-EU-Website-1-300x200.jpg 300w, https:\/\/szf.at\/wp-content\/uploads\/2025\/01\/2024-03-26-ADOBE-STOCK-Portal-EU-Website-1-768x512.jpg 768w, https:\/\/szf.at\/wp-content\/uploads\/2025\/01\/2024-03-26-ADOBE-STOCK-Portal-EU-Website-1-1536x1024.jpg 1536w, https:\/\/szf.at\/wp-content\/uploads\/2025\/01\/2024-03-26-ADOBE-STOCK-Portal-EU-Website-1-2048x1365.jpg 2048w\">\t\t\t\t\t\t\t\t<\/a>\n\t\t\t\t\t\t\t\t\t\t\t<figcaption class=\"widget-image-caption wp-caption-text\">GREEN JOBS<\/figcaption>\n\t\t\t\t\t\t\t\t\t\t<\/figure>\n\t\t\t\t\t\t\t\t\t<\/div>\n\t\t\t\t<\/div>\n\t\t\t\t<div class=\"elementor-element elementor-element-d5d00db elementor-widget elementor-widget-text-editor\" data-id=\"d5d00db\" data-element_type=\"widget\" data-widget_type=\"text-editor.default\">\n\t\t\t\t<div class=\"elementor-widget-container\">\n\t\t\t\t\t\t\t\t\t<p>Green Jobs bezeichnet Berufe, die sich positiv auf unsere Umwelt auswirken. Sie sind in vielen Branchen zu finden, aber eines haben sie gemeinsam: <strong>Alle Green Jobs besch\u00e4ftigen sich mit klimarelevanten T\u00e4tigkeiten<\/strong>. Wer Karriere machen will und zugleich zum gr\u00fcnen Wandel beitragen m\u00f6chte, w\u00e4hlt einen Zukunftsberuf mit Sinn. F\u00fcr die dringliche Energiewende und den vermehrten Umstieg auf alternative Energieformen werden viele Mitarbeiter*innen in diesen Bereichen gesucht.\u00a0<\/p>\t\t\t\t\t\t\t\t<\/div>\n\t\t\t\t<\/div>\n\t\t\t\t<\/div>\n\t\t\t\t\t<\/div>\n\t\t\t\t<\/div>\n\t\t\t\t<\/div>","protected":false},"excerpt":{"rendered":"<p>ZUSATZLEISTUNGEN \u00dcbersicht Zusatzleistungen Zus\u00e4tzlich zu unseren Qualifizierungen in den verschiedenen Bereichen bieten wir noch weitere Leistungen an. AMS DRIVER AMS Driver ist ein Projekt des Arbeitsmarktservice Steiermark mit dem Ziel, interessierte Personen mit passenden Betrieben zusammenzuf\u00fchren und somit dem aktuellen Arbeitskr\u00e4ftemangel an LKW- und Busfahrer*innen entgegenzuwirken. Das AMS stellt hierf\u00fcr ein Koordinierungsb\u00fcro f\u00fcr alle AMS-Berater*innen [&hellip;]<\/p>","protected":false},"author":1,"featured_media":0,"parent":29,"menu_order":0,"comment_status":"closed","ping_status":"closed","template":"","meta":{"footnotes":""},"class_list":["post-263","page","type-page","status-publish","hentry"],"_links":{"self":[{"href":"https:\/\/szf.at\/en\/wp-json\/wp\/v2\/pages\/263","targetHints":{"allow":["GET"]}}],"collection":[{"href":"https:\/\/szf.at\/en\/wp-json\/wp\/v2\/pages"}],"about":[{"href":"https:\/\/szf.at\/en\/wp-json\/wp\/v2\/types\/page"}],"author":[{"embeddable":true,"href":"https:\/\/szf.at\/en\/wp-json\/wp\/v2\/users\/1"}],"replies":[{"embeddable":true,"href":"https:\/\/szf.at\/en\/wp-json\/wp\/v2\/comments?post=263"}],"version-history":[{"count":35,"href":"https:\/\/szf.at\/en\/wp-json\/wp\/v2\/pages\/263\/revisions"}],"predecessor-version":[{"id":5413,"href":"https:\/\/szf.at\/en\/wp-json\/wp\/v2\/pages\/263\/revisions\/5413"}],"up":[{"embeddable":true,"href":"https:\/\/szf.at\/en\/wp-json\/wp\/v2\/pages\/29"}],"wp:attachment":[{"href":"https:\/\/szf.at\/en\/wp-json\/wp\/v2\/media?parent=263"}],"curies":[{"name":"wp","href":"https:\/\/api.w.org\/{rel}","templated":true}]}}