{"id":31,"date":"2024-08-19T05:24:56","date_gmt":"2024-08-19T05:24:56","guid":{"rendered":"https:\/\/dev.mediadome.at\/szf\/?page_id=31"},"modified":"2025-12-10T14:58:30","modified_gmt":"2025-12-10T14:58:30","slug":"informationen","status":"publish","type":"page","link":"https:\/\/szf.at\/en\/informationen\/","title":{"rendered":"Informations"},"content":{"rendered":"<div data-elementor-type=\"wp-page\" data-elementor-id=\"31\" class=\"elementor elementor-31\" data-elementor-post-type=\"page\">\n\t\t\t\t<div data-particle_enable=\"false\" data-particle-mobile-disabled=\"false\" class=\"elementor-element elementor-element-4b16850 e-con-full e-flex e-con e-parent\" data-id=\"4b16850\" data-element_type=\"container\" data-settings=\"{&quot;background_background&quot;:&quot;classic&quot;}\">\n\t\t<div data-particle_enable=\"false\" data-particle-mobile-disabled=\"false\" class=\"elementor-element elementor-element-d98aded e-con-full e-flex e-con e-child\" data-id=\"d98aded\" data-element_type=\"container\">\n\t\t\t\t<div class=\"elementor-element elementor-element-610de62 elementor-widget__width-initial elementor-widget elementor-widget-heading\" data-id=\"610de62\" data-element_type=\"widget\" data-widget_type=\"heading.default\">\n\t\t\t\t<div class=\"elementor-widget-container\">\n\t\t\t\t\t<h1 class=\"elementor-heading-title elementor-size-default\">INFORMATIONEN<\/h1>\t\t\t\t<\/div>\n\t\t\t\t<\/div>\n\t\t\t\t<\/div>\n\t\t\t\t<\/div>\n\t\t<div data-particle_enable=\"false\" data-particle-mobile-disabled=\"false\" class=\"elementor-element elementor-element-ffa6756 e-flex e-con-boxed e-con e-parent\" data-id=\"ffa6756\" data-element_type=\"container\" data-settings=\"{&quot;background_background&quot;:&quot;classic&quot;}\">\n\t\t\t\t\t<div class=\"e-con-inner\">\n\t\t\t\t<div class=\"elementor-element elementor-element-7c17535 elementor-widget__width-auto titlelayer elementor-widget elementor-widget-heading\" data-id=\"7c17535\" data-element_type=\"widget\" data-widget_type=\"heading.default\">\n\t\t\t\t<div class=\"elementor-widget-container\">\n\t\t\t\t\t<h2 class=\"elementor-heading-title elementor-size-default\">iNFORMATIONEN<\/h2>\t\t\t\t<\/div>\n\t\t\t\t<\/div>\n\t\t\t\t<div class=\"elementor-element elementor-element-eeeda80 elementor-widget elementor-widget-text-editor\" data-id=\"eeeda80\" data-element_type=\"widget\" data-widget_type=\"text-editor.default\">\n\t\t\t\t<div class=\"elementor-widget-container\">\n\t\t\t\t\t\t\t\t\t<h4>Erreichen Sie Ihre beruflichen Ziele mit einer Qualifizierung im SZF!<\/h4><p>Unser gesamtes Qualifizierungsangebot steht allen Interessierten offen. Je nach Bedarf und Auftrag kommen Sie \u00fcber unterschiedliche Wege zu einer beruflichen Aus- und Weiterbildung ins SZF.<\/p>\t\t\t\t\t\t\t\t<\/div>\n\t\t\t\t<\/div>\n\t\t\t\t\t<\/div>\n\t\t\t\t<\/div>\n\t\t<div data-particle_enable=\"false\" data-particle-mobile-disabled=\"false\" class=\"elementor-element elementor-element-08ee899 e-flex e-con-boxed e-con e-parent\" data-id=\"08ee899\" data-element_type=\"container\">\n\t\t\t\t\t<div class=\"e-con-inner\">\n\t\t\t\t<div class=\"elementor-element elementor-element-76a5fc7 elementor-arrows-position-outside qualiimage elementor-widget elementor-widget-image-carousel\" data-id=\"76a5fc7\" data-element_type=\"widget\" data-settings=\"{&quot;navigation&quot;:&quot;arrows&quot;,&quot;autoplay&quot;:&quot;yes&quot;,&quot;pause_on_hover&quot;:&quot;yes&quot;,&quot;pause_on_interaction&quot;:&quot;yes&quot;,&quot;autoplay_speed&quot;:5000,&quot;infinite&quot;:&quot;yes&quot;,&quot;speed&quot;:500,&quot;image_spacing_custom&quot;:{&quot;unit&quot;:&quot;px&quot;,&quot;size&quot;:20,&quot;sizes&quot;:[]},&quot;image_spacing_custom_widescreen&quot;:{&quot;unit&quot;:&quot;px&quot;,&quot;size&quot;:&quot;&quot;,&quot;sizes&quot;:[]},&quot;image_spacing_custom_laptop&quot;:{&quot;unit&quot;:&quot;px&quot;,&quot;size&quot;:&quot;&quot;,&quot;sizes&quot;:[]},&quot;image_spacing_custom_tablet_extra&quot;:{&quot;unit&quot;:&quot;px&quot;,&quot;size&quot;:&quot;&quot;,&quot;sizes&quot;:[]},&quot;image_spacing_custom_tablet&quot;:{&quot;unit&quot;:&quot;px&quot;,&quot;size&quot;:&quot;&quot;,&quot;sizes&quot;:[]},&quot;image_spacing_custom_mobile_extra&quot;:{&quot;unit&quot;:&quot;px&quot;,&quot;size&quot;:&quot;&quot;,&quot;sizes&quot;:[]},&quot;image_spacing_custom_mobile&quot;:{&quot;unit&quot;:&quot;px&quot;,&quot;size&quot;:&quot;&quot;,&quot;sizes&quot;:[]}}\" data-widget_type=\"image-carousel.default\">\n\t\t\t\t<div class=\"elementor-widget-container\">\n\t\t\t\t\t\t\t<div class=\"elementor-image-carousel-wrapper swiper\" role=\"region\" aria-roledescription=\"carousel\" aria-label=\"Bild Karussell\" dir=\"ltr\">\n\t\t\t<div class=\"elementor-image-carousel swiper-wrapper\" aria-live=\"off\">\n\t\t\t\t\t\t\t\t<div class=\"swiper-slide\" role=\"group\" aria-roledescription=\"slide\" aria-label=\"1 von 4\"><figure class=\"swiper-slide-inner\"><img decoding=\"async\" class=\"swiper-slide-image\" src=\"https:\/\/szf.at\/wp-content\/uploads\/2025\/12\/AdobeStock_326124021_sw-768x512.jpg\" alt=\"F\u00fcr Arbeitssuchende\" \/><figcaption class=\"elementor-image-carousel-caption\">F\u00fcr Arbeitssuchende<\/figcaption><\/figure><\/div><div class=\"swiper-slide\" role=\"group\" aria-roledescription=\"slide\" aria-label=\"2 von 4\"><figure class=\"swiper-slide-inner\"><img decoding=\"async\" class=\"swiper-slide-image\" src=\"https:\/\/szf.at\/wp-content\/uploads\/2024\/10\/AMS-Fotos-W.-Spekner-M_2015.03.20_07.56-55_05-1-modified-768x512.jpg\" alt=\"F\u00fcr AMS-Berater*innen\" \/><figcaption class=\"elementor-image-carousel-caption\">F\u00fcr AMS-Berater*innen<\/figcaption><\/figure><\/div><div class=\"swiper-slide\" role=\"group\" aria-roledescription=\"slide\" aria-label=\"3 von 4\"><figure class=\"swiper-slide-inner\"><img decoding=\"async\" class=\"swiper-slide-image\" src=\"https:\/\/szf.at\/wp-content\/uploads\/2025\/01\/2024-01-31-ADOBE-STOCK_Office_02_sw-768x512.jpg\" alt=\"F\u00fcr Unternehmen\" \/><figcaption class=\"elementor-image-carousel-caption\">F\u00fcr Unternehmen<\/figcaption><\/figure><\/div><div class=\"swiper-slide\" role=\"group\" aria-roledescription=\"slide\" aria-label=\"4 von 4\"><figure class=\"swiper-slide-inner\"><img decoding=\"async\" class=\"swiper-slide-image\" src=\"https:\/\/szf.at\/wp-content\/uploads\/2025\/12\/AdobeStock_204475103_sw-768x512.jpg\" alt=\"F\u00fcr Privatpersonen\" \/><figcaption class=\"elementor-image-carousel-caption\">F\u00fcr Privatpersonen<\/figcaption><\/figure><\/div>\t\t\t<\/div>\n\t\t\t\t\t\t\t\t\t\t\t\t<div class=\"elementor-swiper-button elementor-swiper-button-prev\" role=\"button\" tabindex=\"0\">\n\t\t\t\t\t\t<svg aria-hidden=\"true\" class=\"e-font-icon-svg e-eicon-chevron-left\" viewbox=\"0 0 1000 1000\" xmlns=\"http:\/\/www.w3.org\/2000\/svg\"><path d=\"M646 125C629 125 613 133 604 142L308 442C296 454 292 471 292 487 292 504 296 521 308 533L604 854C617 867 629 875 646 875 663 875 679 871 692 858 704 846 713 829 713 812 713 796 708 779 692 767L438 487 692 225C700 217 708 204 708 187 708 171 704 154 692 142 675 129 663 125 646 125Z\"><\/path><\/svg>\t\t\t\t\t<\/div>\n\t\t\t\t\t<div class=\"elementor-swiper-button elementor-swiper-button-next\" role=\"button\" tabindex=\"0\">\n\t\t\t\t\t\t<svg aria-hidden=\"true\" class=\"e-font-icon-svg e-eicon-chevron-right\" viewbox=\"0 0 1000 1000\" xmlns=\"http:\/\/www.w3.org\/2000\/svg\"><path d=\"M696 533C708 521 713 504 713 487 713 471 708 454 696 446L400 146C388 133 375 125 354 125 338 125 325 129 313 142 300 154 292 171 292 187 292 204 296 221 308 233L563 492 304 771C292 783 288 800 288 817 288 833 296 850 308 863 321 871 338 875 354 875 371 875 388 867 400 854L696 533Z\"><\/path><\/svg>\t\t\t\t\t<\/div>\n\t\t\t\t\n\t\t\t\t\t\t\t\t\t<\/div>\n\t\t\t\t\t\t<\/div>\n\t\t\t\t<\/div>\n\t\t\t\t\t<\/div>\n\t\t\t\t<\/div>\n\t\t<div data-particle_enable=\"false\" data-particle-mobile-disabled=\"false\" class=\"elementor-element elementor-element-9b2c0ce e-flex e-con-boxed e-con e-parent\" data-id=\"9b2c0ce\" data-element_type=\"container\" data-settings=\"{&quot;background_background&quot;:&quot;classic&quot;}\">\n\t\t\t\t\t<div class=\"e-con-inner\">\n\t\t\t\t<div class=\"elementor-element elementor-element-9f3c60b elementor-widget__width-auto titlelayer elementor-widget elementor-widget-heading\" data-id=\"9f3c60b\" data-element_type=\"widget\" data-widget_type=\"heading.default\">\n\t\t\t\t<div class=\"elementor-widget-container\">\n\t\t\t\t\t<h2 class=\"elementor-heading-title elementor-size-default\">FAQ<\/h2>\t\t\t\t<\/div>\n\t\t\t\t<\/div>\n\t\t\t\t\t<\/div>\n\t\t\t\t<\/div>\n\t\t<div data-particle_enable=\"false\" data-particle-mobile-disabled=\"false\" class=\"elementor-element elementor-element-e3bb7eb e-flex e-con-boxed e-con e-parent\" data-id=\"e3bb7eb\" data-element_type=\"container\">\n\t\t\t\t\t<div class=\"e-con-inner\">\n\t\t\t\t<div class=\"elementor-element elementor-element-af6ab89 elementor-widget elementor-widget-eael-adv-accordion\" data-id=\"af6ab89\" data-element_type=\"widget\" data-widget_type=\"eael-adv-accordion.default\">\n\t\t\t\t<div class=\"elementor-widget-container\">\n\t\t\t\t\t        <div class=\"eael-adv-accordion\" id=\"eael-adv-accordion-af6ab89\" data-scroll-on-click=\"no\" data-scroll-speed=\"300\" data-accordion-id=\"af6ab89\" data-accordion-type=\"toggle\" data-toogle-speed=\"300\">\n    <div class=\"eael-accordion-list\">\n                <div id=\"wer-kann-eine-qualifizierung-im-schulungszentrum-fohnsdorf-starten\" class=\"elementor-tab-title eael-accordion-header\" tabindex=\"0\" data-tab=\"1\" aria-controls=\"elementor-tab-content-1831\"><p class=\"eael-accordion-tab-title\">Wer kann eine Qualifizierung im Schulungszentrum Fohnsdorf starten?<\/p><span class=\"eael-advanced-accordion-icon-closed\"><svg aria-hidden=\"true\" class=\"fa-accordion-icon e-font-icon-svg e-fas-plus\" viewbox=\"0 0 448 512\" xmlns=\"http:\/\/www.w3.org\/2000\/svg\"><path d=\"M416 208H272V64c0-17.67-14.33-32-32-32h-32c-17.67 0-32 14.33-32 32v144H32c-17.67 0-32 14.33-32 32v32c0 17.67 14.33 32 32 32h144v144c0 17.67 14.33 32 32 32h32c17.67 0 32-14.33 32-32V304h144c17.67 0 32-14.33 32-32v-32c0-17.67-14.33-32-32-32z\"><\/path><\/svg><\/span><span class=\"eael-advanced-accordion-icon-opened\"><svg aria-hidden=\"true\" class=\"fa-accordion-icon e-font-icon-svg e-fas-minus\" viewbox=\"0 0 448 512\" xmlns=\"http:\/\/www.w3.org\/2000\/svg\"><path d=\"M416 208H32c-17.67 0-32 14.33-32 32v32c0 17.67 14.33 32 32 32h384c17.67 0 32-14.33 32-32v-32c0-17.67-14.33-32-32-32z\"><\/path><\/svg><\/span><\/div><div id=\"elementor-tab-content-1831\" class=\"eael-accordion-content clearfix\" data-tab=\"1\" aria-labelledby=\"wer-kann-eine-qualifizierung-im-schulungszentrum-fohnsdorf-starten\"><p>Unser gesamtes Qualifizierungsangebot steht allen Interessierten offen. Je nach Bedarf und Auftrag kommen Sie \u00fcber unterschiedliche Wege zu einer beruflichen Aus- und Weiterbildung ins SZF.<\/p><\/div>\n                <\/div><div class=\"eael-accordion-list\">\n                <div id=\"wie-starte-ich-eine-qualifizierung-im-schulungszentrum-fohnsdorf\" class=\"elementor-tab-title eael-accordion-header\" tabindex=\"0\" data-tab=\"2\" aria-controls=\"elementor-tab-content-1832\"><p class=\"eael-accordion-tab-title\">Wie starte ich eine Qualifizierung im Schulungszentrum Fohnsdorf?<\/p><span class=\"eael-advanced-accordion-icon-closed\"><svg aria-hidden=\"true\" class=\"fa-accordion-icon e-font-icon-svg e-fas-plus\" viewbox=\"0 0 448 512\" xmlns=\"http:\/\/www.w3.org\/2000\/svg\"><path d=\"M416 208H272V64c0-17.67-14.33-32-32-32h-32c-17.67 0-32 14.33-32 32v144H32c-17.67 0-32 14.33-32 32v32c0 17.67 14.33 32 32 32h144v144c0 17.67 14.33 32 32 32h32c17.67 0 32-14.33 32-32V304h144c17.67 0 32-14.33 32-32v-32c0-17.67-14.33-32-32-32z\"><\/path><\/svg><\/span><span class=\"eael-advanced-accordion-icon-opened\"><svg aria-hidden=\"true\" class=\"fa-accordion-icon e-font-icon-svg e-fas-minus\" viewbox=\"0 0 448 512\" xmlns=\"http:\/\/www.w3.org\/2000\/svg\"><path d=\"M416 208H32c-17.67 0-32 14.33-32 32v32c0 17.67 14.33 32 32 32h384c17.67 0 32-14.33 32-32v-32c0-17.67-14.33-32-32-32z\"><\/path><\/svg><\/span><\/div><div id=\"elementor-tab-content-1832\" class=\"eael-accordion-content clearfix\" data-tab=\"2\" aria-labelledby=\"wie-starte-ich-eine-qualifizierung-im-schulungszentrum-fohnsdorf\"><p>Das h\u00e4ngt von Ihrem aktuellen beruflichen Status ab (arbeitssuchend, angestellt etc.). N\u00e4here Informationen dazu finden Sie im jeweiligen Bereich.<\/p><\/div>\n                <\/div><div class=\"eael-accordion-list\">\n                <div id=\"wann-starten-die-qualifizierungen-im-schulungszentrum-fohnsdorf\" class=\"elementor-tab-title eael-accordion-header\" tabindex=\"0\" data-tab=\"3\" aria-controls=\"elementor-tab-content-1833\"><p class=\"eael-accordion-tab-title\">Wann starten die Qualifizierungen im Schulungszentrum Fohnsdorf?<\/p><span class=\"eael-advanced-accordion-icon-closed\"><svg aria-hidden=\"true\" class=\"fa-accordion-icon e-font-icon-svg e-fas-plus\" viewbox=\"0 0 448 512\" xmlns=\"http:\/\/www.w3.org\/2000\/svg\"><path d=\"M416 208H272V64c0-17.67-14.33-32-32-32h-32c-17.67 0-32 14.33-32 32v144H32c-17.67 0-32 14.33-32 32v32c0 17.67 14.33 32 32 32h144v144c0 17.67 14.33 32 32 32h32c17.67 0 32-14.33 32-32V304h144c17.67 0 32-14.33 32-32v-32c0-17.67-14.33-32-32-32z\"><\/path><\/svg><\/span><span class=\"eael-advanced-accordion-icon-opened\"><svg aria-hidden=\"true\" class=\"fa-accordion-icon e-font-icon-svg e-fas-minus\" viewbox=\"0 0 448 512\" xmlns=\"http:\/\/www.w3.org\/2000\/svg\"><path d=\"M416 208H32c-17.67 0-32 14.33-32 32v32c0 17.67 14.33 32 32 32h384c17.67 0 32-14.33 32-32v-32c0-17.67-14.33-32-32-32z\"><\/path><\/svg><\/span><\/div><div id=\"elementor-tab-content-1833\" class=\"eael-accordion-content clearfix\" data-tab=\"3\" aria-labelledby=\"wann-starten-die-qualifizierungen-im-schulungszentrum-fohnsdorf\"><p>Je nach freien Pl\u00e4tzen in den jeweiligen Qualifizierungsbereichen starten die Qualifizierungen immer Montags und Dienstags.<\/p><\/div>\n                <\/div><div class=\"eael-accordion-list\">\n                <div id=\"welche-rahmenbedingungen-bietet-mir-das-schulungszentrum-fohnsdorf\" class=\"elementor-tab-title eael-accordion-header\" tabindex=\"0\" data-tab=\"4\" aria-controls=\"elementor-tab-content-1834\"><p class=\"eael-accordion-tab-title\">Welche Rahmenbedingungen bietet mir das Schulungszentrum Fohnsdorf?<\/p><span class=\"eael-advanced-accordion-icon-closed\"><svg aria-hidden=\"true\" class=\"fa-accordion-icon e-font-icon-svg e-fas-plus\" viewbox=\"0 0 448 512\" xmlns=\"http:\/\/www.w3.org\/2000\/svg\"><path d=\"M416 208H272V64c0-17.67-14.33-32-32-32h-32c-17.67 0-32 14.33-32 32v144H32c-17.67 0-32 14.33-32 32v32c0 17.67 14.33 32 32 32h144v144c0 17.67 14.33 32 32 32h32c17.67 0 32-14.33 32-32V304h144c17.67 0 32-14.33 32-32v-32c0-17.67-14.33-32-32-32z\"><\/path><\/svg><\/span><span class=\"eael-advanced-accordion-icon-opened\"><svg aria-hidden=\"true\" class=\"fa-accordion-icon e-font-icon-svg e-fas-minus\" viewbox=\"0 0 448 512\" xmlns=\"http:\/\/www.w3.org\/2000\/svg\"><path d=\"M416 208H32c-17.67 0-32 14.33-32 32v32c0 17.67 14.33 32 32 32h384c17.67 0 32-14.33 32-32v-32c0-17.67-14.33-32-32-32z\"><\/path><\/svg><\/span><\/div><div id=\"elementor-tab-content-1834\" class=\"eael-accordion-content clearfix\" data-tab=\"4\" aria-labelledby=\"welche-rahmenbedingungen-bietet-mir-das-schulungszentrum-fohnsdorf\"><p>An den Standorten F\u00fcrstenfeld und Graz stehen moderne Einrichtung und innovative Maschinen zur Verf\u00fcgung.<\/p><p>Am Standort Fohnsdorf bieten wir Ihnen zus\u00e4tzlich ausgezeichnete Verpflegung, Schlafm\u00f6glichkeiten im Internat sowie ein umfassendes Freizeitangebot. Alle Informationen dazu finden Sie oben im Men\u00fc unter &#8222;<a href=\"https:\/\/szf.at\/index.php\/ueber-das-szf\/aufenthalt\/\">Aufenthalt<\/a>&#8222;.<\/p><\/div>\n                <\/div><div class=\"eael-accordion-list\">\n                <div id=\"welche-frderungen-kann-ich-fr-meine-qualifizierung-beantragen\" class=\"elementor-tab-title eael-accordion-header\" tabindex=\"0\" data-tab=\"5\" aria-controls=\"elementor-tab-content-1835\"><p class=\"eael-accordion-tab-title\">Welche F\u00f6rderungen kann ich f\u00fcr meine Qualifizierung beantragen?<\/p><span class=\"eael-advanced-accordion-icon-closed\"><svg aria-hidden=\"true\" class=\"fa-accordion-icon e-font-icon-svg e-fas-plus\" viewbox=\"0 0 448 512\" xmlns=\"http:\/\/www.w3.org\/2000\/svg\"><path d=\"M416 208H272V64c0-17.67-14.33-32-32-32h-32c-17.67 0-32 14.33-32 32v144H32c-17.67 0-32 14.33-32 32v32c0 17.67 14.33 32 32 32h144v144c0 17.67 14.33 32 32 32h32c17.67 0 32-14.33 32-32V304h144c17.67 0 32-14.33 32-32v-32c0-17.67-14.33-32-32-32z\"><\/path><\/svg><\/span><span class=\"eael-advanced-accordion-icon-opened\"><svg aria-hidden=\"true\" class=\"fa-accordion-icon e-font-icon-svg e-fas-minus\" viewbox=\"0 0 448 512\" xmlns=\"http:\/\/www.w3.org\/2000\/svg\"><path d=\"M416 208H32c-17.67 0-32 14.33-32 32v32c0 17.67 14.33 32 32 32h384c17.67 0 32-14.33 32-32v-32c0-17.67-14.33-32-32-32z\"><\/path><\/svg><\/span><\/div><div id=\"elementor-tab-content-1835\" class=\"eael-accordion-content clearfix\" data-tab=\"5\" aria-labelledby=\"welche-frderungen-kann-ich-fr-meine-qualifizierung-beantragen\"><p>F\u00fcr den Besuch beziehungsweise f\u00fcr eine Beauftragung einer Qualifizierung im SZF haben Sie unter bestimmten Voraussetzungen die M\u00f6glichkeit, eine F\u00f6rderung zu erhalten. Weitere Informationen finden Sie <a href=\"https:\/\/szf.at\/index.php\/informationen\/foerderungen\">hier<\/a>.<\/p><\/div>\n                <\/div><\/div>\t\t\t\t<\/div>\n\t\t\t\t<\/div>\n\t\t\t\t\t<\/div>\n\t\t\t\t<\/div>\n\t\t<div data-particle_enable=\"false\" data-particle-mobile-disabled=\"false\" class=\"elementor-element elementor-element-a87bb57 e-flex e-con-boxed e-con e-parent\" data-id=\"a87bb57\" data-element_type=\"container\" data-settings=\"{&quot;background_background&quot;:&quot;classic&quot;}\">\n\t\t\t\t\t<div class=\"e-con-inner\">\n\t\t\t\t<div class=\"elementor-element elementor-element-d66b55c elementor-widget__width-auto titlelayer elementor-widget elementor-widget-heading\" data-id=\"d66b55c\" data-element_type=\"widget\" data-widget_type=\"heading.default\">\n\t\t\t\t<div class=\"elementor-widget-container\">\n\t\t\t\t\t<h2 class=\"elementor-heading-title elementor-size-default\">Ansprechpersonen<\/h2>\t\t\t\t<\/div>\n\t\t\t\t<\/div>\n\t\t\t\t<div class=\"elementor-element elementor-element-91c56fd elementor-widget elementor-widget-text-editor\" data-id=\"91c56fd\" data-element_type=\"widget\" data-widget_type=\"text-editor.default\">\n\t\t\t\t<div class=\"elementor-widget-container\">\n\t\t\t\t\t\t\t\t\t<h4><span style=\"background-color: var( --e-global-color-accent ); text-align: var(--text-align); color: inherit;\">Sie haben noch Fragen?<\/span><\/h4><p>Wir freuen uns \u00fcber Ihren Anruf oder Ihr E-Mail!<\/p>\t\t\t\t\t\t\t\t<\/div>\n\t\t\t\t<\/div>\n\t\t\t\t<div class=\"elementor-element elementor-element-375678e team elementor-widget elementor-widget-rttm-team-list\" data-id=\"375678e\" data-element_type=\"widget\" data-widget_type=\"rttm-team-list.default\">\n\t\t\t\t<div class=\"elementor-widget-container\">\n\t\t\t\t\t<div class=\"rt-team-container rt-elementor-container rt-pos-r rt-team-container-elementor rt-hover-zoom_in\" id=\"rt-team-container-2889526255\" data-layout=\"layout2\" data-desktop-col=\"2\" data-tab-col=\"2\" data-mobile-col=\"1\" data-sc-id=\"elementor\" data-rttm-pagination='{\"layout\":\"layout2\",\"dCols\":2,\"tCols\":2,\"mCols\":1,\"postIn\":[],\"postNotIn\":[],\"limit\":12,\"pagination\":false,\"postsPerPage\":\"\",\"order_by\":\"date\",\"order\":\"DESC\",\"department_ids\":[],\"designation_ids\":[\"38\"],\"link\":false,\"fImg\":false,\"fImgSize\":\"team-thumb\",\"customImgSize\":{\"crop\":\"\"},\"character_limit\":0,\"after_short_desc\":\"\",\"read_more_btn_text\":\"\",\"my_resume_text\":\"\",\"hire_me_text\":\"\",\"visibility\":[\"name\",\"designation\",\"short_bio\",\"email\",\"telephone\",\"mobile\",\"social\"],\"social_profiles\":[],\"posts_loading_type\":\"pagination\",\"load_more_text\":\"Load More\",\"relation\":\"OR\",\"iCol\":4,\"gridType\":\"even\",\"linkType\":\"external_link\",\"popupType\":\"single\",\"target\":\"_self\",\"grayscale\":false,\"stripedRow\":false,\"defaultImgId\":null,\"filter_buttons\":false,\"filters\":[],\"taxFilter\":\"team_department\",\"action_term\":0,\"isoFilterTaxonomy\":\"team_department\",\"filterType\":null,\"hide_all_button\":true,\"tItem\":0,\"fShowAll\":false,\"animation\":\"zoom_in\"}'><div data-title=\"Loading ...\" class=\"rt-row rt-content-loader element-loading layout2 ttp-even ttp-pre-loader\"><div class=\"rt-col-md-6 rt-col-sm-6 rt-col-xs-12   even-grid-item rt-grid-item rt-ready-animation animated fadeIn\" data-id=\"10840\"><div class=\"single-team-area\"><div class=\"img-area rt-col-sm-4 rt-col-xs-4\"><figure><img fetchpriority=\"high\" decoding=\"async\" width=\"400\" height=\"400\" src=\"data:image\/gif;base64,R0lGODlhAQABAAAAACH5BAEKAAEALAAAAAABAAEAAAICTAEAOw==\" class=\"img-responsive rt-team-img lazyload\" alt=\"Christine Wolfinger\" data-src=\"https:\/\/szf.at\/wp-content\/uploads\/2025\/11\/MA-Profilbild-Google-und-EDU_Wolfinger-Christine_2025-10-15-400x400.jpg\"><\/figure><\/div><div class=\"rttm-content-area rt-col-sm-8 rt-col-xs-8\"><h3><span class=\"team-name\">Christine Wolfinger<\/span><\/h3><div class=\"tlp-position\">Kund*innenservice, Mitarbeiterin<\/div><div class=\"contact-info\"><ul><li class=\"tlp-email\"><i class=\"far fa-envelope\"><\/i><a href=\"mailto:c.wolfinger@szf.at\"><span class=\"tlp-email\">c.wolfinger@szf.at<\/span><\/a><\/li><li class=\"tlp-phone\"><i class=\"fa fa-phone-alt\"><\/i><a href=\"tel: 43 3573 6060 1014\" class=\"tlp-phone\">+43 3573 6060 1014<\/a><\/li><\/ul><\/div><\/div><\/div><\/div><div class=\"rt-col-md-6 rt-col-sm-6 rt-col-xs-12   even-grid-item rt-grid-item rt-ready-animation animated fadeIn\" data-id=\"2061\"><div class=\"single-team-area\"><div class=\"img-area rt-col-sm-4 rt-col-xs-4\"><figure><img decoding=\"async\" width=\"400\" height=\"400\" src=\"data:image\/gif;base64,R0lGODlhAQABAAAAACH5BAEKAAEALAAAAAABAAEAAAICTAEAOw==\" class=\"img-responsive rt-team-img lazyload\" alt=\"Gerald Hirner\" data-src=\"https:\/\/szf.at\/wp-content\/uploads\/2025\/01\/Hirner-Gerald-Portrait_2018.01.23_11.36-54_01-2-e1735890125240-400x400.jpg\"><\/figure><\/div><div class=\"rttm-content-area rt-col-sm-8 rt-col-xs-8\"><h3><span class=\"team-name\">Gerald Hirner<\/span><\/h3><div class=\"tlp-position\">Kund*innenservice, Mitarbeiter<\/div><div class=\"contact-info\"><ul><li class=\"tlp-email\"><i class=\"far fa-envelope\"><\/i><a href=\"mailto:g.hirner@szf.at\"><span class=\"tlp-email\">g.hirner@szf.at<\/span><\/a><\/li><li class=\"tlp-phone\"><i class=\"fa fa-phone-alt\"><\/i><a href=\"tel: 43 3573 6060 1077\" class=\"tlp-phone\">+43 3573 6060 1077<\/a><\/li><\/ul><\/div><\/div><\/div><\/div><div class=\"rt-col-md-6 rt-col-sm-6 rt-col-xs-12   even-grid-item rt-grid-item rt-ready-animation animated fadeIn\" data-id=\"2059\"><div class=\"single-team-area\"><div class=\"img-area rt-col-sm-4 rt-col-xs-4\"><figure><img decoding=\"async\" width=\"400\" height=\"400\" src=\"data:image\/gif;base64,R0lGODlhAQABAAAAACH5BAEKAAEALAAAAAABAAEAAAICTAEAOw==\" class=\"img-responsive rt-team-img lazyload\" alt=\"Erwin Gronald\" data-src=\"https:\/\/szf.at\/wp-content\/uploads\/2025\/01\/Gronald_Erwin-8546-scaled-e1735890026708-400x400.jpg\"><\/figure><\/div><div class=\"rttm-content-area rt-col-sm-8 rt-col-xs-8\"><h3><span class=\"team-name\">Erwin Gronald<\/span><\/h3><div class=\"tlp-position\">Kund*innenservice, Mitarbeiter<\/div><div class=\"contact-info\"><ul><li class=\"tlp-email\"><i class=\"far fa-envelope\"><\/i><a href=\"mailto:e.gronald@szf.at\"><span class=\"tlp-email\">e.gronald@szf.at<\/span><\/a><\/li><li class=\"tlp-phone\"><i class=\"fa fa-phone-alt\"><\/i><a href=\"tel: 43 3573 6060 1077\" class=\"tlp-phone\">+43 3573 6060 1077<\/a><\/li><\/ul><\/div><\/div><\/div><\/div><div class=\"rt-loading-overlay full-op\"><\/div><div class=\"rt-loading rt-ball-clip-rotate\"><div><\/div><\/div><\/div><\/div>\t\t\t\t<\/div>\n\t\t\t\t<\/div>\n\t\t\t\t\t<\/div>\n\t\t\t\t<\/div>\n\t\t\t\t<\/div>","protected":false},"excerpt":{"rendered":"<p>INFORMATIONEN iNFORMATIONEN Erreichen Sie Ihre beruflichen Ziele mit einer Qualifizierung im SZF! Unser gesamtes Qualifizierungsangebot steht allen Interessierten offen. Je nach Bedarf und Auftrag kommen Sie \u00fcber unterschiedliche Wege zu einer beruflichen Aus- und Weiterbildung ins SZF. F\u00fcr Arbeitssuchende F\u00fcr AMS-Berater*innen F\u00fcr Unternehmen F\u00fcr Privatpersonen FAQ Wer kann eine Qualifizierung im Schulungszentrum Fohnsdorf starten? Unser [&hellip;]<\/p>","protected":false},"author":1,"featured_media":0,"parent":0,"menu_order":0,"comment_status":"closed","ping_status":"closed","template":"","meta":{"footnotes":""},"class_list":["post-31","page","type-page","status-publish","hentry"],"_links":{"self":[{"href":"https:\/\/szf.at\/en\/wp-json\/wp\/v2\/pages\/31","targetHints":{"allow":["GET"]}}],"collection":[{"href":"https:\/\/szf.at\/en\/wp-json\/wp\/v2\/pages"}],"about":[{"href":"https:\/\/szf.at\/en\/wp-json\/wp\/v2\/types\/page"}],"author":[{"embeddable":true,"href":"https:\/\/szf.at\/en\/wp-json\/wp\/v2\/users\/1"}],"replies":[{"embeddable":true,"href":"https:\/\/szf.at\/en\/wp-json\/wp\/v2\/comments?post=31"}],"version-history":[{"count":76,"href":"https:\/\/szf.at\/en\/wp-json\/wp\/v2\/pages\/31\/revisions"}],"predecessor-version":[{"id":10952,"href":"https:\/\/szf.at\/en\/wp-json\/wp\/v2\/pages\/31\/revisions\/10952"}],"wp:attachment":[{"href":"https:\/\/szf.at\/en\/wp-json\/wp\/v2\/media?parent=31"}],"curies":[{"name":"wp","href":"https:\/\/api.w.org\/{rel}","templated":true}]}}