{"id":33,"date":"2024-08-19T05:25:24","date_gmt":"2024-08-19T05:25:24","guid":{"rendered":"https:\/\/dev.mediadome.at\/szf\/?page_id=33"},"modified":"2025-04-17T08:39:41","modified_gmt":"2025-04-17T08:39:41","slug":"ueber-das-szf","status":"publish","type":"page","link":"https:\/\/szf.at\/en\/ueber-das-szf\/","title":{"rendered":"\u00dcber das SZF"},"content":{"rendered":"<div data-elementor-type=\"wp-page\" data-elementor-id=\"33\" class=\"elementor elementor-33\" data-elementor-post-type=\"page\">\n\t\t\t\t<div data-particle_enable=\"false\" data-particle-mobile-disabled=\"false\" class=\"elementor-element elementor-element-72da8e9 e-con-full e-flex e-con e-parent\" data-id=\"72da8e9\" data-element_type=\"container\" data-settings=\"{&quot;background_background&quot;:&quot;classic&quot;}\">\n\t\t<div data-particle_enable=\"false\" data-particle-mobile-disabled=\"false\" class=\"elementor-element elementor-element-84cf53a e-con-full e-flex e-con e-child\" data-id=\"84cf53a\" data-element_type=\"container\">\n\t\t<div data-particle_enable=\"false\" data-particle-mobile-disabled=\"false\" class=\"elementor-element elementor-element-8c0094f e-con-full e-flex e-con e-child\" data-id=\"8c0094f\" data-element_type=\"container\" data-settings=\"{&quot;position&quot;:&quot;absolute&quot;}\">\n\t\t\t\t<\/div>\n\t\t\t\t<div class=\"elementor-element elementor-element-eeb1f5c elementor-widget__width-initial elementor-widget elementor-widget-heading\" data-id=\"eeb1f5c\" data-element_type=\"widget\" data-widget_type=\"heading.default\">\n\t\t\t\t<div class=\"elementor-widget-container\">\n\t\t\t\t\t<h1 class=\"elementor-heading-title elementor-size-default\">\u00dcBER DAS SZF<\/h1>\t\t\t\t<\/div>\n\t\t\t\t<\/div>\n\t\t\t\t<\/div>\n\t\t\t\t<\/div>\n\t\t<div data-particle_enable=\"false\" data-particle-mobile-disabled=\"false\" class=\"elementor-element elementor-element-f5bfcad e-flex e-con-boxed e-con e-parent\" data-id=\"f5bfcad\" data-element_type=\"container\" data-settings=\"{&quot;background_background&quot;:&quot;classic&quot;}\">\n\t\t\t\t\t<div class=\"e-con-inner\">\n\t\t\t\t<div class=\"elementor-element elementor-element-0fa0fb1 elementor-widget__width-auto titlelayer elementor-widget elementor-widget-heading\" data-id=\"0fa0fb1\" data-element_type=\"widget\" data-widget_type=\"heading.default\">\n\t\t\t\t<div class=\"elementor-widget-container\">\n\t\t\t\t\t<h2 class=\"elementor-heading-title elementor-size-default\">UNSER SELBSTVERST\u00c4NDNIS<\/h2>\t\t\t\t<\/div>\n\t\t\t\t<\/div>\n\t\t\t\t\t<\/div>\n\t\t\t\t<\/div>\n\t\t<div data-particle_enable=\"false\" data-particle-mobile-disabled=\"false\" class=\"elementor-element elementor-element-a56777e e-flex e-con-boxed e-con e-parent\" data-id=\"a56777e\" data-element_type=\"container\" data-settings=\"{&quot;background_background&quot;:&quot;classic&quot;}\">\n\t\t\t\t\t<div class=\"e-con-inner\">\n\t\t<div data-particle_enable=\"false\" data-particle-mobile-disabled=\"false\" class=\"elementor-element elementor-element-f91e8cf e-con-full e-flex e-con e-child\" data-id=\"f91e8cf\" data-element_type=\"container\">\n\t\t\t\t<div class=\"elementor-element elementor-element-2b2a264 elementor-widget elementor-widget-text-editor\" data-id=\"2b2a264\" data-element_type=\"widget\" data-widget_type=\"text-editor.default\">\n\t\t\t\t<div class=\"elementor-widget-container\">\n\t\t\t\t\t\t\t\t\t<h4>\u201eDie Zukunftsf\u00e4higkeit von Menschen und Betrieben liegt uns am Herzen. Daf\u00fcr arbeiten wir!\u201c<\/h4><p>Das SZF f\u00f6rdert den Dialog zwischen Arbeitsmarkt, beruflicher Bildung und Wirtschaft. Es stellt den Menschen mit seiner ganzheitlichen Kompetenzentwicklung in den Mittelpunkt. Die Entscheidungsprozesse werden von den drei Werten\u00a0\u201emiteinander \u2013 innovativ \u2013 professionell\u201c\u00a0bestimmt. Das SZF versteht sich als ein Haus der Begegnung, in dem Dialoge, Foren und Meinungsaustausch zu arbeitsmarktpolitischen, bildungspolitischen und kulturellen Themen gef\u00f6rdert werden, um so eine Gespr\u00e4chskultur mit gesellschaftlicher Dimension und L\u00f6sungsorientierung zu pflegen.<\/p>\t\t\t\t\t\t\t\t<\/div>\n\t\t\t\t<\/div>\n\t\t\t\t<\/div>\n\t\t<div data-particle_enable=\"false\" data-particle-mobile-disabled=\"false\" class=\"elementor-element elementor-element-af4124a e-con-full e-flex e-con e-child\" data-id=\"af4124a\" data-element_type=\"container\">\n\t\t\t\t<div class=\"elementor-element elementor-element-c7a5603 elementor-widget elementor-widget-video\" data-id=\"c7a5603\" data-element_type=\"widget\" data-settings=\"{&quot;youtube_url&quot;:&quot;https:\\\/\\\/www.youtube.com\\\/watch?v=PHgF90bUYJs&quot;,&quot;video_type&quot;:&quot;youtube&quot;,&quot;controls&quot;:&quot;yes&quot;}\" data-widget_type=\"video.default\">\n\t\t\t\t<div class=\"elementor-widget-container\">\n\t\t\t\t\t\t\t<div class=\"elementor-wrapper elementor-open-inline\">\n\t\t\t<div class=\"elementor-video\"><\/div>\t\t<\/div>\n\t\t\t\t\t\t<\/div>\n\t\t\t\t<\/div>\n\t\t\t\t<\/div>\n\t\t\t\t\t<\/div>\n\t\t\t\t<\/div>\n\t\t<div data-particle_enable=\"false\" data-particle-mobile-disabled=\"false\" class=\"elementor-element elementor-element-f85b75b e-flex e-con-boxed e-con e-parent\" data-id=\"f85b75b\" data-element_type=\"container\" data-settings=\"{&quot;background_background&quot;:&quot;classic&quot;}\">\n\t\t\t\t\t<div class=\"e-con-inner\">\n\t\t\t\t<div class=\"elementor-element elementor-element-3980a2a elementor-widget__width-auto titlelayer elementor-widget elementor-widget-heading\" data-id=\"3980a2a\" data-element_type=\"widget\" data-widget_type=\"heading.default\">\n\t\t\t\t<div class=\"elementor-widget-container\">\n\t\t\t\t\t<h2 class=\"elementor-heading-title elementor-size-default\">UNSERE ORGANISATION<\/h2>\t\t\t\t<\/div>\n\t\t\t\t<\/div>\n\t\t\t\t\t<\/div>\n\t\t\t\t<\/div>\n\t\t<div data-particle_enable=\"false\" data-particle-mobile-disabled=\"false\" class=\"elementor-element elementor-element-c3e4f97 e-flex e-con-boxed e-con e-parent\" data-id=\"c3e4f97\" data-element_type=\"container\" data-settings=\"{&quot;background_background&quot;:&quot;classic&quot;}\">\n\t\t\t\t\t<div class=\"e-con-inner\">\n\t\t<div data-particle_enable=\"false\" data-particle-mobile-disabled=\"false\" class=\"elementor-element elementor-element-e85e694 e-con-full e-flex e-con e-child\" data-id=\"e85e694\" data-element_type=\"container\">\n\t\t\t\t<div class=\"elementor-element elementor-element-cb38afc elementor-widget elementor-widget-text-editor\" data-id=\"cb38afc\" data-element_type=\"widget\" data-widget_type=\"text-editor.default\">\n\t\t\t\t<div class=\"elementor-widget-container\">\n\t\t\t\t\t\t\t\t\t<p>Das Schulungszentrum Fohnsdorf ist ein professioneller Anbieter von beruflicher Bildung. Bei uns qualifizieren sich Menschen f\u00fcr die Wirtschaft. <br \/>Die berufliche Qualifizierung sowie die professionelle Begleitung und Beratung beim Einstieg in den ersten Arbeitsmarkt sind die Kernkompetenzen. Das Schulungszentrum Fohnsdorf ist ein gemeinn\u00fctziger Verein, dessen T\u00e4tigkeit nicht auf Gewinn ausgerichtet ist. Vereinsmitglieder sind das Bundesministerium f\u00fcr Arbeit, Soziales und Konsumentenschutz, vertreten durch das Arbeitsmarktservice Steiermark, die Stadtgemeinde Judenburg (als Nachfolge der Entwicklungsgesellschaft Aichfeld-Murboden) sowie die Gemeinde Fohnsdorf.<\/p>\t\t\t\t\t\t\t\t<\/div>\n\t\t\t\t<\/div>\n\t\t\t\t<\/div>\n\t\t<div data-particle_enable=\"false\" data-particle-mobile-disabled=\"false\" class=\"elementor-element elementor-element-16acfa6 e-con-full e-flex e-con e-child\" data-id=\"16acfa6\" data-element_type=\"container\">\n\t\t\t\t<div class=\"elementor-element elementor-element-0868cc4 elementor-widget elementor-widget-image\" data-id=\"0868cc4\" data-element_type=\"widget\" data-widget_type=\"image.default\">\n\t\t\t\t<div class=\"elementor-widget-container\">\n\t\t\t\t\t\t\t\t\t\t\t\t\t\t\t<img fetchpriority=\"high\" decoding=\"async\" width=\"800\" height=\"532\" src=\"data:image\/gif;base64,R0lGODlhAQABAAAAACH5BAEKAAEALAAAAAABAAEAAAICTAEAOw==\" class=\"attachment-large size-large wp-image-4677 lazyload\" alt=\"\" sizes=\"(max-width: 800px) 100vw, 800px\" data-src=\"https:\/\/szf.at\/wp-content\/uploads\/2025\/01\/Referenzbilder-mit-Teilnehmenden_2023_freundlicher_bearbeitet-SW-1585_1-1024x681.jpg\" data-srcset=\"https:\/\/szf.at\/wp-content\/uploads\/2025\/01\/Referenzbilder-mit-Teilnehmenden_2023_freundlicher_bearbeitet-SW-1585_1-1024x681.jpg 1024w, https:\/\/szf.at\/wp-content\/uploads\/2025\/01\/Referenzbilder-mit-Teilnehmenden_2023_freundlicher_bearbeitet-SW-1585_1-300x200.jpg 300w, https:\/\/szf.at\/wp-content\/uploads\/2025\/01\/Referenzbilder-mit-Teilnehmenden_2023_freundlicher_bearbeitet-SW-1585_1-768x511.jpg 768w, https:\/\/szf.at\/wp-content\/uploads\/2025\/01\/Referenzbilder-mit-Teilnehmenden_2023_freundlicher_bearbeitet-SW-1585_1.jpg 1240w\">\t\t\t\t\t\t\t\t\t\t\t\t\t\t\t<\/div>\n\t\t\t\t<\/div>\n\t\t\t\t<\/div>\n\t\t\t\t\t<\/div>\n\t\t\t\t<\/div>\n\t\t<div data-particle_enable=\"false\" data-particle-mobile-disabled=\"false\" class=\"elementor-element elementor-element-3cb4c8c e-flex e-con-boxed e-con e-parent\" data-id=\"3cb4c8c\" data-element_type=\"container\" data-settings=\"{&quot;background_background&quot;:&quot;classic&quot;}\">\n\t\t\t\t\t<div class=\"e-con-inner\">\n\t\t\t\t<div class=\"elementor-element elementor-element-6112cf2 elementor-widget__width-auto titlelayer elementor-widget elementor-widget-heading\" data-id=\"6112cf2\" data-element_type=\"widget\" data-widget_type=\"heading.default\">\n\t\t\t\t<div class=\"elementor-widget-container\">\n\t\t\t\t\t<h2 class=\"elementor-heading-title elementor-size-default\">die geschichte des szf<\/h2>\t\t\t\t<\/div>\n\t\t\t\t<\/div>\n\t\t\t\t\t<\/div>\n\t\t\t\t<\/div>\n\t\t<div data-particle_enable=\"false\" data-particle-mobile-disabled=\"false\" class=\"elementor-element elementor-element-0bb287f e-flex e-con-boxed e-con e-parent\" data-id=\"0bb287f\" data-element_type=\"container\" data-settings=\"{&quot;background_background&quot;:&quot;classic&quot;}\">\n\t\t\t\t\t<div class=\"e-con-inner\">\n\t\t<div data-particle_enable=\"false\" data-particle-mobile-disabled=\"false\" class=\"elementor-element elementor-element-f2f92f0 e-con-full e-flex e-con e-child\" data-id=\"f2f92f0\" data-element_type=\"container\">\n\t\t\t\t<div class=\"elementor-element elementor-element-a9dc62a elementor-widget elementor-widget-text-editor\" data-id=\"a9dc62a\" data-element_type=\"widget\" data-widget_type=\"text-editor.default\">\n\t\t\t\t<div class=\"elementor-widget-container\">\n\t\t\t\t\t\t\t\t\t<h4>Verein Schulungszentrum Fohnsdorf<\/h4><p>Der\u00a0Verein Schulungszentrum Fohnsdorf\u00a0wurde im Jahr 1973 nach der Schlie\u00dfung des Bergbaus gegr\u00fcndet. Der praktische Ausbildungsbetrieb startete im Jahr 1975. Laufende Investitionen in Technik, Ausstattung und Infrastruktur sowie Weiterentwicklungen im p\u00e4dagogischen Bereich haben das Schulungszentrum Fohnsdorf in den vergangenen Jahren zu einer der modernsten und innovativsten Bildungseinrichtungen \u00d6sterreichs werden lassen. 165 hochqualifizierte Mitarbeiter*innen erm\u00f6glichen j\u00e4hrlich weit \u00fcber 1500 Teilnehmenden aus der gesamten Steiermark und dar\u00fcber hinaus neue Chancen am Arbeitsmarkt durch Bildung, H\u00f6herqualifizierungen und beruflicher Neuorientierung.<\/p>\t\t\t\t\t\t\t\t<\/div>\n\t\t\t\t<\/div>\n\t\t\t\t<\/div>\n\t\t<div data-particle_enable=\"false\" data-particle-mobile-disabled=\"false\" class=\"elementor-element elementor-element-d3f3671 e-con-full e-flex e-con e-child\" data-id=\"d3f3671\" data-element_type=\"container\">\n\t\t\t\t<div class=\"elementor-element elementor-element-dee5814 elementor-widget elementor-widget-image\" data-id=\"dee5814\" data-element_type=\"widget\" data-widget_type=\"image.default\">\n\t\t\t\t<div class=\"elementor-widget-container\">\n\t\t\t\t\t\t\t\t\t\t\t\t\t\t\t<img decoding=\"async\" width=\"800\" height=\"534\" src=\"data:image\/gif;base64,R0lGODlhAQABAAAAACH5BAEKAAEALAAAAAABAAEAAAICTAEAOw==\" class=\"attachment-large size-large wp-image-4725 lazyload\" alt=\"\" sizes=\"(max-width: 800px) 100vw, 800px\" data-src=\"https:\/\/szf.at\/wp-content\/uploads\/2025\/01\/AUSSENAUFNAHMEN_2021-0219-SCHWARZ-WEISS-1024x683.jpg\" data-srcset=\"https:\/\/szf.at\/wp-content\/uploads\/2025\/01\/AUSSENAUFNAHMEN_2021-0219-SCHWARZ-WEISS-1024x683.jpg 1024w, https:\/\/szf.at\/wp-content\/uploads\/2025\/01\/AUSSENAUFNAHMEN_2021-0219-SCHWARZ-WEISS-300x200.jpg 300w, https:\/\/szf.at\/wp-content\/uploads\/2025\/01\/AUSSENAUFNAHMEN_2021-0219-SCHWARZ-WEISS-768x512.jpg 768w, https:\/\/szf.at\/wp-content\/uploads\/2025\/01\/AUSSENAUFNAHMEN_2021-0219-SCHWARZ-WEISS.jpg 1240w\">\t\t\t\t\t\t\t\t\t\t\t\t\t\t\t<\/div>\n\t\t\t\t<\/div>\n\t\t\t\t<\/div>\n\t\t\t\t\t<\/div>\n\t\t\t\t<\/div>\n\t\t<div data-particle_enable=\"false\" data-particle-mobile-disabled=\"false\" class=\"elementor-element elementor-element-01457c8 e-flex e-con-boxed e-con e-parent\" data-id=\"01457c8\" data-element_type=\"container\" data-settings=\"{&quot;background_background&quot;:&quot;classic&quot;}\">\n\t\t\t\t\t<div class=\"e-con-inner\">\n\t\t<div data-particle_enable=\"false\" data-particle-mobile-disabled=\"false\" class=\"elementor-element elementor-element-05b22f8 e-con-full e-flex e-con e-child\" data-id=\"05b22f8\" data-element_type=\"container\">\n\t\t\t\t<div class=\"elementor-element elementor-element-971f658 elementor-widget elementor-widget-text-editor\" data-id=\"971f658\" data-element_type=\"widget\" data-widget_type=\"text-editor.default\">\n\t\t\t\t<div class=\"elementor-widget-container\">\n\t\t\t\t\t\t\t\t\t<h4>Bildungs- und Management-Service GmbH<\/h4><p>Seit dem Jahr 1995 ist die\u00a0Bildungs- und Management-Service GmbH als hundertprozentiges Tochterunternehmen des Schulungszentrum Fohnsdorf.\u00a0Die gesamte Palette der Qualifizierungen wird auch f\u00fcr Betriebe, Kommunen, Vereine und Privatpersonen angeboten. Mit individuellen, ma\u00dfgeschneiderten L\u00f6sungen, Schulungen vor Ort sowie Spezialseminaren nach Firmenw\u00fcnschen stellt das Angebot auch eine der wichtigsten Weiterbildungsm\u00f6glichkeiten im freifinanzierten Bereich in der Region dar. Alle Angebote finden Sie auf\u00a0<a href=\"http:\/\/www.bms.at.\" target=\"_blank\" rel=\"noopener\">www.bms.at.<\/a><\/p>\t\t\t\t\t\t\t\t<\/div>\n\t\t\t\t<\/div>\n\t\t\t\t<\/div>\n\t\t<div data-particle_enable=\"false\" data-particle-mobile-disabled=\"false\" class=\"elementor-element elementor-element-50c9679 e-con-full e-flex e-con e-child\" data-id=\"50c9679\" data-element_type=\"container\">\n\t\t\t\t<div class=\"elementor-element elementor-element-0eac893 elementor-widget elementor-widget-image\" data-id=\"0eac893\" data-element_type=\"widget\" data-widget_type=\"image.default\">\n\t\t\t\t<div class=\"elementor-widget-container\">\n\t\t\t\t\t\t\t\t\t\t\t\t\t\t\t<img decoding=\"async\" width=\"800\" height=\"534\" src=\"data:image\/gif;base64,R0lGODlhAQABAAAAACH5BAEKAAEALAAAAAABAAEAAAICTAEAOw==\" class=\"attachment-large size-large wp-image-4339 lazyload\" alt=\"\" sizes=\"(max-width: 800px) 100vw, 800px\" data-src=\"https:\/\/szf.at\/wp-content\/uploads\/2025\/01\/Imagefilm-SZF_Thumbnail_16-zu-9_SW-scaled-e1737032158945-1024x683.jpg\" data-srcset=\"https:\/\/szf.at\/wp-content\/uploads\/2025\/01\/Imagefilm-SZF_Thumbnail_16-zu-9_SW-scaled-e1737032158945-1024x683.jpg 1024w, https:\/\/szf.at\/wp-content\/uploads\/2025\/01\/Imagefilm-SZF_Thumbnail_16-zu-9_SW-scaled-e1737032158945-300x200.jpg 300w, https:\/\/szf.at\/wp-content\/uploads\/2025\/01\/Imagefilm-SZF_Thumbnail_16-zu-9_SW-scaled-e1737032158945-768x512.jpg 768w, https:\/\/szf.at\/wp-content\/uploads\/2025\/01\/Imagefilm-SZF_Thumbnail_16-zu-9_SW-scaled-e1737032158945-1536x1024.jpg 1536w, https:\/\/szf.at\/wp-content\/uploads\/2025\/01\/Imagefilm-SZF_Thumbnail_16-zu-9_SW-scaled-e1737032158945-2048x1365.jpg 2048w\">\t\t\t\t\t\t\t\t\t\t\t\t\t\t\t<\/div>\n\t\t\t\t<\/div>\n\t\t\t\t<\/div>\n\t\t\t\t\t<\/div>\n\t\t\t\t<\/div>\n\t\t<div data-particle_enable=\"false\" data-particle-mobile-disabled=\"false\" class=\"elementor-element elementor-element-e462efa e-flex e-con-boxed e-con e-parent\" data-id=\"e462efa\" data-element_type=\"container\" data-settings=\"{&quot;background_background&quot;:&quot;classic&quot;}\">\n\t\t\t\t\t<div class=\"e-con-inner\">\n\t\t\t\t<div class=\"elementor-element elementor-element-e595281 elementor-widget__width-auto titlelayer elementor-widget elementor-widget-heading\" data-id=\"e595281\" data-element_type=\"widget\" data-widget_type=\"heading.default\">\n\t\t\t\t<div class=\"elementor-widget-container\">\n\t\t\t\t\t<h2 class=\"elementor-heading-title elementor-size-default\">finanzierung<\/h2>\t\t\t\t<\/div>\n\t\t\t\t<\/div>\n\t\t\t\t<div class=\"elementor-element elementor-element-d34cd89 elementor-widget elementor-widget-text-editor\" data-id=\"d34cd89\" data-element_type=\"widget\" data-widget_type=\"text-editor.default\">\n\t\t\t\t<div class=\"elementor-widget-container\">\n\t\t\t\t\t\t\t\t\t<p>Der <strong>Verein Schulungszentrum Fohnsdorf<\/strong> arbeitet im Auftrag und finanziert durch das AMS und bietet ausschlie\u00dflich Dienstleistungen f\u00fcr arbeitssuchende Personen, die beim AMS gemeldet sind, an. Au\u00dferdem wird der Verein Schulungszentrum Fohnsdorf kofinanziert durch die Europ\u00e4ische Union, genauer durch den Europ\u00e4ischen Sozialfonds Plus bzw. dem Just Transition Fund.<\/p><p>Die <strong>Bildungs- und Management-Service Gmbh (bms GmbH)<\/strong> ist das hundertprozentige Tochterunternehmen des SZF. \u00dcber die bms GmbH k\u00f6nnen alle Qualifizierungen und Services auch Mitarbeiter*innen von Betrieben, Kommunen, Vereinen und Personaldienstleister angeboten werden.<\/p><p><strong>Gemeinsam<\/strong> mit dem Verein Schulungszentrum Fohnsdorf (SZF) und der Bildungs- und Management-Service Gmbh (bms GmbH) verbinden wir arbeitssuchende Personen mit Unternehmen, die auf der Suche nach den richtigen Mitarbeiter*innen sind. Die Ziele, die beide Unternehmen verfolgen, greifen oft eng ineinander, und in dieser Kombination entstehen innovative Dienstleistungsangebote f\u00fcr Betriebe und f\u00fcr das Arbeitsmarktservice.<\/p><p>Die interne Unterscheidung zwischen Verein Schulungszentrum Fohnsdorf und Bildungs- und Management-Service GmbH dient der Wirtschaftlichkeit und finanziellen Trennung von Abrechnungen.<\/p>\t\t\t\t\t\t\t\t<\/div>\n\t\t\t\t<\/div>\n\t\t\t\t\t<\/div>\n\t\t\t\t<\/div>\n\t\t<div data-particle_enable=\"false\" data-particle-mobile-disabled=\"false\" class=\"elementor-element elementor-element-e552dd7 e-flex e-con-boxed e-con e-parent\" data-id=\"e552dd7\" data-element_type=\"container\">\n\t\t\t\t\t<div class=\"e-con-inner\">\n\t\t\t\t<div class=\"elementor-element elementor-element-466d4eb elementor-widget elementor-widget-spacer\" data-id=\"466d4eb\" data-element_type=\"widget\" data-widget_type=\"spacer.default\">\n\t\t\t\t<div class=\"elementor-widget-container\">\n\t\t\t\t\t\t\t<div class=\"elementor-spacer\">\n\t\t\t<div class=\"elementor-spacer-inner\"><\/div>\n\t\t<\/div>\n\t\t\t\t\t\t<\/div>\n\t\t\t\t<\/div>\n\t\t\t\t\t<\/div>\n\t\t\t\t<\/div>\n\t\t\t\t<\/div>","protected":false},"excerpt":{"rendered":"<p>\u00dcBER DAS SZF UNSER SELBSTVERST\u00c4NDNIS \u201eDie Zukunftsf\u00e4higkeit von Menschen und Betrieben liegt uns am Herzen. Daf\u00fcr arbeiten wir!\u201c Das SZF f\u00f6rdert den Dialog zwischen Arbeitsmarkt, beruflicher Bildung und Wirtschaft. Es stellt den Menschen mit seiner ganzheitlichen Kompetenzentwicklung in den Mittelpunkt. Die Entscheidungsprozesse werden von den drei Werten\u00a0\u201emiteinander \u2013 innovativ \u2013 professionell\u201c\u00a0bestimmt. Das SZF versteht sich [&hellip;]<\/p>","protected":false},"author":1,"featured_media":0,"parent":0,"menu_order":0,"comment_status":"closed","ping_status":"closed","template":"","meta":{"footnotes":""},"class_list":["post-33","page","type-page","status-publish","hentry"],"_links":{"self":[{"href":"https:\/\/szf.at\/en\/wp-json\/wp\/v2\/pages\/33","targetHints":{"allow":["GET"]}}],"collection":[{"href":"https:\/\/szf.at\/en\/wp-json\/wp\/v2\/pages"}],"about":[{"href":"https:\/\/szf.at\/en\/wp-json\/wp\/v2\/types\/page"}],"author":[{"embeddable":true,"href":"https:\/\/szf.at\/en\/wp-json\/wp\/v2\/users\/1"}],"replies":[{"embeddable":true,"href":"https:\/\/szf.at\/en\/wp-json\/wp\/v2\/comments?post=33"}],"version-history":[{"count":16,"href":"https:\/\/szf.at\/en\/wp-json\/wp\/v2\/pages\/33\/revisions"}],"predecessor-version":[{"id":7999,"href":"https:\/\/szf.at\/en\/wp-json\/wp\/v2\/pages\/33\/revisions\/7999"}],"wp:attachment":[{"href":"https:\/\/szf.at\/en\/wp-json\/wp\/v2\/media?parent=33"}],"curies":[{"name":"wp","href":"https:\/\/api.w.org\/{rel}","templated":true}]}}