{"id":5319,"date":"2025-01-17T09:08:55","date_gmt":"2025-01-17T09:08:55","guid":{"rendered":"https:\/\/dev.mediadome.at\/szf\/?page_id=5319"},"modified":"2026-01-07T07:52:34","modified_gmt":"2026-01-07T07:52:34","slug":"impressum","status":"publish","type":"page","link":"https:\/\/szf.at\/en\/impressum\/","title":{"rendered":"Impressum"},"content":{"rendered":"<div data-elementor-type=\"wp-page\" data-elementor-id=\"5319\" class=\"elementor elementor-5319\" data-elementor-post-type=\"page\">\n\t\t\t\t<div data-particle_enable=\"false\" data-particle-mobile-disabled=\"false\" class=\"elementor-element elementor-element-4b16850 e-con-full e-flex e-con e-parent\" data-id=\"4b16850\" data-element_type=\"container\" data-settings=\"{&quot;background_background&quot;:&quot;classic&quot;}\">\n\t\t<div data-particle_enable=\"false\" data-particle-mobile-disabled=\"false\" class=\"elementor-element elementor-element-d98aded e-con-full e-flex e-con e-child\" data-id=\"d98aded\" data-element_type=\"container\">\n\t\t<div data-particle_enable=\"false\" data-particle-mobile-disabled=\"false\" class=\"elementor-element elementor-element-ac7e9c7 e-con-full e-flex e-con e-child\" data-id=\"ac7e9c7\" data-element_type=\"container\" data-settings=\"{&quot;position&quot;:&quot;absolute&quot;}\">\n\t\t\t\t<\/div>\n\t\t\t\t<div class=\"elementor-element elementor-element-610de62 elementor-widget__width-initial elementor-widget elementor-widget-heading\" data-id=\"610de62\" data-element_type=\"widget\" data-widget_type=\"heading.default\">\n\t\t\t\t<div class=\"elementor-widget-container\">\n\t\t\t\t\t<h1 class=\"elementor-heading-title elementor-size-default\">IMPRESSUM<\/h1>\t\t\t\t<\/div>\n\t\t\t\t<\/div>\n\t\t\t\t<\/div>\n\t\t\t\t<\/div>\n\t\t<div data-particle_enable=\"false\" data-particle-mobile-disabled=\"false\" class=\"elementor-element elementor-element-ffa6756 e-flex e-con-boxed e-con e-parent\" data-id=\"ffa6756\" data-element_type=\"container\" data-settings=\"{&quot;background_background&quot;:&quot;classic&quot;}\">\n\t\t\t\t\t<div class=\"e-con-inner\">\n\t\t\t\t<div class=\"elementor-element elementor-element-a685fe3 elementor-widget elementor-widget-text-editor\" data-id=\"a685fe3\" data-element_type=\"widget\" data-widget_type=\"text-editor.default\">\n\t\t\t\t<div class=\"elementor-widget-container\">\n\t\t\t\t\t\t\t\t\t<p>Impressum gem\u00e4\u00df \u00a7 24 Mediengesetz, Offenlegung gem\u00e4\u00df \u00a7 25 Mediengesetz und Kennzeichnung gem\u00e4\u00df \u00a7 5 E-Commerce-Gesetz.<\/p>\t\t\t\t\t\t\t\t<\/div>\n\t\t\t\t<\/div>\n\t\t\t\t<div class=\"elementor-element elementor-element-7c17535 elementor-widget__width-auto titlelayer elementor-widget elementor-widget-heading\" data-id=\"7c17535\" data-element_type=\"widget\" data-widget_type=\"heading.default\">\n\t\t\t\t<div class=\"elementor-widget-container\">\n\t\t\t\t\t<h2 class=\"elementor-heading-title elementor-size-default\">Medieninhaber und f\u00fcr den Inhalt dieser Website verantwortlich\n<\/h2>\t\t\t\t<\/div>\n\t\t\t\t<\/div>\n\t\t\t\t<div class=\"elementor-element elementor-element-0c80950 elementor-widget elementor-widget-text-editor\" data-id=\"0c80950\" data-element_type=\"widget\" data-widget_type=\"text-editor.default\">\n\t\t\t\t<div class=\"elementor-widget-container\">\n\t\t\t\t\t\t\t\t\t<div id=\"view:_id1:_id2:_id156:repeat1\"><p><span id=\"view:_id1:_id2:_id156:repeat1:0:computedField1\" class=\"inhaltBlock\">Verein Schulungszentrum Fohnsdorf<br \/>Hauptstra\u00dfe 69<br \/>8753 Fohnsdorf<br \/>Tel.: +43 3573 6060<br \/>Fax: +43 3573 6060 1009<br \/>E-Mail: office@szf.at<br \/><a href=\"https:\/\/szf.at\/en\/\" target=\"_blank\" rel=\"noopener\">www.szf.at<\/a><\/span><\/p><p>ZVR-Zahl: 370307406<br \/>UID-Nr.: ATU 37258604<\/p><p>Unternehmensgegenstand \u2013 Vereinszweck<br \/>Das Schulungszentrum Fohnsdorf ist ein Verein, dessen T\u00e4tigkeit nicht auf Gewinn ausgerichtet ist und bezweckt die Errichtung und F\u00fchrung von Ausbildungseinrichtungen und Schulungen einschlie\u00dflich allenfalls angeschlossener Internate, insbesondere zur Durchf\u00fchrung von Ma\u00dfnahmen der in den entsprechenden Paragrafen des Arbeitsmarktservice \u2013 Gesetzes in der jeweils g\u00fcltigen Fassung genannten Art. Weiters die bessere Integration der AusbildungsteilnehmerInnen am Arbeitsmarkt, die F\u00f6rderung der beruflichen Entwicklung f\u00fcr Erwachsene und Jugendliche und die Kooperation mit Institutionen mit \u00e4hnlichen Zielen. Der Verein dient ausschlie\u00dflich und unmittelbar gemeinn\u00fctzigen Zwecken.<\/p><p><strong>Gesch\u00e4ftsf\u00fchrung<\/strong><br \/>Mag.<sup>a<\/sup> Dr.<sup>in<\/sup> Verena Z\u00f6hrer<\/p><p><strong>Aufsichtsrat<\/strong><br \/>Harald Reiter (Vorsitzender)<br \/>Bgm. Ing. Mag. Volkart Kienzl (Stellvertreter des Vorsitzenden)<br \/>Bgm.<sup>in<\/sup>\u00a0Mag.<sup>a<\/sup>\u00a0Elke Florian (Schriftf\u00fchrerin)<br \/>Helge R\u00f6der (Leiter des Service f\u00fcr Unternehmen in der Landesgesch\u00e4ftsstelle des AMS Steiermark)<br \/>Sabine Ga\u00dfner (Gesch\u00e4ftsstellenleiterin, AMS Judenburg)<br \/>Claudia Kogelbauer (Gesch\u00e4ftsstellenleiterin, AMS Hartberg \/ Zweigstelle F\u00fcrstenfeld)<\/p><p><strong>Grundlegende Richtung der Website<\/strong><br \/>F\u00f6rderung des Vereinszwecks<\/p><p><strong>Zust\u00e4ndige Aufsichts-\/Gewerbebeh\u00f6rde<\/strong><br \/>Bezirkshauptmannschaft Murtal<\/p><p>Der Verein Schulungszentrum Fohnsdorf, kurz SZF genannt, pr\u00fcft und aktualisiert die Informationen auf diesen Webseiten st\u00e4ndig. Trotz aller Sorgfalt k\u00f6nnen sich die Daten inzwischen ver\u00e4ndert haben. Eine Haftung oder Garantie f\u00fcr die Aktualit\u00e4t, Richtigkeit und Vollst\u00e4ndigkeit der zur Verf\u00fcgung gestellten Informationen kann daher nicht \u00fcbernommen werden. Gleiches gilt auch f\u00fcr alle anderen Websites, auf die mittels Hyperlink verwiesen wird. Das Herstellen von Verbindungen zu derartigen Websites erfolgt auf eigene Gefahr. Das SZF ist f\u00fcr den Inhalt der Websites, die aufgrund einer solchen Verbindung erreicht werden, nicht verantwortlich.<\/p><p>Des weiteren beh\u00e4lt sich der Verein Schulungszentrum Fohnsdorf das Recht vor, \u00c4nderungen oder Erg\u00e4nzungen der bereitgestellten Informationen vorzunehmen.<\/p><p>Inhalt und Struktur dieses Internetauftrittes sind urheberrechtlich gesch\u00fctzt!<\/p><p><strong>Weitere Angaben zum Datenschutz<\/strong><\/p><p>Diese Website benutzt Google Analytics, einen Webanalysedienst der Google Inc. (\u201eGoogle\u201c). Google Analytics verwendet sog. \u201eCookies\u201c, Textdateien, die auf Ihrem Computer gespeichert werden und die eine Analyse der Benutzung der Website durch Sie erm\u00f6glichen. Die durch den Cookie erzeugten Informationen \u00fcber Ihre Benutzung dieser Website werden in der Regel an einen Server von Google in den USA \u00fcbertragen und dort gespeichert. Im Falle der Aktivierung der IP-Anonymisierung auf dieser Webseite, wird Ihre IP-Adresse von Google jedoch innerhalb von Mitgliedstaaten der Europ\u00e4ischen Union oder in anderen Vertragsstaaten des Abkommens \u00fcber den Europ\u00e4ischen Wirtschaftsraum zuvor gek\u00fcrzt. Nur in Ausnahmef\u00e4llen wird die volle IP-Adresse an einen Server von Google in den USA \u00fcbertragen und dort gek\u00fcrzt. Im Auftrag des Betreibers dieser Website wird Google diese Informationen benutzen, um Ihre Nutzung der Website auszuwerten, um Reports \u00fcber die Websiteaktivit\u00e4ten zusammenzustellen und um weitere mit der Websitenutzung und der Internetnutzung verbundene Dienstleistungen gegen\u00fcber dem Websitebetreiber zu erbringen. Die im Rahmen von Google Analytics von Ihrem Browser \u00fcbermittelte IP-Adresse wird nicht mit anderen Daten von Google zusammengef\u00fchrt. Sie k\u00f6nnen die Speicherung der Cookies durch eine entsprechende Einstellung Ihrer Browser-Software verhindern; wir weisen Sie jedoch darauf hin, dass Sie in diesem Fall gegebenenfalls nicht s\u00e4mtliche Funktionen dieser Website vollumf\u00e4nglich werden nutzen k\u00f6nnen. Sie k\u00f6nnen dar\u00fcber hinaus die Erfassung der durch das Cookie erzeugten und auf Ihre Nutzung der Website bezogenen Daten (inkl. Ihrer IP-Adresse) an Google sowie die Verarbeitung dieser Daten durch Google verhindern, indem sie das unter dem folgenden Link (http:\/\/tools.google.com\/dlpage\/gaoptout?hl=de) verf\u00fcgbare Browser-Plugin herunterladen und installieren.<\/p><p>N\u00e4here Informationen hierzu finden Sie unter\u00a0<a href=\"http:\/\/www.google.at\/intl\/de\/policies\/privacy\/\" target=\"_blank\" rel=\"noopener\">http:\/\/www.google.at\/intl\/de\/policies\/privacy<\/a>\u00a0bzw. unter\u00a0<a href=\"https:\/\/support.google.com\/analytics\/answer\/6004245?hl=de\" target=\"_blank\" rel=\"noopener\">www.google.com\/intl\/de\/analytics\/privacyoverview.html\u00a0<\/a>(allgemeine Informationen zu Google Analytics und Datenschutz). Wir weisen Sie darauf hin, dass auf dieser Webseite Google Analytics um den Code \u201egat._anonymizeIp();\u201c erweitert wurde, um eine anonymisierte Erfassung von IP-Adressen (sog. IP-Masking) zu gew\u00e4hrleisten.<\/p><p>(Quelle:<a href=\"https:\/\/www.datenschutzbeauftragter-info.de\/\" target=\"_blank\" rel=\"noopener\">\u00a0www.datenschutzbeauftragter-info.de<\/a>)<\/p><\/div>\t\t\t\t\t\t\t\t<\/div>\n\t\t\t\t<\/div>\n\t\t\t\t\t<\/div>\n\t\t\t\t<\/div>\n\t\t\t\t<\/div>","protected":false},"excerpt":{"rendered":"<p>IMPRESSUM Impressum gem\u00e4\u00df \u00a7 24 Mediengesetz, Offenlegung gem\u00e4\u00df \u00a7 25 Mediengesetz und Kennzeichnung gem\u00e4\u00df \u00a7 5 E-Commerce-Gesetz. Medieninhaber und f\u00fcr den Inhalt dieser Website verantwortlich Verein Schulungszentrum FohnsdorfHauptstra\u00dfe 698753 FohnsdorfTel.: +43 3573 6060Fax: +43 3573 6060 1009E-Mail: office@szf.atwww.szf.at ZVR-Zahl: 370307406UID-Nr.: ATU 37258604 Unternehmensgegenstand \u2013 VereinszweckDas Schulungszentrum Fohnsdorf ist ein Verein, dessen T\u00e4tigkeit nicht auf Gewinn [&hellip;]<\/p>","protected":false},"author":1,"featured_media":0,"parent":0,"menu_order":0,"comment_status":"closed","ping_status":"closed","template":"","meta":{"footnotes":""},"class_list":["post-5319","page","type-page","status-publish","hentry"],"_links":{"self":[{"href":"https:\/\/szf.at\/en\/wp-json\/wp\/v2\/pages\/5319","targetHints":{"allow":["GET"]}}],"collection":[{"href":"https:\/\/szf.at\/en\/wp-json\/wp\/v2\/pages"}],"about":[{"href":"https:\/\/szf.at\/en\/wp-json\/wp\/v2\/types\/page"}],"author":[{"embeddable":true,"href":"https:\/\/szf.at\/en\/wp-json\/wp\/v2\/users\/1"}],"replies":[{"embeddable":true,"href":"https:\/\/szf.at\/en\/wp-json\/wp\/v2\/comments?post=5319"}],"version-history":[{"count":20,"href":"https:\/\/szf.at\/en\/wp-json\/wp\/v2\/pages\/5319\/revisions"}],"predecessor-version":[{"id":11046,"href":"https:\/\/szf.at\/en\/wp-json\/wp\/v2\/pages\/5319\/revisions\/11046"}],"wp:attachment":[{"href":"https:\/\/szf.at\/en\/wp-json\/wp\/v2\/media?parent=5319"}],"curies":[{"name":"wp","href":"https:\/\/api.w.org\/{rel}","templated":true}]}}