{"id":5323,"date":"2025-01-17T09:09:33","date_gmt":"2025-01-17T09:09:33","guid":{"rendered":"https:\/\/dev.mediadome.at\/szf\/?page_id=5323"},"modified":"2025-01-19T19:44:53","modified_gmt":"2025-01-19T19:44:53","slug":"agb","status":"publish","type":"page","link":"https:\/\/szf.at\/en\/agb\/","title":{"rendered":"AGB"},"content":{"rendered":"<div data-elementor-type=\"wp-page\" data-elementor-id=\"5323\" class=\"elementor elementor-5323\" data-elementor-post-type=\"page\">\n\t\t\t\t<div data-particle_enable=\"false\" data-particle-mobile-disabled=\"false\" class=\"elementor-element elementor-element-4b16850 e-con-full e-flex e-con e-parent\" data-id=\"4b16850\" data-element_type=\"container\" data-settings=\"{&quot;background_background&quot;:&quot;classic&quot;}\">\n\t\t<div data-particle_enable=\"false\" data-particle-mobile-disabled=\"false\" class=\"elementor-element elementor-element-d98aded e-con-full e-flex e-con e-child\" data-id=\"d98aded\" data-element_type=\"container\">\n\t\t<div data-particle_enable=\"false\" data-particle-mobile-disabled=\"false\" class=\"elementor-element elementor-element-ac7e9c7 e-con-full e-flex e-con e-child\" data-id=\"ac7e9c7\" data-element_type=\"container\" data-settings=\"{&quot;position&quot;:&quot;absolute&quot;}\">\n\t\t\t\t<\/div>\n\t\t\t\t<div class=\"elementor-element elementor-element-610de62 elementor-widget__width-initial elementor-widget elementor-widget-heading\" data-id=\"610de62\" data-element_type=\"widget\" data-widget_type=\"heading.default\">\n\t\t\t\t<div class=\"elementor-widget-container\">\n\t\t\t\t\t<h1 class=\"elementor-heading-title elementor-size-default\">Allgemeine Gesch\u00e4ftsbedingungen<\/h1>\t\t\t\t<\/div>\n\t\t\t\t<\/div>\n\t\t\t\t<\/div>\n\t\t\t\t<\/div>\n\t\t<div data-particle_enable=\"false\" data-particle-mobile-disabled=\"false\" class=\"elementor-element elementor-element-ffa6756 e-flex e-con-boxed e-con e-parent\" data-id=\"ffa6756\" data-element_type=\"container\" data-settings=\"{&quot;background_background&quot;:&quot;classic&quot;}\">\n\t\t\t\t\t<div class=\"e-con-inner\">\n\t\t\t\t<div class=\"elementor-element elementor-element-4195c57 elementor-widget elementor-widget-text-editor\" data-id=\"4195c57\" data-element_type=\"widget\" data-widget_type=\"text-editor.default\">\n\t\t\t\t<div class=\"elementor-widget-container\">\n\t\t\t\t\t\t\t\t\t<p>Stand Juni 2021<\/p>\t\t\t\t\t\t\t\t<\/div>\n\t\t\t\t<\/div>\n\t\t\t\t<div class=\"elementor-element elementor-element-7c17535 elementor-widget__width-auto titlelayer elementor-widget elementor-widget-heading\" data-id=\"7c17535\" data-element_type=\"widget\" data-widget_type=\"heading.default\">\n\t\t\t\t<div class=\"elementor-widget-container\">\n\t\t\t\t\t<h2 class=\"elementor-heading-title elementor-size-default\">1. Geltungsbereich<\/h2>\t\t\t\t<\/div>\n\t\t\t\t<\/div>\n\t\t\t\t<div class=\"elementor-element elementor-element-9480545 elementor-widget elementor-widget-text-editor\" data-id=\"9480545\" data-element_type=\"widget\" data-widget_type=\"text-editor.default\">\n\t\t\t\t<div class=\"elementor-widget-container\">\n\t\t\t\t\t\t\t\t\tS\u00e4mtliche Angebote f\u00fcr die Durchf\u00fchrung von Qualifizierungsma\u00dfnahmen, Seminarraumvermietung und die Planung und Durchf\u00fchrung von Veranstaltungen des Schulungszentrum Fohnsdorf, im Nachfolgenden kurz SZF genannt, erfolgen aufgrund dieser Allgemeinen Gesch\u00e4ftsbedingungen (AGB).\nAnderslautende Allgemeine Gesch\u00e4ftsbedingungen oder Abweichungen gelten nur infolge schriftlicher Anerkennung durch das SZF.\n\t\t\t\t\t\t\t\t<\/div>\n\t\t\t\t<\/div>\n\t\t<div data-particle_enable=\"false\" data-particle-mobile-disabled=\"false\" class=\"elementor-element elementor-element-d3affbc e-con-full e-flex e-con e-child\" data-id=\"d3affbc\" data-element_type=\"container\" data-settings=\"{&quot;background_background&quot;:&quot;classic&quot;}\">\n\t\t\t\t<div class=\"elementor-element elementor-element-51475b9 elementor-widget__width-auto titlelayer elementor-widget elementor-widget-heading\" data-id=\"51475b9\" data-element_type=\"widget\" data-widget_type=\"heading.default\">\n\t\t\t\t<div class=\"elementor-widget-container\">\n\t\t\t\t\t<h2 class=\"elementor-heading-title elementor-size-default\">2. Vertragsabschluss und Anmeldungen<\/h2>\t\t\t\t<\/div>\n\t\t\t\t<\/div>\n\t\t\t\t<div class=\"elementor-element elementor-element-0742046 elementor-widget elementor-widget-text-editor\" data-id=\"0742046\" data-element_type=\"widget\" data-widget_type=\"text-editor.default\">\n\t\t\t\t<div class=\"elementor-widget-container\">\n\t\t\t\t\t\t\t\t\t<p>Ein Vertrag kommt \u2013 mangels besonderer Vereinbarung \u2013 mit der schriftlichen Angebotsannahme seitens der Kund*innen zustande und verpflichtet das SZF in dem im Angebot angegebenen Umfang. Schriftliche Auftragsbest\u00e4tigungen des SZF erfolgen nur auf ausdr\u00fccklichen Wunsch der Kund*innen.<br \/>Die im Angebot angegebene H\u00f6chstteilnehmendenzahl gilt als verbindlich und kann ohne vorherige Absprache mit dem SZF nicht erh\u00f6ht werden. Sollten nach Absprache mit dem SZF im Nachhinein mehr Teilnehmende als im Angebot angegeben eine Qualifizierung in Anspruch nehmen, resultiert daraus ein entsprechend h\u00f6herer Preis.<\/p>\t\t\t\t\t\t\t\t<\/div>\n\t\t\t\t<\/div>\n\t\t<div data-particle_enable=\"false\" data-particle-mobile-disabled=\"false\" class=\"elementor-element elementor-element-d46ba0e e-con-full e-flex e-con e-child\" data-id=\"d46ba0e\" data-element_type=\"container\" data-settings=\"{&quot;background_background&quot;:&quot;classic&quot;}\">\n\t\t\t\t<div class=\"elementor-element elementor-element-a835111 elementor-widget__width-auto titlelayer elementor-widget elementor-widget-heading\" data-id=\"a835111\" data-element_type=\"widget\" data-widget_type=\"heading.default\">\n\t\t\t\t<div class=\"elementor-widget-container\">\n\t\t\t\t\t<h2 class=\"elementor-heading-title elementor-size-default\">3. Zahlungsbedingungen\n<\/h2>\t\t\t\t<\/div>\n\t\t\t\t<\/div>\n\t\t\t\t<\/div>\n\t\t\t\t<\/div>\n\t\t\t\t\t<\/div>\n\t\t\t\t<\/div>\n\t\t<div data-particle_enable=\"false\" data-particle-mobile-disabled=\"false\" class=\"elementor-element elementor-element-08ee899 e-flex e-con-boxed e-con e-parent\" data-id=\"08ee899\" data-element_type=\"container\">\n\t\t\t\t\t<div class=\"e-con-inner\">\n\t\t\t\t<div class=\"elementor-element elementor-element-e8693ea elementor-widget elementor-widget-text-editor\" data-id=\"e8693ea\" data-element_type=\"widget\" data-widget_type=\"text-editor.default\">\n\t\t\t\t<div class=\"elementor-widget-container\">\n\t\t\t\t\t\t\t\t\t<p>Der Rechnungsbetrag ist sofort nach Rechnungserhalt netto ohne Abzug f\u00e4llig. Bei Zahlungsverzug werden Mahnspesen, Verzugszinsen und Inkassospesen verrechnet.<\/p>\t\t\t\t\t\t\t\t<\/div>\n\t\t\t\t<\/div>\n\t\t<div data-particle_enable=\"false\" data-particle-mobile-disabled=\"false\" class=\"elementor-element elementor-element-4528427 e-con-full e-flex e-con e-child\" data-id=\"4528427\" data-element_type=\"container\" data-settings=\"{&quot;background_background&quot;:&quot;classic&quot;}\">\n\t\t\t\t<div class=\"elementor-element elementor-element-ad2f23a elementor-widget__width-auto titlelayer elementor-widget elementor-widget-heading\" data-id=\"ad2f23a\" data-element_type=\"widget\" data-widget_type=\"heading.default\">\n\t\t\t\t<div class=\"elementor-widget-container\">\n\t\t\t\t\t<h2 class=\"elementor-heading-title elementor-size-default\">4. Storno und Terminverschiebungen\n<\/h2>\t\t\t\t<\/div>\n\t\t\t\t<\/div>\n\t\t\t\t<\/div>\n\t\t\t\t<div class=\"elementor-element elementor-element-f566e1e elementor-widget elementor-widget-text-editor\" data-id=\"f566e1e\" data-element_type=\"widget\" data-widget_type=\"text-editor.default\">\n\t\t\t\t<div class=\"elementor-widget-container\">\n\t\t\t\t\t\t\t\t\t<p>Stornierungen haben schriftlich zu erfolgen. Bei Stornierungen ab 14 Tagen vor Beginn der Qualifizierungsma\u00dfnahme werden 50% der Teilnahmegeb\u00fchr, bei Stornierungen ab 7 Tagen vor Beginn der Qualifizierungsma\u00dfnahme oder Nichtteilnahme die volle Teilnahmegeb\u00fchr in Rechnung gestellt.<\/p><p>Terminverschiebungen auf Kundenwunsch sind bis zu 24 Stunden vor Beginn der Qualifizierungsma\u00dfnahme ohne zus\u00e4tzliche Kosten m\u00f6glich. Findet die Verschiebung der Qualifizierungsma\u00dfnahme erst sp\u00e4ter statt, wird eine Aufwandsentsch\u00e4digung in H\u00f6he von einer Trainer*innenstunde an die Kund*innen verrechnet.<\/p>\t\t\t\t\t\t\t\t<\/div>\n\t\t\t\t<\/div>\n\t\t<div data-particle_enable=\"false\" data-particle-mobile-disabled=\"false\" class=\"elementor-element elementor-element-fa91c56 e-con-full e-flex e-con e-child\" data-id=\"fa91c56\" data-element_type=\"container\" data-settings=\"{&quot;background_background&quot;:&quot;classic&quot;}\">\n\t\t\t\t<div class=\"elementor-element elementor-element-6da231a elementor-widget__width-auto titlelayer elementor-widget elementor-widget-heading\" data-id=\"6da231a\" data-element_type=\"widget\" data-widget_type=\"heading.default\">\n\t\t\t\t<div class=\"elementor-widget-container\">\n\t\t\t\t\t<h2 class=\"elementor-heading-title elementor-size-default\">5. Haftung\n<\/h2>\t\t\t\t<\/div>\n\t\t\t\t<\/div>\n\t\t\t\t<div class=\"elementor-element elementor-element-0d3e102 elementor-widget elementor-widget-text-editor\" data-id=\"0d3e102\" data-element_type=\"widget\" data-widget_type=\"text-editor.default\">\n\t\t\t\t<div class=\"elementor-widget-container\">\n\t\t\t\t\t\t\t\t\t<p>Das SZF behaltet sich in begr\u00fcndeten Ausnahmef\u00e4llen das Recht vor, vereinbarte Qualifizierungsma\u00dfnahmen im Einvernehmen mit den Kund*innen zu verschieben, abzusagen oder zu unterbrechen. In diesem Fall werden eventuell bereits geleistete Zahlungen auf nicht erbrachte Leistungen zur\u00fcckerstattet. F\u00fcr mittelbare Sch\u00e4den, insbesondere f\u00fcr entgangenen Gewinn oder Anspr\u00fcche Dritter, wird nicht gehaftet.<\/p>\t\t\t\t\t\t\t\t<\/div>\n\t\t\t\t<\/div>\n\t\t\t\t<\/div>\n\t\t<div data-particle_enable=\"false\" data-particle-mobile-disabled=\"false\" class=\"elementor-element elementor-element-df14c3e e-con-full e-flex e-con e-child\" data-id=\"df14c3e\" data-element_type=\"container\" data-settings=\"{&quot;background_background&quot;:&quot;classic&quot;}\">\n\t\t\t\t<div class=\"elementor-element elementor-element-7283a75 elementor-widget__width-auto titlelayer elementor-widget elementor-widget-heading\" data-id=\"7283a75\" data-element_type=\"widget\" data-widget_type=\"heading.default\">\n\t\t\t\t<div class=\"elementor-widget-container\">\n\t\t\t\t\t<h2 class=\"elementor-heading-title elementor-size-default\">6. Gerichtsstand\n<\/h2>\t\t\t\t<\/div>\n\t\t\t\t<\/div>\n\t\t\t\t<div class=\"elementor-element elementor-element-50759df elementor-widget elementor-widget-text-editor\" data-id=\"50759df\" data-element_type=\"widget\" data-widget_type=\"text-editor.default\">\n\t\t\t\t<div class=\"elementor-widget-container\">\n\t\t\t\t\t\t\t\t\t<p>Es kommt ausschlie\u00dflich \u00d6sterreichisches Recht zur Anwendung, auch dann, wenn der Auftrag im Ausland ausgef\u00fchrt wird.<br \/>F\u00fcr eventuelle Streitigkeiten gilt die \u00f6rtliche Zust\u00e4ndigkeit des sachlich zust\u00e4ndigen Gerichtes f\u00fcr den Sitz des SZF als vereinbart. F\u00fcr Vereinbarungen mit Verbraucher*innen im Sinne des Konsumentenschutzgesetzes gelten die vorstehenden Bestimmungen nur insoweit, als das Konsumentenschutzgesetz nicht zwingend andere Bestimmungen vorsieht.<\/p>\t\t\t\t\t\t\t\t<\/div>\n\t\t\t\t<\/div>\n\t\t\t\t<\/div>\n\t\t\t\t\t<\/div>\n\t\t\t\t<\/div>\n\t\t\t\t<\/div>","protected":false},"excerpt":{"rendered":"<p>Allgemeine Gesch\u00e4ftsbedingungen Stand Juni 2021 1. Geltungsbereich S\u00e4mtliche Angebote f\u00fcr die Durchf\u00fchrung von Qualifizierungsma\u00dfnahmen, Seminarraumvermietung und die Planung und Durchf\u00fchrung von Veranstaltungen des Schulungszentrum Fohnsdorf, im Nachfolgenden kurz SZF genannt, erfolgen aufgrund dieser Allgemeinen Gesch\u00e4ftsbedingungen (AGB). Anderslautende Allgemeine Gesch\u00e4ftsbedingungen oder Abweichungen gelten nur infolge schriftlicher Anerkennung durch das SZF. 2. Vertragsabschluss und Anmeldungen Ein Vertrag [&hellip;]<\/p>","protected":false},"author":1,"featured_media":0,"parent":0,"menu_order":0,"comment_status":"closed","ping_status":"closed","template":"","meta":{"footnotes":""},"class_list":["post-5323","page","type-page","status-publish","hentry"],"_links":{"self":[{"href":"https:\/\/szf.at\/en\/wp-json\/wp\/v2\/pages\/5323","targetHints":{"allow":["GET"]}}],"collection":[{"href":"https:\/\/szf.at\/en\/wp-json\/wp\/v2\/pages"}],"about":[{"href":"https:\/\/szf.at\/en\/wp-json\/wp\/v2\/types\/page"}],"author":[{"embeddable":true,"href":"https:\/\/szf.at\/en\/wp-json\/wp\/v2\/users\/1"}],"replies":[{"embeddable":true,"href":"https:\/\/szf.at\/en\/wp-json\/wp\/v2\/comments?post=5323"}],"version-history":[{"count":11,"href":"https:\/\/szf.at\/en\/wp-json\/wp\/v2\/pages\/5323\/revisions"}],"predecessor-version":[{"id":6733,"href":"https:\/\/szf.at\/en\/wp-json\/wp\/v2\/pages\/5323\/revisions\/6733"}],"wp:attachment":[{"href":"https:\/\/szf.at\/en\/wp-json\/wp\/v2\/media?parent=5323"}],"curies":[{"name":"wp","href":"https:\/\/api.w.org\/{rel}","templated":true}]}}