{"id":9155,"date":"2025-07-17T19:10:23","date_gmt":"2025-07-17T19:10:23","guid":{"rendered":"https:\/\/szf.at\/?page_id=9155"},"modified":"2025-07-18T07:27:34","modified_gmt":"2025-07-18T07:27:34","slug":"barrierefreiheit","status":"publish","type":"page","link":"https:\/\/szf.at\/en\/barrierefreiheit\/","title":{"rendered":"Barrierefreiheit"},"content":{"rendered":"<div data-elementor-type=\"wp-page\" data-elementor-id=\"9155\" class=\"elementor elementor-9155\" data-elementor-post-type=\"page\">\n\t\t\t\t<div data-particle_enable=\"false\" data-particle-mobile-disabled=\"false\" class=\"elementor-element elementor-element-4b16850 e-con-full e-flex e-con e-parent\" data-id=\"4b16850\" data-element_type=\"container\" data-settings=\"{&quot;background_background&quot;:&quot;classic&quot;}\">\n\t\t<div data-particle_enable=\"false\" data-particle-mobile-disabled=\"false\" class=\"elementor-element elementor-element-d98aded e-con-full e-flex e-con e-child\" data-id=\"d98aded\" data-element_type=\"container\">\n\t\t<div data-particle_enable=\"false\" data-particle-mobile-disabled=\"false\" class=\"elementor-element elementor-element-ac7e9c7 e-con-full e-flex e-con e-child\" data-id=\"ac7e9c7\" data-element_type=\"container\" data-settings=\"{&quot;position&quot;:&quot;absolute&quot;}\">\n\t\t\t\t<\/div>\n\t\t\t\t<div class=\"elementor-element elementor-element-610de62 elementor-widget__width-initial elementor-widget elementor-widget-heading\" data-id=\"610de62\" data-element_type=\"widget\" data-widget_type=\"heading.default\">\n\t\t\t\t<div class=\"elementor-widget-container\">\n\t\t\t\t\t<h1 class=\"elementor-heading-title elementor-size-default\">Barrierefreiheit<\/h1>\t\t\t\t<\/div>\n\t\t\t\t<\/div>\n\t\t\t\t<\/div>\n\t\t\t\t<\/div>\n\t\t<div data-particle_enable=\"false\" data-particle-mobile-disabled=\"false\" class=\"elementor-element elementor-element-ffa6756 e-flex e-con-boxed e-con e-parent\" data-id=\"ffa6756\" data-element_type=\"container\" data-settings=\"{&quot;background_background&quot;:&quot;classic&quot;}\">\n\t\t\t\t\t<div class=\"e-con-inner\">\n\t\t\t\t<div class=\"elementor-element elementor-element-7c17535 elementor-widget__width-auto titlelayer elementor-widget elementor-widget-heading\" data-id=\"7c17535\" data-element_type=\"widget\" data-widget_type=\"heading.default\">\n\t\t\t\t<div class=\"elementor-widget-container\">\n\t\t\t\t\t<h2 class=\"elementor-heading-title elementor-size-default\">Barrierefreiheitserkl\u00e4rung<\/h2>\t\t\t\t<\/div>\n\t\t\t\t<\/div>\n\t\t\t\t\t<\/div>\n\t\t\t\t<\/div>\n\t\t<div data-particle_enable=\"false\" data-particle-mobile-disabled=\"false\" class=\"elementor-element elementor-element-16445e2 e-flex e-con-boxed e-con e-parent\" data-id=\"16445e2\" data-element_type=\"container\">\n\t\t\t\t\t<div class=\"e-con-inner\">\n\t\t\t\t<div class=\"elementor-element elementor-element-5df903f elementor-widget elementor-widget-text-editor\" data-id=\"5df903f\" data-element_type=\"widget\" data-widget_type=\"text-editor.default\">\n\t\t\t\t<div class=\"elementor-widget-container\">\n\t\t\t\t\t\t\t\t\t<p>Das Schulungszentrum Fohnsdorf ist bem\u00fcht, seine Website im Einklang mit dem <a href=\"https:\/\/www.ris.bka.gv.at\/GeltendeFassung.wxe?Abfrage=Bundesnormen&amp;Gesetzesnummer=20010727\" target=\"_blank\" rel=\"noopener\">Web-Zug\u00e4nglichkeits-Gesetz (WZG) idgF<\/a> und der <a href=\"https:\/\/eur-lex.europa.eu\/legal-content\/DE\/TXT\/?uri=CELEX:32016L2102\" target=\"_blank\" rel=\"noopener\">Richtlinie (EU) 2016\/2102<\/a> \u00fcber den barrierefreien Zugang zu den Websites und mobilen Anwendungen \u00f6ffentlicher Stellen barrierefrei zug\u00e4nglich zu machen.<\/p><h4>Stand der Vereinbarkeit mit den Anforderungen<\/h4><p><span style=\"font-weight: 400;\">Diese Website ist <\/span><b>teilweise<\/b><span style=\"font-weight: 400;\"> mit Konformit\u00e4tsstufe <\/span><b>AA<\/b><span style=\"font-weight: 400;\"> der <\/span><a href=\"https:\/\/www.w3.org\/TR\/WCAG22\/\" target=\"_blank\" rel=\"noopener\"><i><span style=\"font-weight: 400;\">Web Content Accessibility Guidelines (WCAG) 2.2<\/span><\/i><\/a><span style=\"font-weight: 400;\"> vereinbar. Die teilweise Vereinbarkeit ergibt sich aus den nachstehend aufgef\u00fchrten Punkten.<\/span><\/p><h4>Nicht barrierefreie Inhalte<\/h4><p><span style=\"font-weight: 400;\">Die nachstehend aufgef\u00fchrten Inhalte sind derzeit aus folgenden Gr\u00fcnden nicht barrierefrei:<\/span><\/p><ul><li style=\"font-weight: 400;\" aria-level=\"1\"><b>PDF-Dokumente<\/b><span style=\"font-weight: 400;\">: \u00c4ltere PDF-Dateien sind nicht barrierefrei. Neue Dokumente werden nach M\u00f6glichkeit in barrierefreier Version bereitgestellt.<\/span><\/li><li style=\"font-weight: 400;\" aria-level=\"1\"><b>Videos<\/b><span style=\"font-weight: 400;\">: Einige eingebettete Videos verf\u00fcgen \u00fcber keine Untertitel oder Audiodeskriptionen.<\/span><\/li><li style=\"font-weight: 400;\" aria-level=\"1\"><b>Formulare<\/b><span style=\"font-weight: 400;\">: Einzelne Online-Formulare sind nicht vollst\u00e4ndig mit der Tastatur bedienbar.<\/span><\/li><li style=\"font-weight: 400;\" aria-level=\"1\"><b>Farbkontraste<\/b><span style=\"font-weight: 400;\">: In bestimmten Design-Elementen sind die Farbkontraste noch nicht optimal umgesetzt.<\/span><\/li><\/ul><p><span style=\"font-weight: 400;\">Wir arbeiten laufend an der Verbesserung und barrierefreien Umsetzung dieser Inhalte.<\/span><\/p><h4>Erstellung dieser Erkl\u00e4rung<\/h4><p><span style=\"font-weight: 400;\">Diese Erkl\u00e4rung wurde am <\/span><b>18.07.2025 <\/b><span style=\"font-weight: 400;\">erstellt.<\/span><span style=\"font-weight: 400;\"><br \/><\/span><span style=\"font-weight: 400;\">Die Bewertung der Website erfolgte durch eine <\/span><b>Selbstbewertung unter Zuhilfenahme automatisierter Testtools<\/b><span style=\"font-weight: 400;\"> (Pagespeed). Letzte \u00dcberpr\u00fcfung: <\/span><b>18.07.2025<\/b><\/p><h4>Kontakt und Feedback<\/h4><p><span style=\"font-weight: 400;\">Wenn Ihnen Barrieren auf unserer Website auffallen, die nicht den Anforderungen der Barrierefreiheit entsprechen (z.\u202fB. Probleme mit der Tastaturbedienung, unverst\u00e4ndliche Inhalte, fehlende Alternativtexte), teilen Sie uns das bitte mit:<\/span><\/p><p><b>E-Mail:<\/b><span style=\"font-weight: 400;\"> website@szf.at<\/span><span style=\"font-weight: 400;\"><br \/><\/span><b>Telefon:<\/b><span style=\"font-weight: 400;\"> +43 3573 6060<\/span><span style=\"font-weight: 400;\"><br \/><\/span><span style=\"font-weight: 400;\">oder nutzen Sie unser <\/span><b>Kontaktformular<\/b><span style=\"font-weight: 400;\">.<\/span><\/p><p><span style=\"font-weight: 400;\">Wir bem\u00fchen uns, Ihre Anfrage innerhalb von <\/span><b>2 Wochen<\/b><span style=\"font-weight: 400;\"> zu beantworten.<\/span><\/p><h4>Durchsetzungsverfahren<\/h4><p><span style=\"font-weight: 400;\">Wenn Sie mit der Antwort aus oben genanntem Kontakt nicht zufrieden sind oder keine Antwort erhalten, k\u00f6nnen Sie sich an die <\/span><b>Beschwerdestelle f\u00fcr barrierefreie Informationstechnik<\/b><span style=\"font-weight: 400;\"> wenden:<\/span><\/p><p><b>Unabh\u00e4ngiger Behindertenanwalt \/ Schlichtungsstelle nach dem Bundes-Behindertengleichstellungsgesetz (BGStG)<\/b><b><br \/><\/b><b>E-Mail:<\/b><span style=\"font-weight: 400;\"> info@behindertenanwalt.gv.at<\/span><span style=\"font-weight: 400;\"><br \/><\/span><b>Web:<\/b><span style=\"font-weight: 400;\"> www.behindertenanwalt.gv.at<\/span><\/p><p><i><span style=\"font-weight: 400;\">Letzte Aktualisierung: 18.07.2025<\/span><\/i><\/p>\t\t\t\t\t\t\t\t<\/div>\n\t\t\t\t<\/div>\n\t\t\t\t\t<\/div>\n\t\t\t\t<\/div>\n\t\t\t\t<\/div>","protected":false},"excerpt":{"rendered":"<p>Barrierefreiheit Barrierefreiheitserkl\u00e4rung Das Schulungszentrum Fohnsdorf ist bem\u00fcht, seine Website im Einklang mit dem Web-Zug\u00e4nglichkeits-Gesetz (WZG) idgF und der Richtlinie (EU) 2016\/2102 \u00fcber den barrierefreien Zugang zu den Websites und mobilen Anwendungen \u00f6ffentlicher Stellen barrierefrei zug\u00e4nglich zu machen. Stand der Vereinbarkeit mit den Anforderungen Diese Website ist teilweise mit Konformit\u00e4tsstufe AA der Web Content Accessibility Guidelines [&hellip;]<\/p>","protected":false},"author":1,"featured_media":0,"parent":0,"menu_order":0,"comment_status":"closed","ping_status":"closed","template":"","meta":{"footnotes":""},"class_list":["post-9155","page","type-page","status-publish","hentry"],"_links":{"self":[{"href":"https:\/\/szf.at\/en\/wp-json\/wp\/v2\/pages\/9155","targetHints":{"allow":["GET"]}}],"collection":[{"href":"https:\/\/szf.at\/en\/wp-json\/wp\/v2\/pages"}],"about":[{"href":"https:\/\/szf.at\/en\/wp-json\/wp\/v2\/types\/page"}],"author":[{"embeddable":true,"href":"https:\/\/szf.at\/en\/wp-json\/wp\/v2\/users\/1"}],"replies":[{"embeddable":true,"href":"https:\/\/szf.at\/en\/wp-json\/wp\/v2\/comments?post=9155"}],"version-history":[{"count":10,"href":"https:\/\/szf.at\/en\/wp-json\/wp\/v2\/pages\/9155\/revisions"}],"predecessor-version":[{"id":9166,"href":"https:\/\/szf.at\/en\/wp-json\/wp\/v2\/pages\/9155\/revisions\/9166"}],"wp:attachment":[{"href":"https:\/\/szf.at\/en\/wp-json\/wp\/v2\/media?parent=9155"}],"curies":[{"name":"wp","href":"https:\/\/api.w.org\/{rel}","templated":true}]}}